{"id":1671,"date":"2025-05-05T00:38:38","date_gmt":"2025-05-05T03:38:38","guid":{"rendered":"https:\/\/pesquisa.ifg.edu.br\/sitelabea-lci\/?page_id=1671"},"modified":"2025-06-08T08:05:52","modified_gmt":"2025-06-08T11:05:52","slug":"secao-5","status":"publish","type":"page","link":"https:\/\/pesquisa.ifg.edu.br\/sitelabea-lci\/secao-5\/","title":{"rendered":"Se\u00e7\u00e3o 5"},"content":{"rendered":"\t\t<div data-elementor-type=\"wp-page\" data-elementor-id=\"1671\" class=\"elementor elementor-1671\">\n\t\t\t\t<div class=\"elementor-element elementor-element-831f7b6 e-flex e-con-boxed e-con e-parent\" data-id=\"831f7b6\" data-element_type=\"container\" data-e-type=\"container\">\n\t\t\t\t\t<div class=\"e-con-inner\">\n\t\t<div class=\"elementor-element elementor-element-ec39d2f e-con-full e-flex e-con e-child\" data-id=\"ec39d2f\" data-element_type=\"container\" data-e-type=\"container\">\n\t\t\t\t<div class=\"elementor-element elementor-element-05d55eb elementor-widget elementor-widget-heading\" data-id=\"05d55eb\" data-element_type=\"widget\" data-e-type=\"widget\" data-widget_type=\"heading.default\">\n\t\t\t\t<div class=\"elementor-widget-container\">\n\t\t\t\t\t<h3 class=\"elementor-heading-title elementor-size-default\">Estrutura das atividades - Pensamento Computacional<\/h3>\t\t\t\t<\/div>\n\t\t\t\t<\/div>\n\t\t\t\t<\/div>\n\t\t<div class=\"elementor-element elementor-element-f371f10 e-con-full e-flex e-con e-child\" data-id=\"f371f10\" data-element_type=\"container\" data-e-type=\"container\">\n\t\t\t\t<div class=\"elementor-element elementor-element-d5404d6 elementor-widget elementor-widget-text-editor\" data-id=\"d5404d6\" data-element_type=\"widget\" data-e-type=\"widget\" data-widget_type=\"text-editor.default\">\n\t\t\t\t<div class=\"elementor-widget-container\">\n\t\t\t\t\t\t\t\t\t<p><span style=\"font-family: Lato, sans-serif;font-weight: 400;font-style: normal\">O conceito de pensamento computacional \u00e9 definido como o processo de reconhecer aspectos computacionais no mundo ao nosso redor, bem como aplicar ferramentas e t\u00e9cnicas da ci\u00eancia da computa\u00e7\u00e3o para compreender, refletir e atuar sobre sistemas naturais, artificiais e seus respectivos processos (Royal Society, 2012<\/span><span style=\"font-family: Lato, sans-serif;font-weight: 400;font-style: normal\">). Nesse sentido, desenvolver o pensamento computacional com os estudantes do Proeja significa aprofundar o conhecimento e formar pensadores cr\u00edticos, capazes de refletir diante das Tecnologias Digitais da Informa\u00e7\u00e3o e Comunica\u00e7\u00e3o (TDICs), uma vez que esse processo envolve compreender princ\u00edpios que orientam seu funcionamento. <\/span><\/p>\n<p><span style=\"font-family: Lato, sans-serif;font-weight: 400;font-style: normal;color: #000000\">Nesta se\u00e7\u00e3o, apresenta-se uma estrutura que serve de base para a elabora\u00e7\u00e3o de atividades voltadas ao desenvolvimento de conte\u00fados relacionados&nbsp;<\/span><span style=\"font-family: Lato, sans-serif;font-weight: 400;font-style: normal;color: #000000\">ao&nbsp;<\/span><span style=\"font-family: Lato, sans-serif;font-style: normal;font-weight: 400\">pensamento computacional<\/span><span style=\"font-family: Lato, sans-serif;font-style: normal;font-weight: 400\">. Ressalta-se que esse processo te<\/span><span style=\"font-family: Lato, sans-serif;font-style: normal;font-weight: 400\">m in\u00edcio com a an\u00e1lise das respostas ao question\u00e1rio diagn\u00f3stico apresentado na&nbsp;<\/span><a style=\"font-family: Lato, sans-serif;font-style: normal;font-weight: 400;background-color: #ffffff\" href=\"https:\/\/pesquisa.ifg.edu.br\/sitelabea-lci\/secao-1\/\" target=\"_blank\" rel=\"noopener\">Se\u00e7\u00e3o 1<\/a><span style=\"font-family: Lato, sans-serif;font-style: normal;font-weight: 400\">. Com base nessa an\u00e1lise, as atividades s\u00e3o planejadas segundo a estrutura previamente proposta.&nbsp;<\/span><span style=\"font-family: Lato, sans-serif;font-style: normal;font-weight: 400\">A figura a seguir apresenta o fluxo l\u00f3gico das etapas para o desenvolvimento dos conte\u00fados relacionados&nbsp;<\/span><span style=\"font-family: Lato, sans-serif;font-style: normal;font-weight: 400\">ao pensamento computacional<\/span><span style=\"font-family: Lato, sans-serif;font-style: normal;font-weight: 400\">.<\/span><\/p>\t\t\t\t\t\t\t\t<\/div>\n\t\t\t\t<\/div>\n\t\t\t\t<\/div>\n\t\t<div class=\"elementor-element elementor-element-c47559f e-con-full e-flex e-con e-child\" data-id=\"c47559f\" data-element_type=\"container\" data-e-type=\"container\">\n\t\t\t\t<div class=\"elementor-element elementor-element-4c66937 elementor-widget elementor-widget-image\" data-id=\"4c66937\" data-element_type=\"widget\" data-e-type=\"widget\" data-widget_type=\"image.default\">\n\t\t\t\t<div class=\"elementor-widget-container\">\n\t\t\t\t\t\t\t\t\t\t\t\t\t\t\t<img fetchpriority=\"high\" decoding=\"async\" width=\"1024\" height=\"768\" src=\"https:\/\/pesquisa.ifg.edu.br\/sitelabea-lci\/wp-content\/uploads\/sites\/31\/2025\/05\/Pensamento-Computacional-Fluxo-continuo-de-aprendizagem.png\" class=\"attachment-full size-full wp-image-1741\" alt=\"\" srcset=\"https:\/\/pesquisa.ifg.edu.br\/sitelabea-lci\/wp-content\/uploads\/sites\/31\/2025\/05\/Pensamento-Computacional-Fluxo-continuo-de-aprendizagem.png 1024w, https:\/\/pesquisa.ifg.edu.br\/sitelabea-lci\/wp-content\/uploads\/sites\/31\/2025\/05\/Pensamento-Computacional-Fluxo-continuo-de-aprendizagem-300x225.png 300w, https:\/\/pesquisa.ifg.edu.br\/sitelabea-lci\/wp-content\/uploads\/sites\/31\/2025\/05\/Pensamento-Computacional-Fluxo-continuo-de-aprendizagem-768x576.png 768w, https:\/\/pesquisa.ifg.edu.br\/sitelabea-lci\/wp-content\/uploads\/sites\/31\/2025\/05\/Pensamento-Computacional-Fluxo-continuo-de-aprendizagem-285x214.png 285w\" sizes=\"(max-width: 1024px) 100vw, 1024px\" \/>\t\t\t\t\t\t\t\t\t\t\t\t\t\t\t<\/div>\n\t\t\t\t<\/div>\n\t\t\t\t<\/div>\n\t\t<div class=\"elementor-element elementor-element-11e36b9 e-con-full e-flex e-con e-child\" data-id=\"11e36b9\" data-element_type=\"container\" data-e-type=\"container\">\n\t\t\t\t<div class=\"elementor-element elementor-element-751ef37 elementor-widget elementor-widget-text-editor\" data-id=\"751ef37\" data-element_type=\"widget\" data-e-type=\"widget\" data-widget_type=\"text-editor.default\">\n\t\t\t\t<div class=\"elementor-widget-container\">\n\t\t\t\t\t\t\t\t\t<p><span style=\"color: #000000\">Essa estrutura representa as conex\u00f5es entre os elementos mentais ou cognitivos \u4e00 Pensamento Computacional<\/span><span style=\"color: #000000\">&nbsp;\u4e00 articulando as estrat\u00e9gias de letramento computacional com as pr\u00e1ticas cotidianas dos estudantes do Proeja. A partir dela, \u00e9 poss\u00edvel desenvolver pr\u00e1ticas pedag\u00f3gicas significativas e contextualizadas, que promovam tanto a integra\u00e7\u00e3o das estrat\u00e9gias quanto o preenchimento de lacunas em habilidades b\u00e1sicas essenciais.<\/span><\/p>\n<p style=\"font-weight: 400;font-style: normal;color: #000000\">Para facilitar o entendimento, foi criada uma atividade-exemplo para o desenvolvimento de conte\u00fados relacionados&nbsp;<span style=\"font-family: Lato, sans-serif;font-style: normal;font-weight: 400\">ao Pensamento Computacional<\/span>, considerando os dados dos estudantes do Proeja coletados durante a pesquisa realizada no curso T\u00e9cnico em Enfermagem do IFG \u2013 campus \u00c1guas Lindas -, especificamente durante as aulas da disciplina de Inform\u00e1tica B\u00e1sica II.&nbsp;<\/p>\n<p style=\"font-weight: 400;font-style: normal;color: #000000\">A figura a seguir apresenta a atividade-exemplo mencionada.<\/p>\t\t\t\t\t\t\t\t<\/div>\n\t\t\t\t<\/div>\n\t\t\t\t<div class=\"elementor-element elementor-element-9cc9478 elementor-widget__width-initial elementor-widget elementor-widget-image\" data-id=\"9cc9478\" data-element_type=\"widget\" data-e-type=\"widget\" data-widget_type=\"image.default\">\n\t\t\t\t<div class=\"elementor-widget-container\">\n\t\t\t\t\t\t\t\t\t\t\t\t\t\t\t<img decoding=\"async\" width=\"1414\" height=\"4000\" src=\"https:\/\/pesquisa.ifg.edu.br\/sitelabea-lci\/wp-content\/uploads\/sites\/31\/2025\/05\/Atividade-exemplo-Pensamento-Computacional.png\" class=\"attachment-full size-full wp-image-3138\" alt=\"\" srcset=\"https:\/\/pesquisa.ifg.edu.br\/sitelabea-lci\/wp-content\/uploads\/sites\/31\/2025\/05\/Atividade-exemplo-Pensamento-Computacional.png 1414w, https:\/\/pesquisa.ifg.edu.br\/sitelabea-lci\/wp-content\/uploads\/sites\/31\/2025\/05\/Atividade-exemplo-Pensamento-Computacional-106x300.png 106w, https:\/\/pesquisa.ifg.edu.br\/sitelabea-lci\/wp-content\/uploads\/sites\/31\/2025\/05\/Atividade-exemplo-Pensamento-Computacional-362x1024.png 362w, https:\/\/pesquisa.ifg.edu.br\/sitelabea-lci\/wp-content\/uploads\/sites\/31\/2025\/05\/Atividade-exemplo-Pensamento-Computacional-768x2173.png 768w, https:\/\/pesquisa.ifg.edu.br\/sitelabea-lci\/wp-content\/uploads\/sites\/31\/2025\/05\/Atividade-exemplo-Pensamento-Computacional-543x1536.png 543w, https:\/\/pesquisa.ifg.edu.br\/sitelabea-lci\/wp-content\/uploads\/sites\/31\/2025\/05\/Atividade-exemplo-Pensamento-Computacional-724x2048.png 724w\" sizes=\"(max-width: 1414px) 100vw, 1414px\" \/>\t\t\t\t\t\t\t\t\t\t\t\t\t\t\t<\/div>\n\t\t\t\t<\/div>\n\t\t\t\t<\/div>\n\t\t<div class=\"elementor-element elementor-element-5e3e9d2 e-grid e-con-full e-con e-child\" data-id=\"5e3e9d2\" data-element_type=\"container\" data-e-type=\"container\">\n\t\t\t\t<div class=\"elementor-element elementor-element-7324d6b elementor-align-center elementor-widget elementor-widget-button\" data-id=\"7324d6b\" data-element_type=\"widget\" data-e-type=\"widget\" data-widget_type=\"button.default\">\n\t\t\t\t<div class=\"elementor-widget-container\">\n\t\t\t\t\t\t\t\t\t<div class=\"elementor-button-wrapper\">\n\t\t\t\t\t<a class=\"elementor-button elementor-button-link elementor-size-sm\" href=\"https:\/\/pesquisa.ifg.edu.br\/sitelabea-lci\/secao-4\/\">\n\t\t\t\t\t\t<span class=\"elementor-button-content-wrapper\">\n\t\t\t\t\t\t\t\t\t<span class=\"elementor-button-text\">Se\u00e7\u00e3o Anterior<\/span>\n\t\t\t\t\t<\/span>\n\t\t\t\t\t<\/a>\n\t\t\t\t<\/div>\n\t\t\t\t\t\t\t\t<\/div>\n\t\t\t\t<\/div>\n\t\t\t\t<div class=\"elementor-element elementor-element-677e2a9 elementor-align-center elementor-widget elementor-widget-button\" data-id=\"677e2a9\" data-element_type=\"widget\" data-e-type=\"widget\" data-widget_type=\"button.default\">\n\t\t\t\t<div class=\"elementor-widget-container\">\n\t\t\t\t\t\t\t\t\t<div class=\"elementor-button-wrapper\">\n\t\t\t\t\t<a class=\"elementor-button elementor-button-link elementor-size-sm\" href=\"https:\/\/pesquisa.ifg.edu.br\/sitelabea-lci\/secao-6-2\/\">\n\t\t\t\t\t\t<span class=\"elementor-button-content-wrapper\">\n\t\t\t\t\t\t\t\t\t<span class=\"elementor-button-text\">Pr\u00f3xima Se\u00e7\u00e3o<\/span>\n\t\t\t\t\t<\/span>\n\t\t\t\t\t<\/a>\n\t\t\t\t<\/div>\n\t\t\t\t\t\t\t\t<\/div>\n\t\t\t\t<\/div>\n\t\t\t\t<\/div>\n\t\t<div class=\"elementor-element elementor-element-7291508 e-con-full e-flex e-con e-child\" data-id=\"7291508\" data-element_type=\"container\" data-e-type=\"container\">\n\t\t\t\t<div class=\"elementor-element elementor-element-ea2eac5 elementor-widget elementor-widget-wp-widget-pages\" data-id=\"ea2eac5\" data-element_type=\"widget\" data-e-type=\"widget\" data-widget_type=\"wp-widget-pages.default\">\n\t\t\t\t<div class=\"elementor-widget-container\">\n\t\t\t\t\t<h5>P\u00e1ginas<\/h5>\n\t\t\t<ul>\n\t\t\t\t<li class=\"page_item page-item-1392\"><a href=\"https:\/\/pesquisa.ifg.edu.br\/sitelabea-lci\/inicial\/\">P\u00e1gina inicial<\/a><\/li>\n<li class=\"page_item page-item-1481\"><a href=\"https:\/\/pesquisa.ifg.edu.br\/sitelabea-lci\/secao-1\/\">Se\u00e7\u00e3o 1<\/a><\/li>\n<li class=\"page_item page-item-1506\"><a href=\"https:\/\/pesquisa.ifg.edu.br\/sitelabea-lci\/secao-2\/\">Se\u00e7\u00e3o 2<\/a><\/li>\n<li class=\"page_item page-item-1551\"><a href=\"https:\/\/pesquisa.ifg.edu.br\/sitelabea-lci\/secao-3\/\">Se\u00e7\u00e3o 3<\/a><\/li>\n<li class=\"page_item page-item-1657\"><a href=\"https:\/\/pesquisa.ifg.edu.br\/sitelabea-lci\/secao-4\/\">Se\u00e7\u00e3o 4<\/a><\/li>\n<li class=\"page_item page-item-1671\"><a href=\"https:\/\/pesquisa.ifg.edu.br\/sitelabea-lci\/secao-5\/\">Se\u00e7\u00e3o 5<\/a><\/li>\n<li class=\"page_item page-item-2685\"><a href=\"https:\/\/pesquisa.ifg.edu.br\/sitelabea-lci\/secao-6-2\/\">Se\u00e7\u00e3o 6<\/a><\/li>\n<li class=\"page_item page-item-1764\"><a href=\"https:\/\/pesquisa.ifg.edu.br\/sitelabea-lci\/secao-7\/\">Se\u00e7\u00e3o 7<\/a><\/li>\n\t\t\t<\/ul>\n\n\t\t\t\t\t\t\t<\/div>\n\t\t\t\t<\/div>\n\t\t\t\t<\/div>\n\t\t\t\t\t<\/div>\n\t\t\t\t<\/div>\n\t\t\t\t<\/div>\n\t\t","protected":false},"excerpt":{"rendered":"<p>Estrutura das atividades &#8211; Pensamento Computacional O conceito de pensamento computacional \u00e9 definido como o processo de reconhecer aspectos computacionais no mundo ao nosso redor, bem como aplicar ferramentas e t\u00e9cnicas da ci\u00eancia da computa\u00e7\u00e3o para compreender, refletir e atuar sobre sistemas naturais, artificiais e seus respectivos processos (Royal Society, 2012). Nesse sentido, desenvolver o <a href=\"https:\/\/pesquisa.ifg.edu.br\/sitelabea-lci\/secao-5\/\" rel=\"nofollow\"><span class=\"sr-only\">Leia mais sobreSe\u00e7\u00e3o 5<\/span>[&hellip;]<\/a><\/p>\n","protected":false},"author":95,"featured_media":0,"parent":0,"menu_order":0,"comment_status":"closed","ping_status":"closed","template":"","meta":{"_monsterinsights_skip_tracking":false,"_monsterinsights_sitenote_active":false,"_monsterinsights_sitenote_note":"","_monsterinsights_sitenote_category":0,"footnotes":""},"class_list":["post-1671","page","type-page","status-publish","hentry"],"_links":{"self":[{"href":"https:\/\/pesquisa.ifg.edu.br\/sitelabea-lci\/wp-json\/wp\/v2\/pages\/1671"}],"collection":[{"href":"https:\/\/pesquisa.ifg.edu.br\/sitelabea-lci\/wp-json\/wp\/v2\/pages"}],"about":[{"href":"https:\/\/pesquisa.ifg.edu.br\/sitelabea-lci\/wp-json\/wp\/v2\/types\/page"}],"author":[{"embeddable":true,"href":"https:\/\/pesquisa.ifg.edu.br\/sitelabea-lci\/wp-json\/wp\/v2\/users\/95"}],"replies":[{"embeddable":true,"href":"https:\/\/pesquisa.ifg.edu.br\/sitelabea-lci\/wp-json\/wp\/v2\/comments?post=1671"}],"version-history":[{"count":94,"href":"https:\/\/pesquisa.ifg.edu.br\/sitelabea-lci\/wp-json\/wp\/v2\/pages\/1671\/revisions"}],"predecessor-version":[{"id":3267,"href":"https:\/\/pesquisa.ifg.edu.br\/sitelabea-lci\/wp-json\/wp\/v2\/pages\/1671\/revisions\/3267"}],"wp:attachment":[{"href":"https:\/\/pesquisa.ifg.edu.br\/sitelabea-lci\/wp-json\/wp\/v2\/media?parent=1671"}],"curies":[{"name":"wp","href":"https:\/\/api.w.org\/{rel}","templated":true}]}}