{"id":48,"date":"2017-02-23T15:02:09","date_gmt":"2017-02-23T18:02:09","guid":{"rendered":"http:\/\/pesquisa.ifg.edu.br\/sempic\/?page_id=48"},"modified":"2017-02-23T18:35:00","modified_gmt":"2017-02-23T21:35:00","slug":"noticias","status":"publish","type":"page","link":"https:\/\/pesquisa.ifg.edu.br\/sempic\/noticias\/","title":{"rendered":"Not\u00edcias"},"content":{"rendered":"<p>Nesta p\u00e1gina est\u00e3o reunidas as mat\u00e9rias divulgadas a respeito do SEMPIC 2017 no site do C\u00e2mpus \u00c1guas Lindas (<a href=\"http:\/\/www.aguaslindas.ifg.edu.br\">www.aguaslindas.ifg.edu.br<\/a>).<\/p>\n<p><span class=\"createdate\">Qui, 02\/02\/2017 &#8211; <a href=\"http:\/\/ifg.edu.br\/aguaslindas\/index.php\/component\/content\/article\/1-latest-news\/2763-iniciacao-cientifica\"><strong>Abertas as inscri\u00e7\u00f5es para o I Semin\u00e1rio de Pesquisa e Inicia\u00e7\u00e3o Cient\u00edfica do C\u00e2mpus \u00c1guas Lindas<\/strong><\/a><br \/>\n<\/span><\/p>\n<p><span class=\"createdate\">Sex, 17\/02\/2017 &#8211; <a href=\"http:\/\/ifg.edu.br\/aguaslindas\/index.php\/component\/content\/article\/1-latest-news\/2779-pesquisa\"><strong>Abertas as inscri\u00e7\u00f5es para participa\u00e7\u00e3o no I Semin\u00e1rio de Pesquisa e Inicia\u00e7\u00e3o Cient\u00edfica do C\u00e2mpus \u00c1guas Lindas<\/strong><\/a><br \/>\n<\/span><\/p>\n<p><span class=\"createdate\">Qui, 23\/02\/2017 <\/span>&#8211; <a href=\"http:\/\/ifg.edu.br\/aguaslindas\/index.php\/component\/content\/article\/1-latest-news\/2784-pesquisa\"><strong>Resultados e novas proposi\u00e7\u00f5es de pesquisa s\u00e3o apresentadas no SEMPIC 2017<\/strong><\/a><\/p>\n<p>&nbsp;<\/p>\n","protected":false},"excerpt":{"rendered":"<p>Nesta p\u00e1gina est\u00e3o reunidas as mat\u00e9rias divulgadas a respeito do SEMPIC 2017 no site do C\u00e2mpus \u00c1guas Lindas (www.aguaslindas.ifg.edu.br). Qui, 02\/02\/2017 &#8211; Abertas as inscri\u00e7\u00f5es para o I Semin\u00e1rio de Pesquisa e Inicia\u00e7\u00e3o Cient\u00edfica do C\u00e2mpus \u00c1guas Lindas Sex, 17\/02\/2017 &#8211; Abertas as inscri\u00e7\u00f5es para participa\u00e7\u00e3o no I Semin\u00e1rio de Pesquisa e Inicia\u00e7\u00e3o Cient\u00edfica do [&hellip;]<\/p>\n","protected":false},"author":13,"featured_media":0,"parent":0,"menu_order":0,"comment_status":"closed","ping_status":"closed","template":"","meta":{"_monsterinsights_skip_tracking":false,"_monsterinsights_sitenote_active":false,"_monsterinsights_sitenote_note":"","_monsterinsights_sitenote_category":0,"footnotes":""},"class_list":["post-48","page","type-page","status-publish","hentry"],"_links":{"self":[{"href":"https:\/\/pesquisa.ifg.edu.br\/sempic\/wp-json\/wp\/v2\/pages\/48"}],"collection":[{"href":"https:\/\/pesquisa.ifg.edu.br\/sempic\/wp-json\/wp\/v2\/pages"}],"about":[{"href":"https:\/\/pesquisa.ifg.edu.br\/sempic\/wp-json\/wp\/v2\/types\/page"}],"author":[{"embeddable":true,"href":"https:\/\/pesquisa.ifg.edu.br\/sempic\/wp-json\/wp\/v2\/users\/13"}],"replies":[{"embeddable":true,"href":"https:\/\/pesquisa.ifg.edu.br\/sempic\/wp-json\/wp\/v2\/comments?post=48"}],"version-history":[{"count":5,"href":"https:\/\/pesquisa.ifg.edu.br\/sempic\/wp-json\/wp\/v2\/pages\/48\/revisions"}],"predecessor-version":[{"id":54,"href":"https:\/\/pesquisa.ifg.edu.br\/sempic\/wp-json\/wp\/v2\/pages\/48\/revisions\/54"}],"wp:attachment":[{"href":"https:\/\/pesquisa.ifg.edu.br\/sempic\/wp-json\/wp\/v2\/media?parent=48"}],"curies":[{"name":"wp","href":"https:\/\/api.w.org\/{rel}","templated":true}]}}