{"id":41,"date":"2017-02-20T18:23:53","date_gmt":"2017-02-20T21:23:53","guid":{"rendered":"http:\/\/pesquisa.ifg.edu.br\/sempic\/?page_id=41"},"modified":"2017-02-20T18:23:53","modified_gmt":"2017-02-20T21:23:53","slug":"inscricoes","status":"publish","type":"page","link":"https:\/\/pesquisa.ifg.edu.br\/sempic\/inscricoes\/","title":{"rendered":"Inscri\u00e7\u00f5es"},"content":{"rendered":"<p><strong>Abertas as inscri\u00e7\u00f5es para participa\u00e7\u00e3o no I Semin\u00e1rio de Pesquisa e Inicia\u00e7\u00e3o Cient\u00edfica do C\u00e2mpus \u00c1guas Lindas<\/strong><\/p>\n<p>Est\u00e3o abertas as inscri\u00e7\u00f5es para o I Semin\u00e1rio de Pesquisa e Inicia\u00e7\u00e3o Cient\u00edfica do C\u00e2mpus \u00c1guas Lindas. O evento contar\u00e1 com a apresenta\u00e7\u00e3o de trabalhos de PIBIC-EM j\u00e1 finalizados ou em andamento, como tamb\u00e9m com Propostas de Pesquisa a serem implementadas no C\u00e2mpus.<\/p>\n<p>A organiza\u00e7\u00e3o do evento ressalta que s\u00f3 ser\u00e1 certificado o estudante devidamente inscrito na respectiva atividade. As inscri\u00e7\u00f5es podem ser realizadas at\u00e9 o dia do evento, por meio do link <a href=\"https:\/\/goo.gl\/anUPI4\">https:\/\/goo.gl\/anUPI4<\/a>, e as vagas s\u00e3o limitadas.<\/p>\n","protected":false},"excerpt":{"rendered":"<p>Abertas as inscri\u00e7\u00f5es para participa\u00e7\u00e3o no I Semin\u00e1rio de Pesquisa e Inicia\u00e7\u00e3o Cient\u00edfica do C\u00e2mpus \u00c1guas Lindas Est\u00e3o abertas as inscri\u00e7\u00f5es para o I Semin\u00e1rio de Pesquisa e Inicia\u00e7\u00e3o Cient\u00edfica do C\u00e2mpus \u00c1guas Lindas. O evento contar\u00e1 com a apresenta\u00e7\u00e3o de trabalhos de PIBIC-EM j\u00e1 finalizados ou em andamento, como tamb\u00e9m com Propostas de Pesquisa [&hellip;]<\/p>\n","protected":false},"author":13,"featured_media":0,"parent":0,"menu_order":0,"comment_status":"closed","ping_status":"closed","template":"","meta":{"_monsterinsights_skip_tracking":false,"_monsterinsights_sitenote_active":false,"_monsterinsights_sitenote_note":"","_monsterinsights_sitenote_category":0,"footnotes":""},"class_list":["post-41","page","type-page","status-publish","hentry"],"_links":{"self":[{"href":"https:\/\/pesquisa.ifg.edu.br\/sempic\/wp-json\/wp\/v2\/pages\/41"}],"collection":[{"href":"https:\/\/pesquisa.ifg.edu.br\/sempic\/wp-json\/wp\/v2\/pages"}],"about":[{"href":"https:\/\/pesquisa.ifg.edu.br\/sempic\/wp-json\/wp\/v2\/types\/page"}],"author":[{"embeddable":true,"href":"https:\/\/pesquisa.ifg.edu.br\/sempic\/wp-json\/wp\/v2\/users\/13"}],"replies":[{"embeddable":true,"href":"https:\/\/pesquisa.ifg.edu.br\/sempic\/wp-json\/wp\/v2\/comments?post=41"}],"version-history":[{"count":1,"href":"https:\/\/pesquisa.ifg.edu.br\/sempic\/wp-json\/wp\/v2\/pages\/41\/revisions"}],"predecessor-version":[{"id":42,"href":"https:\/\/pesquisa.ifg.edu.br\/sempic\/wp-json\/wp\/v2\/pages\/41\/revisions\/42"}],"wp:attachment":[{"href":"https:\/\/pesquisa.ifg.edu.br\/sempic\/wp-json\/wp\/v2\/media?parent=41"}],"curies":[{"name":"wp","href":"https:\/\/api.w.org\/{rel}","templated":true}]}}