{"id":37,"date":"2017-02-20T18:14:22","date_gmt":"2017-02-20T21:14:22","guid":{"rendered":"http:\/\/pesquisa.ifg.edu.br\/sempic\/?page_id=37"},"modified":"2017-02-20T18:14:22","modified_gmt":"2017-02-20T21:14:22","slug":"sala-04","status":"publish","type":"page","link":"https:\/\/pesquisa.ifg.edu.br\/sempic\/programacao\/sala-04\/","title":{"rendered":"Sala 04"},"content":{"rendered":"<p><strong><u>17h: <\/u><\/strong><u>A din\u00e2mica da comercializa\u00e7\u00e3o e do uso de plantas medicinais e plantas aliment\u00edcias n\u00e3o-convencionais (PANCS) no munic\u00edpio de \u00c1guas Lindas de Goi\u00e1s-GO.<br \/>\n<\/u><strong>Pesquisadores: <\/strong>Prof. Me. Rodrigo Marciel Soares Dutra, Prof.\u00aaMa. Juliana Pfrimer Capuzzo, Prof.\u00aa Esp. Lara Patr\u00edcia de Lima Cavalcante, Prof. Dr. Rafael de Melo Monteiro, Prof.\u00aa Esp. Aline Alves de Almeida, Prof. Dr. F\u00e1bio Teixeira Kuhn, Prof. Esp. Dirceu Luiz Hermann, Prof.\u00aa Dra. Fernanda Keley Silva Pereira Navarro, Prof. Me. Joaquim Pedro Ribeiro Vasconcelos<br \/>\n<strong>Mesa Avaliadora: <\/strong>Prof.\u00aa Dra. Mariana Magalh\u00e3es de N\u00f3brega; Prof.\u00aaMa. Patr\u00edcia Nunes Silva<\/p>\n<p><strong><u>17h30<\/u><\/strong><u>: Epidemiologia dos transtornos neuropsiqui\u00e1trico em idosos brasileiros.<br \/>\n<\/u><strong>Orientadora:<\/strong>Prof.\u00aa Dra. Danielly Bandeira Lopes<br \/>\n<strong>Pesquisadora: <\/strong>Daniela Oliveira Mesquita<br \/>\n<strong>Mesa Avaliadora: <\/strong>Prof.\u00aa Dra. Mariana Magalh\u00e3es de N\u00f3brega; Prof.\u00aaMa. Patr\u00edcia Nunes Silva<\/p>\n<p><strong><u>18h<\/u><\/strong><u>: Perfil sociodemogr\u00e1fico, nutricional e de sa\u00fade de adolescentes estudantes em um Instituto Federal.<br \/>\n<\/u><strong>Orientadora: <\/strong>Prof.\u00aa Dra. Danielly Bandeira Lopes<br \/>\n<strong>Pesquisadora: <\/strong>Isdriene Let\u00edcia Santos Moreira<br \/>\n<strong>Mesa Avaliadora:<\/strong>Prof.\u00aa Dra. Mariana Magalh\u00e3es de N\u00f3brega; Prof.\u00aaMa. Patr\u00edcia Nunes Silva<\/p>\n<p><strong><u>18h30<\/u><\/strong><u>: Preval\u00eancia de transtornos mentais em adolescentes brasileiros.<br \/>\n<\/u><strong>Orientadora: <\/strong>Prof.\u00aa Dra. Danielly Bandeira Lopes<br \/>\n<strong>Pesquisadora: <\/strong>Amanda Let\u00edcia Sipa\u00faba Dias<br \/>\n<strong>Mesa Avaliadora: <\/strong>Prof.\u00aaMa. Patr\u00edcia Nunes Silva; Prof. Me. Willian Batista dos Santos<\/p>\n<p><strong><u>19h<\/u><\/strong><u>: A educa\u00e7\u00e3o em sa\u00fade como ferramenta estrat\u00e9gica no desenvolvimento de a\u00e7\u00f5es de preven\u00e7\u00e3o da transmiss\u00e3o do HIV.<br \/>\n<\/u><strong>Orientadoras: <\/strong>Prof.\u00aa Dra.Mariana Magalh\u00e3es N\u00f3brega e Prof.\u00aaMa. Patr\u00edcia Silva Nunes<br \/>\n<strong>Pesquisadores: <\/strong>Felipe Bittencourt Pires Ramos, Isabella Moreira Carvalho e Wallace Pinto da Silva Filho<br \/>\n<strong>Mesa Avaliadora: <\/strong>Prof. Dr. F\u00e1bio Teixeira Kuhn; Prof. Dr. Rafael de Melo Monteiro<\/p>\n<p><strong><u>19h30:<\/u><\/strong><u> A rela\u00e7\u00e3o com o saber na disciplina de Educa\u00e7\u00e3o F\u00edsica, pelos estudantes do primeiro e segundo ano dos Cursos T\u00e9cnicos Integrados ao Ensino M\u00e9dio em Tempo Integral do IFG &#8211; C\u00e2mpus \u00c1guas Lindas.<br \/>\n<\/u><strong>Orientadora: <\/strong>Prof.\u00aaMa. Ana J\u00falia Rodrigues de Castro<br \/>\n<strong>Pesquisador: <\/strong>Henrique Rodrigues da Concei\u00e7\u00e3o<br \/>\n<strong>Mesa Avaliadora: <\/strong>Prof. Me. Willian Batista dos Santos<\/p>\n","protected":false},"excerpt":{"rendered":"<p>17h: A din\u00e2mica da comercializa\u00e7\u00e3o e do uso de plantas medicinais e plantas aliment\u00edcias n\u00e3o-convencionais (PANCS) no munic\u00edpio de \u00c1guas Lindas de Goi\u00e1s-GO. Pesquisadores: Prof. Me. Rodrigo Marciel Soares Dutra, Prof.\u00aaMa. Juliana Pfrimer Capuzzo, Prof.\u00aa Esp. Lara Patr\u00edcia de Lima Cavalcante, Prof. Dr. Rafael de Melo Monteiro, Prof.\u00aa Esp. Aline Alves de Almeida, Prof. Dr. [&hellip;]<\/p>\n","protected":false},"author":13,"featured_media":0,"parent":16,"menu_order":0,"comment_status":"closed","ping_status":"closed","template":"","meta":{"_monsterinsights_skip_tracking":false,"_monsterinsights_sitenote_active":false,"_monsterinsights_sitenote_note":"","_monsterinsights_sitenote_category":0,"footnotes":""},"class_list":["post-37","page","type-page","status-publish","hentry"],"_links":{"self":[{"href":"https:\/\/pesquisa.ifg.edu.br\/sempic\/wp-json\/wp\/v2\/pages\/37"}],"collection":[{"href":"https:\/\/pesquisa.ifg.edu.br\/sempic\/wp-json\/wp\/v2\/pages"}],"about":[{"href":"https:\/\/pesquisa.ifg.edu.br\/sempic\/wp-json\/wp\/v2\/types\/page"}],"author":[{"embeddable":true,"href":"https:\/\/pesquisa.ifg.edu.br\/sempic\/wp-json\/wp\/v2\/users\/13"}],"replies":[{"embeddable":true,"href":"https:\/\/pesquisa.ifg.edu.br\/sempic\/wp-json\/wp\/v2\/comments?post=37"}],"version-history":[{"count":1,"href":"https:\/\/pesquisa.ifg.edu.br\/sempic\/wp-json\/wp\/v2\/pages\/37\/revisions"}],"predecessor-version":[{"id":38,"href":"https:\/\/pesquisa.ifg.edu.br\/sempic\/wp-json\/wp\/v2\/pages\/37\/revisions\/38"}],"up":[{"embeddable":true,"href":"https:\/\/pesquisa.ifg.edu.br\/sempic\/wp-json\/wp\/v2\/pages\/16"}],"wp:attachment":[{"href":"https:\/\/pesquisa.ifg.edu.br\/sempic\/wp-json\/wp\/v2\/media?parent=37"}],"curies":[{"name":"wp","href":"https:\/\/api.w.org\/{rel}","templated":true}]}}