{"id":35,"date":"2017-02-20T18:12:09","date_gmt":"2017-02-20T21:12:09","guid":{"rendered":"http:\/\/pesquisa.ifg.edu.br\/sempic\/?page_id=35"},"modified":"2017-02-20T18:12:09","modified_gmt":"2017-02-20T21:12:09","slug":"sala-03","status":"publish","type":"page","link":"https:\/\/pesquisa.ifg.edu.br\/sempic\/programacao\/sala-03\/","title":{"rendered":"Sala 03"},"content":{"rendered":"<p><strong><u>17h<\/u><\/strong><u>: O acesso ao Ensino M\u00e9dio e T\u00e9cnico por meio das cotas: uma vis\u00e3o atrav\u00e9s da percep\u00e7\u00e3o dos alunos.<\/u><br \/>\n<strong>Orientadora: <\/strong>Ma.Carla Adriana Oliveira Silva<br \/>\n<strong>Pesquisadora: <\/strong>Yasmin Ymelly Assun\u00e7\u00e3o Pitombeira<br \/>\n<strong>Mesa Avaliadora: <\/strong>Prof. Dr. Rafael de Melo Monteiro; Prof. Esp. Abilio de Jesus Carrascal<\/p>\n<p><strong><u>17h30<\/u><\/strong><u>: \u201cStalkeando\u201d a revista da gatinha: uma an\u00e1lise sobre corpo e juventude na revista capricho.<br \/>\n<\/u><strong>Orientadora: <\/strong>Prof.\u00aaMa. Ana J\u00falia Rodrigues Carvalho<br \/>\n<strong>Pesquisadoras: <\/strong>Rebecca Ribeiro da Silva e Waldin\u00e9ia Menezes de Almeida<br \/>\n<strong>Mesa Avaliadora: <\/strong>Prof. Me. Willian Batista dos Santos; Prof. Esp. Abilio de Jesus Carrascal<\/p>\n<p><strong><u>18h<\/u><\/strong><u>: A experi\u00eancia com o lazer dos jovens da comunidade ifgeana aguaslindense.<br \/>\n<\/u><strong>Orientadora: <\/strong>Prof.\u00aaMa. Ana J\u00falia Rodrigues Carvalho<br \/>\n<strong>Pesquisadora: <\/strong>Waldin\u00e9ia Menezes de Almeida e Rebecca Ribeiro da Silva<br \/>\n<strong>Mesa Avaliadora: <\/strong>Prof. Me. Willian Batista dos Santos; Prof. Esp. Abilio de Jesus Carrascal<\/p>\n<p><strong><u>18h30<\/u><\/strong><u>: Goi\u00e1s \u00e9 casa de morar literatura: investiga\u00e7\u00e3o de arte, cultura e histo\u0301ria goiana em Bernardo E\u0301lis e Godoy Garcia.<br \/>\n<\/u><strong>Orientadora:<\/strong>Prof.\u00aaMa. Ana Clara Magalh\u00e3es de Medeiros<br \/>\n<strong>Pesquisadores: <\/strong>Walisson Caxias da Silva, Matheus Ribeiro de Souza e Dalila Moura Campos<br \/>\n<strong>Mesa Avaliadora: <\/strong>Prof. Dr. Rafael de Melo Monteiro; Prof. Esp. Abilio de Jesus Carrascal<\/p>\n<p><strong><u>19h<\/u><\/strong><u>: A representa\u00e7\u00e3o de sa\u00fade da comunidade discente do C\u00e2mpus IFG \u00c1guas Lindas de Goi\u00e1s: avan\u00e7os ou retrocessos?<br \/>\n<\/u><strong>Orientadora: <\/strong>Prof.\u00aaMa. Ana J\u00falia Rodrigues de Carvalho<br \/>\n<strong>Pesquisadoras: <\/strong>Amanda Morais da Silva, Renatha Suellen Martins Sousa e Michele Barros de Vasconcelos<br \/>\n<strong>Mesa Avaliadora: <\/strong>Prof. Esp. Thiago Anuncia\u00e7\u00e3o Rezende<br \/>\n<u><\/u><\/p>\n<p><strong><u>19h30<\/u><\/strong><u>: Rela\u00e7\u00f5es l\u00edquidas interpessoais e amorosas nas redes sociais entre adolescentes do terceiro mil\u00eanio.<br \/>\n<\/u><strong>Orientadora: <\/strong>Prof.\u00aaMa. Ana Clara Magalh\u00e3es de Medeiros<br \/>\n<strong>Pesquisadora: <\/strong>Michelly Ferreira Nunes<br \/>\n<strong>Mesa Avaliadora: <\/strong>Prof. Dr. Rafael de Melo Monteiro; Prof. Esp. Abilio de Jesus Carrascal<\/p>\n","protected":false},"excerpt":{"rendered":"<p>17h: O acesso ao Ensino M\u00e9dio e T\u00e9cnico por meio das cotas: uma vis\u00e3o atrav\u00e9s da percep\u00e7\u00e3o dos alunos. Orientadora: Ma.Carla Adriana Oliveira Silva Pesquisadora: Yasmin Ymelly Assun\u00e7\u00e3o Pitombeira Mesa Avaliadora: Prof. Dr. Rafael de Melo Monteiro; Prof. Esp. Abilio de Jesus Carrascal 17h30: \u201cStalkeando\u201d a revista da gatinha: uma an\u00e1lise sobre corpo e juventude [&hellip;]<\/p>\n","protected":false},"author":13,"featured_media":0,"parent":16,"menu_order":0,"comment_status":"closed","ping_status":"closed","template":"","meta":{"_monsterinsights_skip_tracking":false,"_monsterinsights_sitenote_active":false,"_monsterinsights_sitenote_note":"","_monsterinsights_sitenote_category":0,"footnotes":""},"class_list":["post-35","page","type-page","status-publish","hentry"],"_links":{"self":[{"href":"https:\/\/pesquisa.ifg.edu.br\/sempic\/wp-json\/wp\/v2\/pages\/35"}],"collection":[{"href":"https:\/\/pesquisa.ifg.edu.br\/sempic\/wp-json\/wp\/v2\/pages"}],"about":[{"href":"https:\/\/pesquisa.ifg.edu.br\/sempic\/wp-json\/wp\/v2\/types\/page"}],"author":[{"embeddable":true,"href":"https:\/\/pesquisa.ifg.edu.br\/sempic\/wp-json\/wp\/v2\/users\/13"}],"replies":[{"embeddable":true,"href":"https:\/\/pesquisa.ifg.edu.br\/sempic\/wp-json\/wp\/v2\/comments?post=35"}],"version-history":[{"count":1,"href":"https:\/\/pesquisa.ifg.edu.br\/sempic\/wp-json\/wp\/v2\/pages\/35\/revisions"}],"predecessor-version":[{"id":36,"href":"https:\/\/pesquisa.ifg.edu.br\/sempic\/wp-json\/wp\/v2\/pages\/35\/revisions\/36"}],"up":[{"embeddable":true,"href":"https:\/\/pesquisa.ifg.edu.br\/sempic\/wp-json\/wp\/v2\/pages\/16"}],"wp:attachment":[{"href":"https:\/\/pesquisa.ifg.edu.br\/sempic\/wp-json\/wp\/v2\/media?parent=35"}],"curies":[{"name":"wp","href":"https:\/\/api.w.org\/{rel}","templated":true}]}}