{"id":31,"date":"2017-02-20T18:08:30","date_gmt":"2017-02-20T21:08:30","guid":{"rendered":"http:\/\/pesquisa.ifg.edu.br\/sempic\/?page_id=31"},"modified":"2017-02-20T18:09:34","modified_gmt":"2017-02-20T21:09:34","slug":"sala-02","status":"publish","type":"page","link":"https:\/\/pesquisa.ifg.edu.br\/sempic\/programacao\/sala-02\/","title":{"rendered":"Sala 02"},"content":{"rendered":"<p><strong><u>17h<\/u><\/strong><u>: A experimenta\u00e7\u00e3o em F\u00edsica e o aprendizado significativo por meio de um projeto de lan\u00e7amento de foguete de \u00e1gua constru\u00eddo com garrafa PET.<br \/>\n<\/u><strong>Orientador: <\/strong>Prof. Me. Marcos Frizzarini<br \/>\n<strong>Pesquisadores: <\/strong>Jhonata Nunes Patr\u00edcio, Amanda Batani da Mota e Gabrielly Christiny Cantanh\u00ea de R\u00eago<br \/>\n<strong>Mesa Avaliadora: <\/strong>Prof. Me. Nilson Tavares Filho; Prof. Esp. Thiago Anuncia\u00e7\u00e3o Rezende<\/p>\n<p><strong><u>17h30<\/u><\/strong><u>: Novas perspectivas para o processo de dessaliniza\u00e7\u00e3o da \u00e1gua.<br \/>\n<\/u><strong>Pesquisadores: <\/strong>Prof. Esp. Thiago Anuncia\u00e7\u00e3o Rezende, Prof. Me. Pedro de Assun\u00e7\u00e3o Bonfim Filho e Prof. Me. Gustavo Candido de Oliveira Melo<br \/>\n<strong>Mesa Avaliadora: <\/strong>Prof. Dr. F\u00e1bio Teixeira Kuhn; Prof. Me. Nilson Tavares Filho<\/p>\n<p><strong><u>18h<\/u><\/strong><u>: Efeitos do sombreamento no desenvolvimento de pl\u00e2ntulas de um par congen\u00e9rico de forma\u00e7\u00f5es sav\u00e2nicas e florestais do Cerrado: Tabebuia Aurea e T. Impetiginosa.<br \/>\n<\/u><strong>Orientadora: <\/strong>Prof.\u00aaMa. Juliana Pfrimer Capuzzo<br \/>\n<strong>Pesquisadoras: <\/strong>Micaelle da Silva Filgueiras e L\u00edria Santos de Sousa<br \/>\n<strong>Mesa Avaliadora: <\/strong>Prof. Dr. F\u00e1bio Teixeira Kuhn<\/p>\n<p><strong><u>18h30<\/u><\/strong><u>: O despertar do ensino-pesquisa: inter-rela\u00e7\u00e3o entre ciclagem de nutrientes, produtividade prim\u00e1ria e propriedade medicinais do manjeric\u00e3o (<em>Ocimumbasilicum<\/em>).<br \/>\n<\/u><strong>Orientadora: <\/strong>Prof.\u00aaDra. Fernanda Keley Silva Pereira Navarro<br \/>\n<strong>Pesquisadoras: <\/strong>Larissa dos Santos Alves e Leonara Rabelo da Cruz<br \/>\n<strong>Mesa Avaliadora: <\/strong>Prof. Dr. F\u00e1bio Teixeira Kuhn; Prof.\u00aa Dra. Mariana Magalh\u00e3es N\u00f3brega<\/p>\n<p><strong><u>19h: <\/u><\/strong><u>Produ\u00e7\u00e3o discursiva em \u00c1guas Lindas de Goi\u00e1s: entre a espera e pressa<br \/>\n<\/u><strong>Orientadora: <\/strong>Prof. Dr. Thiago Andr\u00e9 Rodrigues Leite<br \/>\n<strong>Pesquisadoras: <\/strong>Aline Crhistine Ferreira da Silva, Daiane Raiane De Souza De Jesus e Ana Fl\u00e1via de Moura Carvalho<br \/>\n<strong>Mesa Avaliadora: <\/strong>Prof.\u00aaMa. Ana Clara Magalh\u00e3es Medeiros<\/p>\n<p><strong><u>19h30: <\/u><\/strong><u>Polifarm\u00e1cia: estudo qualitativo e quantitativo do uso individual de m\u00faltiplos medicamentos na popula\u00e7\u00e3o de \u00c1guas Lindas de Goi\u00e1s.<br \/>\n<\/u><strong>Orientador: <\/strong>Prof. Dr. F\u00e1bio Teixeira Kuhn<br \/>\n<strong>Pesquisadores: <\/strong>Gabriel Lucas de Castro Cunha, Dayane Carneiro da Silva, Paula Aparecida Pereira Silva e Wellington Justino da Silva<br \/>\n<strong>Mesa Avaliadora: <\/strong>Prof.\u00aa Dra. Mariana Magalh\u00e3es N\u00f3brega; Prof.Me. Nilson Tavares Filho<\/p>\n","protected":false},"excerpt":{"rendered":"<p>17h: A experimenta\u00e7\u00e3o em F\u00edsica e o aprendizado significativo por meio de um projeto de lan\u00e7amento de foguete de \u00e1gua constru\u00eddo com garrafa PET. Orientador: Prof. Me. Marcos Frizzarini Pesquisadores: Jhonata Nunes Patr\u00edcio, Amanda Batani da Mota e Gabrielly Christiny Cantanh\u00ea de R\u00eago Mesa Avaliadora: Prof. Me. Nilson Tavares Filho; Prof. Esp. Thiago Anuncia\u00e7\u00e3o Rezende [&hellip;]<\/p>\n","protected":false},"author":13,"featured_media":0,"parent":16,"menu_order":0,"comment_status":"closed","ping_status":"closed","template":"","meta":{"_monsterinsights_skip_tracking":false,"_monsterinsights_sitenote_active":false,"_monsterinsights_sitenote_note":"","_monsterinsights_sitenote_category":0,"footnotes":""},"class_list":["post-31","page","type-page","status-publish","hentry"],"_links":{"self":[{"href":"https:\/\/pesquisa.ifg.edu.br\/sempic\/wp-json\/wp\/v2\/pages\/31"}],"collection":[{"href":"https:\/\/pesquisa.ifg.edu.br\/sempic\/wp-json\/wp\/v2\/pages"}],"about":[{"href":"https:\/\/pesquisa.ifg.edu.br\/sempic\/wp-json\/wp\/v2\/types\/page"}],"author":[{"embeddable":true,"href":"https:\/\/pesquisa.ifg.edu.br\/sempic\/wp-json\/wp\/v2\/users\/13"}],"replies":[{"embeddable":true,"href":"https:\/\/pesquisa.ifg.edu.br\/sempic\/wp-json\/wp\/v2\/comments?post=31"}],"version-history":[{"count":3,"href":"https:\/\/pesquisa.ifg.edu.br\/sempic\/wp-json\/wp\/v2\/pages\/31\/revisions"}],"predecessor-version":[{"id":34,"href":"https:\/\/pesquisa.ifg.edu.br\/sempic\/wp-json\/wp\/v2\/pages\/31\/revisions\/34"}],"up":[{"embeddable":true,"href":"https:\/\/pesquisa.ifg.edu.br\/sempic\/wp-json\/wp\/v2\/pages\/16"}],"wp:attachment":[{"href":"https:\/\/pesquisa.ifg.edu.br\/sempic\/wp-json\/wp\/v2\/media?parent=31"}],"curies":[{"name":"wp","href":"https:\/\/api.w.org\/{rel}","templated":true}]}}