{"id":2,"date":"2017-02-13T16:42:18","date_gmt":"2017-02-13T18:42:18","guid":{"rendered":"http:\/\/pesquisa.ifg.edu.br\/sempic\/?page_id=2"},"modified":"2017-02-17T17:09:22","modified_gmt":"2017-02-17T19:09:22","slug":"o-seminario","status":"publish","type":"page","link":"https:\/\/pesquisa.ifg.edu.br\/sempic\/o-seminario\/","title":{"rendered":"O Semin\u00e1rio"},"content":{"rendered":"<p>A pesquisa no Instituto Federal de Educa\u00e7\u00e3o, Ci\u00eancia e Tecnologia de Goi\u00e1s (IFG) tem por princ\u00edpio a cria\u00e7\u00e3o de a\u00e7\u00f5es que contribuam com o desenvolvimento cient\u00edfico, social, cultural e tecnol\u00f3gico a partir de atividades inovadoras no campo da produ\u00e7\u00e3o de conhecimentos. A pesquisa, organizada de forma indissoci\u00e1vel do ensino e da extens\u00e3o, constitui-se como um dos pilares da forma\u00e7\u00e3o no IFG, tendo como finalidade produzir conhecimentos nas diversas \u00e1reas e em acordo m\u00fatuo com as demandas do desenvolvimento local, regional e nacional, de modo a atender aos interesses da sociedade e contribuir para uma forma\u00e7\u00e3o humana e cidad\u00e3 dos trabalhadores brasileiros, assegurando-lhes uma permanente atualiza\u00e7\u00e3o ante os avan\u00e7os e desafios sociais e tecnol\u00f3gicos.<\/p>\n<p>Diante do desafio de colaborar com o desenvolvimento de uma perspectiva de ci\u00eancia direcionada a suprir as necessidades humanas e comprometida com a supera\u00e7\u00e3o dos problemas sociais, pol\u00edticos, econ\u00f4micos, culturais de nosso tempo, o C\u00e2mpus \u00c1guas Lindas realizar\u00e1 o I Semin\u00e1rio de Pesquisa e Inicia\u00e7\u00e3o Cient\u00edfica visando divulgar a produ\u00e7\u00e3o de conhecimentos desenvolvida por servidores e estudantes no Eixo Sa\u00fade e Meio Ambiente, al\u00e9m de outras \u00e1reas de interesse social, profissional e acad\u00eamico.<\/p>\n<p><strong>Objetivos<\/strong><\/p>\n<ul>\n<li>\n<blockquote><p>Divulgar os resultados das pesquisas desenvolvidas por servidores e estudantes vinculadas ao PIBIC-EM;<\/p><\/blockquote>\n<\/li>\n<li>\n<blockquote><p>Estimular servidores e estudantes a desenvolverem novos projetos de pesquisa.<\/p><\/blockquote>\n<\/li>\n<\/ul>\n","protected":false},"excerpt":{"rendered":"<p>A pesquisa no Instituto Federal de Educa\u00e7\u00e3o, Ci\u00eancia e Tecnologia de Goi\u00e1s (IFG) tem por princ\u00edpio a cria\u00e7\u00e3o de a\u00e7\u00f5es que contribuam com o desenvolvimento cient\u00edfico, social, cultural e tecnol\u00f3gico a partir de atividades inovadoras no campo da produ\u00e7\u00e3o de conhecimentos. A pesquisa, organizada de forma indissoci\u00e1vel do ensino e da extens\u00e3o, constitui-se como um [&hellip;]<\/p>\n","protected":false},"author":12,"featured_media":0,"parent":0,"menu_order":0,"comment_status":"closed","ping_status":"open","template":"","meta":{"_monsterinsights_skip_tracking":false,"_monsterinsights_sitenote_active":false,"_monsterinsights_sitenote_note":"","_monsterinsights_sitenote_category":0,"footnotes":""},"class_list":["post-2","page","type-page","status-publish","hentry"],"_links":{"self":[{"href":"https:\/\/pesquisa.ifg.edu.br\/sempic\/wp-json\/wp\/v2\/pages\/2"}],"collection":[{"href":"https:\/\/pesquisa.ifg.edu.br\/sempic\/wp-json\/wp\/v2\/pages"}],"about":[{"href":"https:\/\/pesquisa.ifg.edu.br\/sempic\/wp-json\/wp\/v2\/types\/page"}],"author":[{"embeddable":true,"href":"https:\/\/pesquisa.ifg.edu.br\/sempic\/wp-json\/wp\/v2\/users\/12"}],"replies":[{"embeddable":true,"href":"https:\/\/pesquisa.ifg.edu.br\/sempic\/wp-json\/wp\/v2\/comments?post=2"}],"version-history":[{"count":2,"href":"https:\/\/pesquisa.ifg.edu.br\/sempic\/wp-json\/wp\/v2\/pages\/2\/revisions"}],"predecessor-version":[{"id":15,"href":"https:\/\/pesquisa.ifg.edu.br\/sempic\/wp-json\/wp\/v2\/pages\/2\/revisions\/15"}],"wp:attachment":[{"href":"https:\/\/pesquisa.ifg.edu.br\/sempic\/wp-json\/wp\/v2\/media?parent=2"}],"curies":[{"name":"wp","href":"https:\/\/api.w.org\/{rel}","templated":true}]}}