{"id":16,"date":"2017-02-17T17:21:31","date_gmt":"2017-02-17T19:21:31","guid":{"rendered":"http:\/\/pesquisa.ifg.edu.br\/sempic\/?page_id=16"},"modified":"2017-02-20T18:20:12","modified_gmt":"2017-02-20T21:20:12","slug":"programacao","status":"publish","type":"page","link":"https:\/\/pesquisa.ifg.edu.br\/sempic\/programacao\/","title":{"rendered":"Programa\u00e7\u00e3o"},"content":{"rendered":"<p>Confira a programa\u00e7\u00e3o por sala:<\/p>\n<p><strong><a href=\"http:\/\/pesquisa.ifg.edu.br\/sempic\/programacao\/sala-01\/\">Sala 01<\/a><br \/>\n<\/strong><\/p>\n<p><a href=\"http:\/\/pesquisa.ifg.edu.br\/sempic\/programacao\/sala-02\/\"><strong>Sala 02<\/strong><\/a><\/p>\n<p><a href=\"http:\/\/pesquisa.ifg.edu.br\/sempic\/programacao\/sala-03\/\"><strong>Sala 03<\/strong><\/a><\/p>\n<p><a href=\"http:\/\/pesquisa.ifg.edu.br\/sempic\/programacao\/sala-04\/\"><strong>Sala 04<\/strong><\/a><\/p>\n","protected":false},"excerpt":{"rendered":"<p>Confira a programa\u00e7\u00e3o por sala: Sala 01 Sala 02 Sala 03 Sala 04<\/p>\n","protected":false},"author":13,"featured_media":0,"parent":0,"menu_order":0,"comment_status":"closed","ping_status":"closed","template":"","meta":{"_monsterinsights_skip_tracking":false,"_monsterinsights_sitenote_active":false,"_monsterinsights_sitenote_note":"","_monsterinsights_sitenote_category":0,"footnotes":""},"class_list":["post-16","page","type-page","status-publish","hentry"],"_links":{"self":[{"href":"https:\/\/pesquisa.ifg.edu.br\/sempic\/wp-json\/wp\/v2\/pages\/16"}],"collection":[{"href":"https:\/\/pesquisa.ifg.edu.br\/sempic\/wp-json\/wp\/v2\/pages"}],"about":[{"href":"https:\/\/pesquisa.ifg.edu.br\/sempic\/wp-json\/wp\/v2\/types\/page"}],"author":[{"embeddable":true,"href":"https:\/\/pesquisa.ifg.edu.br\/sempic\/wp-json\/wp\/v2\/users\/13"}],"replies":[{"embeddable":true,"href":"https:\/\/pesquisa.ifg.edu.br\/sempic\/wp-json\/wp\/v2\/comments?post=16"}],"version-history":[{"count":5,"href":"https:\/\/pesquisa.ifg.edu.br\/sempic\/wp-json\/wp\/v2\/pages\/16\/revisions"}],"predecessor-version":[{"id":40,"href":"https:\/\/pesquisa.ifg.edu.br\/sempic\/wp-json\/wp\/v2\/pages\/16\/revisions\/40"}],"wp:attachment":[{"href":"https:\/\/pesquisa.ifg.edu.br\/sempic\/wp-json\/wp\/v2\/media?parent=16"}],"curies":[{"name":"wp","href":"https:\/\/api.w.org\/{rel}","templated":true}]}}