{"id":45,"date":"2021-08-14T12:35:39","date_gmt":"2021-08-14T15:35:39","guid":{"rendered":"http:\/\/pesquisa.ifg.edu.br\/redepoesia\/?page_id=45"},"modified":"2021-09-24T09:20:08","modified_gmt":"2021-09-24T12:20:08","slug":"linhas-de-pesquisa","status":"publish","type":"page","link":"https:\/\/pesquisa.ifg.edu.br\/redepoesia\/linhas-de-pesquisa\/","title":{"rendered":"Linhas de pesquisa"},"content":{"rendered":"<p>&nbsp;<\/p>\n<ul>\n<li><b>Teorias da l\u00edrica e cr\u00edtica liter\u00e1ria de poesia<\/b><\/li>\n<\/ul>\n<p align=\"justify\"><span style=\"font-weight: 400\">Ementa: <\/span><span style=\"font-weight: 400\">Quest\u00f5es de g\u00eanero: l\u00edrica e poesia. Estudos das principais teorias da l\u00edrica a partir da modernidade liter\u00e1ria. Problematiza\u00e7\u00e3o das correntes cr\u00edticas da l\u00edrica. Proposi\u00e7\u00e3o de abordagens te\u00f3rico-cr\u00edticas da l\u00edrica. L\u00edrica e sociedade. Circula\u00e7\u00e3o e recep\u00e7\u00e3o da l\u00edrica. Investiga\u00e7\u00e3o dos fundamentos da l\u00edrica: autoria, sujeito\/subjetividade, voz, linguagem, imagem, ritmo, verso e suas derrui\u00e7\u00f5es. Tens\u00e3o entre poesia e prosa.\u00a0<\/span>Estudos das principais abordagens cr\u00edticas de poesia. Cr\u00edtica liter\u00e1ria de poesia e ensino de poesia. Leituras anal\u00edticas de poesia. Estudos comparativos entre obras po\u00e9ticas e autores. Problematiza\u00e7\u00e3o da recep\u00e7\u00e3o cr\u00edtica da poesia.<\/p>\n<p><\/p>\n<ul>\n<li><b><b>\u00a0Ensino de poesia e pedagogia do poema<\/b><\/b><\/li>\n<\/ul>\n<p align=\"justify\"><span style=\"font-weight: 400\">Ementa: <\/span><span style=\"font-weight: 400\">Reflex\u00f5es te\u00f3ricas sobre a forma\u00e7\u00e3o de leitores e mediadores de leitura de poesia. Investiga\u00e7\u00e3o da pr\u00e1tica docente de ensino de poesia. Fun\u00e7\u00e3o da poesia no contexto atual. Problematiza\u00e7\u00e3o da poesia na sala de aula.<\/span><b><b>\u00a0<\/b><\/b>Defini\u00e7\u00e3o de poesia e poema. Modos de ler, compreender, analisar e interpretar o poema. Escrita criativa e vocaliza\u00e7\u00e3o como componentes da pedagogia do poema. Descri\u00e7\u00e3o de pr\u00e1ticas de leitura do poema na sala de aula. Proposi\u00e7\u00e3o de metodologia de ensino de poesia.<\/p>\n<p><\/p>\n<ul>\n<li><b><b>Sociologia e historiografia da obra po\u00e9tica\u00a0<\/b><\/b><\/li>\n<\/ul>\n<p align=\"justify\"><span style=\"font-weight: 400\">Ementa: <\/span><span style=\"font-weight: 400\">Reflex\u00f5es sobre a dimens\u00e3o s\u00f3cio-hist\u00f3rica da criac<\/span><span style=\"font-weight: 400\">\u0327<\/span><span style=\"font-weight: 400\">\u00e3o, da circula\u00e7<\/span><span style=\"font-weight: 400\">\u00e3<\/span><span style=\"font-weight: 400\">o e\/ou da recep\u00e7<\/span><span style=\"font-weight: 400\">\u00e3<\/span><span style=\"font-weight: 400\">o de poesia. A historicidade da poesia. A poesia no contexto pol\u00edtico-cultural de uma \u00e9poca e\/ou de um local. Fun\u00e7\u00e3o social da poesia.<\/span><\/p>\n","protected":false},"excerpt":{"rendered":"<p>&nbsp; Teorias da l\u00edrica e cr\u00edtica liter\u00e1ria de poesia Ementa: Quest\u00f5es de g\u00eanero: l\u00edrica e poesia. Estudos das principais teorias da l\u00edrica a partir da modernidade liter\u00e1ria. Problematiza\u00e7\u00e3o das correntes cr\u00edticas da l\u00edrica. Proposi\u00e7\u00e3o de abordagens te\u00f3rico-cr\u00edticas da l\u00edrica. L\u00edrica e sociedade. Circula\u00e7\u00e3o e recep\u00e7\u00e3o da l\u00edrica. Investiga\u00e7\u00e3o dos fundamentos da l\u00edrica: autoria, sujeito\/subjetividade, voz, <a class=\"more-link\" href=\"https:\/\/pesquisa.ifg.edu.br\/redepoesia\/linhas-de-pesquisa\/\">&hellip; Continue lendo&hellip; &rarr;<\/a><\/p>\n","protected":false},"author":54,"featured_media":0,"parent":0,"menu_order":0,"comment_status":"closed","ping_status":"closed","template":"","meta":{"_monsterinsights_skip_tracking":false,"_monsterinsights_sitenote_active":false,"_monsterinsights_sitenote_note":"","_monsterinsights_sitenote_category":0,"footnotes":""},"class_list":["post-45","page","type-page","status-publish","hentry"],"_links":{"self":[{"href":"https:\/\/pesquisa.ifg.edu.br\/redepoesia\/wp-json\/wp\/v2\/pages\/45"}],"collection":[{"href":"https:\/\/pesquisa.ifg.edu.br\/redepoesia\/wp-json\/wp\/v2\/pages"}],"about":[{"href":"https:\/\/pesquisa.ifg.edu.br\/redepoesia\/wp-json\/wp\/v2\/types\/page"}],"author":[{"embeddable":true,"href":"https:\/\/pesquisa.ifg.edu.br\/redepoesia\/wp-json\/wp\/v2\/users\/54"}],"replies":[{"embeddable":true,"href":"https:\/\/pesquisa.ifg.edu.br\/redepoesia\/wp-json\/wp\/v2\/comments?post=45"}],"version-history":[{"count":9,"href":"https:\/\/pesquisa.ifg.edu.br\/redepoesia\/wp-json\/wp\/v2\/pages\/45\/revisions"}],"predecessor-version":[{"id":235,"href":"https:\/\/pesquisa.ifg.edu.br\/redepoesia\/wp-json\/wp\/v2\/pages\/45\/revisions\/235"}],"wp:attachment":[{"href":"https:\/\/pesquisa.ifg.edu.br\/redepoesia\/wp-json\/wp\/v2\/media?parent=45"}],"curies":[{"name":"wp","href":"https:\/\/api.w.org\/{rel}","templated":true}]}}