{"id":29,"date":"2021-08-14T12:29:25","date_gmt":"2021-08-14T15:29:25","guid":{"rendered":"http:\/\/pesquisa.ifg.edu.br\/redepoesia\/?page_id=29"},"modified":"2021-08-18T11:24:36","modified_gmt":"2021-08-18T14:24:36","slug":"normas","status":"publish","type":"page","link":"https:\/\/pesquisa.ifg.edu.br\/redepoesia\/normas\/","title":{"rendered":"Normas"},"content":{"rendered":"<p><b>Normas da RedePoesia<\/b><\/p>\n<ol>\n<li style=\"font-weight: 400\"><span style=\"font-weight: 400\">A RedePoesia ser\u00e1 coordenada por 1 (um) de seus membros por 2 (dois) anos, prorrog\u00e1veis por mais um mandato de igual dura\u00e7\u00e3o.<\/span><\/li>\n<li style=\"font-weight: 400\"><span style=\"font-weight: 400\">Para compor sua proposta de pesquisa, os membros devem escolher 1 (um) ou 2 (dois) das linhas tem\u00e1ticas definidas pela RedePoesia.<\/span><\/li>\n<li style=\"font-weight: 400\"><span style=\"font-weight: 400\">As propostas de pesquisa devem ser elaboradas com a participa\u00e7\u00e3o de, no m\u00ednimo, 3 (tr\u00eas) pesquisadores(as).<\/span><\/li>\n<li style=\"font-weight: 400\"><span style=\"font-weight: 400\">As propostas de pesquisa devem apresentar um cronograma de atividades com dura\u00e7\u00e3o de, no m\u00ednimo, 2 (dois) e, no m\u00e1ximo, 4 (quatro) anos.<\/span><\/li>\n<li style=\"font-weight: 400\"><span style=\"font-weight: 400\">Os membros devem vincular \u00e0 RedePoesia as produ\u00e7\u00f5es a ela associadas, com reprodu\u00e7\u00e3o da logo ou com informa\u00e7\u00e3o em nota.<\/span><\/li>\n<li style=\"font-weight: 400\"><span style=\"font-weight: 400\">Os membros devem participar de, pelo menos, 70% das reuni\u00f5es agendadas ou justificar aus\u00eancia com anteced\u00eancia.<\/span><\/li>\n<li style=\"font-weight: 400\"><span style=\"font-weight: 400\">Os membros devem assumir tarefas acad\u00eamico-administrativas, como gest\u00e3o da planilha de peri\u00f3dicos e eventos, organiza\u00e7\u00e3o de publica\u00e7\u00f5es e eventos, organiza\u00e7\u00e3o de documentos de interesse.\u00a0\u00a0<\/span><\/li>\n<li style=\"font-weight: 400\"><span style=\"font-weight: 400\">Os membros devem responder \u00e0s demandas da Coordena\u00e7\u00e3o nos prazos estipulados ou justificar eventuais atrasos.<\/span><\/li>\n<li style=\"font-weight: 400\"><span style=\"font-weight: 400\">Os membros devem se disponibilizar para participar como representantes da RedePoesia em eventos organizados por outros membros.<\/span><\/li>\n<li style=\"font-weight: 400\"><span style=\"font-weight: 400\">\u00a0Anualmente, os membros devem apresentar, no m\u00ednimo, este n\u00famero de produ\u00e7\u00f5es:<\/span><\/li>\n<\/ol>\n<ul>\n<li style=\"font-weight: 400\"><span style=\"font-weight: 400\">1 (um) artigo publicado em revistas nacionais ou internacionais bem qualificadas;<\/span><\/li>\n<li style=\"font-weight: 400\"><span style=\"font-weight: 400\">1 (um) cap\u00edtulo de livro;<\/span><\/li>\n<li style=\"font-weight: 400\"><span style=\"font-weight: 400\">1 (uma) participa\u00e7\u00e3o em evento regional, nacional ou internacional.<\/span><\/li>\n<\/ul>\n<p><span style=\"font-weight: 400\">11. Os membros devem se comprometer com as metas anuais de produ\u00e7\u00e3o da RedePoesia:<\/span><\/p>\n<ul>\n<li style=\"font-weight: 400\"><span style=\"font-weight: 400\">6 (seis) artigos publicados em revistas nacionais bem qualificadas;<\/span><\/li>\n<li style=\"font-weight: 400\"><span style=\"font-weight: 400\">4 (quatro) artigos publicados em revistas internacionais bem qualificadas;<\/span><\/li>\n<li style=\"font-weight: 400\"><span style=\"font-weight: 400\">2 (dois) textos de interesse traduzidos e publicados;<\/span><\/li>\n<li style=\"font-weight: 400\"><span style=\"font-weight: 400\">1 (um) livro em formato impresso e\/ou eletr\u00f4nico com cap\u00edtulos dos membros da Rede;<\/span><\/li>\n<li style=\"font-weight: 400\"><span style=\"font-weight: 400\">7 (sete) <\/span><i><span style=\"font-weight: 400\">lives<\/span><\/i><span style=\"font-weight: 400\"> em datas relevantes;<\/span><\/li>\n<li style=\"font-weight: 400\"><span style=\"font-weight: 400\">1 (um) evento nacional de m\u00e9dio porte para o m\u00eas de mar\u00e7o;<\/span><\/li>\n<li style=\"font-weight: 400\"><span style=\"font-weight: 400\">5 (cinco) participa\u00e7\u00f5es em eventos regionais, nacionais ou internacionais.<\/span><\/li>\n<\/ul>\n<p><span style=\"font-weight: 400\">12. A consecu\u00e7\u00e3o das metas de produ\u00e7\u00e3o implica a pr\u00e1tica da escrita em coautoria, incentivada como expediente da RedePoesia.<\/span><\/p>\n","protected":false},"excerpt":{"rendered":"<p>Normas da RedePoesia A RedePoesia ser\u00e1 coordenada por 1 (um) de seus membros por 2 (dois) anos, prorrog\u00e1veis por mais um mandato de igual dura\u00e7\u00e3o. Para compor sua proposta de pesquisa, os membros devem escolher 1 (um) ou 2 (dois) das linhas tem\u00e1ticas definidas pela RedePoesia. As propostas de pesquisa devem ser elaboradas com a <a class=\"more-link\" href=\"https:\/\/pesquisa.ifg.edu.br\/redepoesia\/normas\/\">&hellip; Continue lendo&hellip; &rarr;<\/a><\/p>\n","protected":false},"author":54,"featured_media":0,"parent":0,"menu_order":0,"comment_status":"closed","ping_status":"closed","template":"","meta":{"_monsterinsights_skip_tracking":false,"_monsterinsights_sitenote_active":false,"_monsterinsights_sitenote_note":"","_monsterinsights_sitenote_category":0,"footnotes":""},"class_list":["post-29","page","type-page","status-publish","hentry"],"_links":{"self":[{"href":"https:\/\/pesquisa.ifg.edu.br\/redepoesia\/wp-json\/wp\/v2\/pages\/29"}],"collection":[{"href":"https:\/\/pesquisa.ifg.edu.br\/redepoesia\/wp-json\/wp\/v2\/pages"}],"about":[{"href":"https:\/\/pesquisa.ifg.edu.br\/redepoesia\/wp-json\/wp\/v2\/types\/page"}],"author":[{"embeddable":true,"href":"https:\/\/pesquisa.ifg.edu.br\/redepoesia\/wp-json\/wp\/v2\/users\/54"}],"replies":[{"embeddable":true,"href":"https:\/\/pesquisa.ifg.edu.br\/redepoesia\/wp-json\/wp\/v2\/comments?post=29"}],"version-history":[{"count":2,"href":"https:\/\/pesquisa.ifg.edu.br\/redepoesia\/wp-json\/wp\/v2\/pages\/29\/revisions"}],"predecessor-version":[{"id":50,"href":"https:\/\/pesquisa.ifg.edu.br\/redepoesia\/wp-json\/wp\/v2\/pages\/29\/revisions\/50"}],"wp:attachment":[{"href":"https:\/\/pesquisa.ifg.edu.br\/redepoesia\/wp-json\/wp\/v2\/media?parent=29"}],"curies":[{"name":"wp","href":"https:\/\/api.w.org\/{rel}","templated":true}]}}