{"id":27,"date":"2021-08-14T12:29:10","date_gmt":"2021-08-14T15:29:10","guid":{"rendered":"http:\/\/pesquisa.ifg.edu.br\/redepoesia\/?page_id=27"},"modified":"2021-09-16T07:14:44","modified_gmt":"2021-09-16T10:14:44","slug":"membros","status":"publish","type":"page","link":"https:\/\/pesquisa.ifg.edu.br\/redepoesia\/membros\/","title":{"rendered":"Membros"},"content":{"rendered":"<p>Integram a RedePoesia pesquisadores\/as do Instituto Federal de Goi\u00e1s, da Universidade Federal de Goi\u00e1s, da Universidade Estadual de Goi\u00e1s e de outras institui\u00e7\u00f5es\u00a0culturais e educacionais do estado e do pa\u00eds.<\/p>\n\n\t\t<style type=\"text\/css\">\n\t\t\t#gallery-1 {\n\t\t\t\tmargin: auto;\n\t\t\t}\n\t\t\t#gallery-1 .gallery-item {\n\t\t\t\tfloat: left;\n\t\t\t\tmargin-top: 10px;\n\t\t\t\ttext-align: center;\n\t\t\t\twidth: 33%;\n\t\t\t}\n\t\t\t#gallery-1 img {\n\t\t\t\tborder: 2px solid #cfcfcf;\n\t\t\t}\n\t\t\t#gallery-1 .gallery-caption {\n\t\t\t\tmargin-left: 0;\n\t\t\t}\n\t\t\t\/* see gallery_shortcode() in wp-includes\/media.php *\/\n\t\t<\/style>\n\t\t<div id='gallery-1' class='gallery galleryid-27 gallery-columns-3 gallery-size-thumbnail'><dl class='gallery-item'>\n\t\t\t<dt class='gallery-icon landscape'>\n\t\t\t\t<a href='https:\/\/pesquisa.ifg.edu.br\/redepoesia\/coordenacao\/anna_site-2\/#main'><img decoding=\"async\" width=\"150\" height=\"147\" src=\"https:\/\/pesquisa.ifg.edu.br\/redepoesia\/wp-content\/uploads\/sites\/18\/2021\/09\/anna_site.jpg\" class=\"attachment-thumbnail size-thumbnail\" alt=\"\" aria-describedby=\"gallery-1-177\" \/><\/a>\n\t\t\t<\/dt>\n\t\t\t\t<dd class='wp-caption-text gallery-caption' id='gallery-1-177'>\n\t\t\t\tAnna Cl\u00e1udia Passani (FacCidade | Goi\u00e2nia\/GO)\n\t\t\t\t<\/dd><\/dl><dl class='gallery-item'>\n\t\t\t<dt class='gallery-icon landscape'>\n\t\t\t\t<a href='https:\/\/pesquisa.ifg.edu.br\/redepoesia\/membros\/cida_site_\/#main'><img decoding=\"async\" width=\"150\" height=\"150\" src=\"https:\/\/pesquisa.ifg.edu.br\/redepoesia\/wp-content\/uploads\/sites\/18\/2021\/08\/cida_site_.jpeg\" class=\"attachment-thumbnail size-thumbnail\" alt=\"\" aria-describedby=\"gallery-1-119\" \/><\/a>\n\t\t\t<\/dt>\n\t\t\t\t<dd class='wp-caption-text gallery-caption' id='gallery-1-119'>\n\t\t\t\tCida Barros (UEG | Porangatu\/GO)\n\t\t\t\t<\/dd><\/dl><dl class='gallery-item'>\n\t\t\t<dt class='gallery-icon portrait'>\n\t\t\t\t<a href='https:\/\/pesquisa.ifg.edu.br\/redepoesia\/membros\/deusa_site_\/#main'><img decoding=\"async\" width=\"139\" height=\"150\" src=\"https:\/\/pesquisa.ifg.edu.br\/redepoesia\/wp-content\/uploads\/sites\/18\/2021\/08\/deusa_site_.jpg\" class=\"attachment-thumbnail size-thumbnail\" alt=\"\" aria-describedby=\"gallery-1-120\" \/><\/a>\n\t\t\t<\/dt>\n\t\t\t\t<dd class='wp-caption-text gallery-caption' id='gallery-1-120'>\n\t\t\t\tDeusa Castro (IFG | Goi\u00e2nia\/GO)\n\t\t\t\t<\/dd><\/dl><br style=\"clear: both\" \/><dl class='gallery-item'>\n\t\t\t<dt class='gallery-icon landscape'>\n\t\t\t\t<a href='https:\/\/pesquisa.ifg.edu.br\/redepoesia\/membros\/ebe_site_\/#main'><img loading=\"lazy\" decoding=\"async\" width=\"150\" height=\"150\" src=\"https:\/\/pesquisa.ifg.edu.br\/redepoesia\/wp-content\/uploads\/sites\/18\/2021\/08\/ebe_site_.jpeg\" class=\"attachment-thumbnail size-thumbnail\" alt=\"\" aria-describedby=\"gallery-1-116\" \/><\/a>\n\t\t\t<\/dt>\n\t\t\t\t<dd class='wp-caption-text gallery-caption' id='gallery-1-116'>\n\t\t\t\tEbe Siqueira (UEG | Mulheres Coralinas | Cidade de Goi\u00e1s\/GO)\n\t\t\t\t<\/dd><\/dl><dl class='gallery-item'>\n\t\t\t<dt class='gallery-icon landscape'>\n\t\t\t\t<a href='https:\/\/pesquisa.ifg.edu.br\/redepoesia\/membros\/fernando_site\/#main'><img loading=\"lazy\" decoding=\"async\" width=\"150\" height=\"150\" src=\"https:\/\/pesquisa.ifg.edu.br\/redepoesia\/wp-content\/uploads\/sites\/18\/2021\/08\/fernando_site.jpg\" class=\"attachment-thumbnail size-thumbnail\" alt=\"\" aria-describedby=\"gallery-1-127\" \/><\/a>\n\t\t\t<\/dt>\n\t\t\t\t<dd class='wp-caption-text gallery-caption' id='gallery-1-127'>\n\t\t\t\tFernando Marinho (IFG | Cidade de Goi\u00e1s\/GO)\n\t\t\t\t<\/dd><\/dl><dl class='gallery-item'>\n\t\t\t<dt class='gallery-icon landscape'>\n\t\t\t\t<a href='https:\/\/pesquisa.ifg.edu.br\/redepoesia\/membros\/goiandira_2-1\/#main'><img loading=\"lazy\" decoding=\"async\" width=\"150\" height=\"150\" src=\"https:\/\/pesquisa.ifg.edu.br\/redepoesia\/wp-content\/uploads\/sites\/18\/2021\/08\/goiandira_2-1.jpeg\" class=\"attachment-thumbnail size-thumbnail\" alt=\"\" aria-describedby=\"gallery-1-114\" \/><\/a>\n\t\t\t<\/dt>\n\t\t\t\t<dd class='wp-caption-text gallery-caption' id='gallery-1-114'>\n\t\t\t\tGoiandira Ortiz (UFG | Livraria Leodeg\u00e1ria | Cidade de Goi\u00e1s\/GO)\n\t\t\t\t<\/dd><\/dl><br style=\"clear: both\" \/><dl class='gallery-item'>\n\t\t\t<dt class='gallery-icon portrait'>\n\t\t\t\t<a href='https:\/\/pesquisa.ifg.edu.br\/redepoesia\/membros\/gustavo_site\/#main'><img loading=\"lazy\" decoding=\"async\" width=\"133\" height=\"150\" src=\"https:\/\/pesquisa.ifg.edu.br\/redepoesia\/wp-content\/uploads\/sites\/18\/2021\/08\/gustavo_site.jpeg\" class=\"attachment-thumbnail size-thumbnail\" alt=\"\" aria-describedby=\"gallery-1-146\" \/><\/a>\n\t\t\t<\/dt>\n\t\t\t\t<dd class='wp-caption-text gallery-caption' id='gallery-1-146'>\n\t\t\t\tGustavo Dias (Palmeiras de Goi\u00e1s\/GO | FacMais)\n\t\t\t\t<\/dd><\/dl><dl class='gallery-item'>\n\t\t\t<dt class='gallery-icon landscape'>\n\t\t\t\t<a href='https:\/\/pesquisa.ifg.edu.br\/redepoesia\/membros\/jamesson_site_\/#main'><img loading=\"lazy\" decoding=\"async\" width=\"150\" height=\"150\" src=\"https:\/\/pesquisa.ifg.edu.br\/redepoesia\/wp-content\/uploads\/sites\/18\/2021\/08\/jamesson_site_.jpeg\" class=\"attachment-thumbnail size-thumbnail\" alt=\"\" aria-describedby=\"gallery-1-113\" \/><\/a>\n\t\t\t<\/dt>\n\t\t\t\t<dd class='wp-caption-text gallery-caption' id='gallery-1-113'>\n\t\t\t\tJamesson Buarque (UFG | Goi\u00e2nia\/GO)\n\t\t\t\t<\/dd><\/dl><dl class='gallery-item'>\n\t\t\t<dt class='gallery-icon landscape'>\n\t\t\t\t<a href='https:\/\/pesquisa.ifg.edu.br\/redepoesia\/membros\/leandro_site_\/#main'><img loading=\"lazy\" decoding=\"async\" width=\"150\" height=\"150\" src=\"https:\/\/pesquisa.ifg.edu.br\/redepoesia\/wp-content\/uploads\/sites\/18\/2021\/08\/leandro_site_.jpg\" class=\"attachment-thumbnail size-thumbnail\" alt=\"\" aria-describedby=\"gallery-1-121\" \/><\/a>\n\t\t\t<\/dt>\n\t\t\t\t<dd class='wp-caption-text gallery-caption' id='gallery-1-121'>\n\t\t\t\tLeandro Bernardo (Col\u00e9gio Agostiniano | Goi\u00e2nia\/GO)\n\t\t\t\t<\/dd><\/dl><br style=\"clear: both\" \/><dl class='gallery-item'>\n\t\t\t<dt class='gallery-icon landscape'>\n\t\t\t\t<a href='https:\/\/pesquisa.ifg.edu.br\/redepoesia\/membros\/mariana_\/#main'><img loading=\"lazy\" decoding=\"async\" width=\"150\" height=\"150\" src=\"https:\/\/pesquisa.ifg.edu.br\/redepoesia\/wp-content\/uploads\/sites\/18\/2021\/08\/mariana_.jpg\" class=\"attachment-thumbnail size-thumbnail\" alt=\"\" aria-describedby=\"gallery-1-122\" \/><\/a>\n\t\t\t<\/dt>\n\t\t\t\t<dd class='wp-caption-text gallery-caption' id='gallery-1-122'>\n\t\t\t\tMariana Branco (Goi\u00e2nia\/GO)\n\t\t\t\t<\/dd><\/dl><dl class='gallery-item'>\n\t\t\t<dt class='gallery-icon portrait'>\n\t\t\t\t<a href='https:\/\/pesquisa.ifg.edu.br\/redepoesia\/membros\/nismaria_\/#main'><img loading=\"lazy\" decoding=\"async\" width=\"135\" height=\"150\" src=\"https:\/\/pesquisa.ifg.edu.br\/redepoesia\/wp-content\/uploads\/sites\/18\/2021\/08\/nismaria_.jpg\" class=\"attachment-thumbnail size-thumbnail\" alt=\"\" aria-describedby=\"gallery-1-123\" \/><\/a>\n\t\t\t<\/dt>\n\t\t\t\t<dd class='wp-caption-text gallery-caption' id='gallery-1-123'>\n\t\t\t\tNism\u00e1ria David (UEG | Pires do Rio)\n\t\t\t\t<\/dd><\/dl><dl class='gallery-item'>\n\t\t\t<dt class='gallery-icon landscape'>\n\t\t\t\t<a href='https:\/\/pesquisa.ifg.edu.br\/redepoesia\/membros\/olliver_site_\/#main'><img loading=\"lazy\" decoding=\"async\" width=\"150\" height=\"136\" src=\"https:\/\/pesquisa.ifg.edu.br\/redepoesia\/wp-content\/uploads\/sites\/18\/2021\/08\/olliver_site_.jpeg\" class=\"attachment-thumbnail size-thumbnail\" alt=\"\" aria-describedby=\"gallery-1-126\" \/><\/a>\n\t\t\t<\/dt>\n\t\t\t\t<dd class='wp-caption-text gallery-caption' id='gallery-1-126'>\n\t\t\t\tOlliver Mariano (IFG | Goi\u00e2nia\/GO)\n\t\t\t\t<\/dd><\/dl><br style=\"clear: both\" \/><dl class='gallery-item'>\n\t\t\t<dt class='gallery-icon landscape'>\n\t\t\t\t<a href='https:\/\/pesquisa.ifg.edu.br\/redepoesia\/membros\/pauliany_site\/#main'><img loading=\"lazy\" decoding=\"async\" width=\"150\" height=\"150\" src=\"https:\/\/pesquisa.ifg.edu.br\/redepoesia\/wp-content\/uploads\/sites\/18\/2021\/08\/pauliany_site.jpg\" class=\"attachment-thumbnail size-thumbnail\" alt=\"\" aria-describedby=\"gallery-1-124\" \/><\/a>\n\t\t\t<\/dt>\n\t\t\t\t<dd class='wp-caption-text gallery-caption' id='gallery-1-124'>\n\t\t\t\tPauliany Martins (UFG | Goi\u00e2nia\/GO)\n\t\t\t\t<\/dd><\/dl><dl class='gallery-item'>\n\t\t\t<dt class='gallery-icon landscape'>\n\t\t\t\t<a href='https:\/\/pesquisa.ifg.edu.br\/redepoesia\/membros\/severina_site_2\/#main'><img loading=\"lazy\" decoding=\"async\" width=\"150\" height=\"150\" src=\"https:\/\/pesquisa.ifg.edu.br\/redepoesia\/wp-content\/uploads\/sites\/18\/2021\/08\/severina_site_2.jpeg\" class=\"attachment-thumbnail size-thumbnail\" alt=\"\" aria-describedby=\"gallery-1-117\" \/><\/a>\n\t\t\t<\/dt>\n\t\t\t\t<dd class='wp-caption-text gallery-caption' id='gallery-1-117'>\n\t\t\t\tSeverina Guimar\u00e3es (UEG | S\u00e3o Lu\u00eds de Montes Belos\/GO)\n\t\t\t\t<\/dd><\/dl><dl class='gallery-item'>\n\t\t\t<dt class='gallery-icon landscape'>\n\t\t\t\t<a href='https:\/\/pesquisa.ifg.edu.br\/redepoesia\/membros\/thaise_site\/#main'><img loading=\"lazy\" decoding=\"async\" width=\"150\" height=\"150\" src=\"https:\/\/pesquisa.ifg.edu.br\/redepoesia\/wp-content\/uploads\/sites\/18\/2021\/08\/thaise_site.jpeg\" class=\"attachment-thumbnail size-thumbnail\" alt=\"\" aria-describedby=\"gallery-1-125\" \/><\/a>\n\t\t\t<\/dt>\n\t\t\t\t<dd class='wp-caption-text gallery-caption' id='gallery-1-125'>\n\t\t\t\tTha\u00edse Monteiro (IFG | Goi\u00e2nia\/GO)\n\t\t\t\t<\/dd><\/dl><br style=\"clear: both\" \/>\n\t\t<\/div>\n\n","protected":false},"excerpt":{"rendered":"<p>Integram a RedePoesia pesquisadores\/as do Instituto Federal de Goi\u00e1s, da Universidade Federal de Goi\u00e1s, da Universidade Estadual de Goi\u00e1s e de outras institui\u00e7\u00f5es\u00a0culturais e educacionais do estado e do pa\u00eds.<\/p>\n","protected":false},"author":54,"featured_media":88,"parent":0,"menu_order":0,"comment_status":"closed","ping_status":"closed","template":"","meta":{"_monsterinsights_skip_tracking":false,"_monsterinsights_sitenote_active":false,"_monsterinsights_sitenote_note":"","_monsterinsights_sitenote_category":0,"footnotes":""},"class_list":["post-27","page","type-page","status-publish","has-post-thumbnail","hentry"],"_links":{"self":[{"href":"https:\/\/pesquisa.ifg.edu.br\/redepoesia\/wp-json\/wp\/v2\/pages\/27"}],"collection":[{"href":"https:\/\/pesquisa.ifg.edu.br\/redepoesia\/wp-json\/wp\/v2\/pages"}],"about":[{"href":"https:\/\/pesquisa.ifg.edu.br\/redepoesia\/wp-json\/wp\/v2\/types\/page"}],"author":[{"embeddable":true,"href":"https:\/\/pesquisa.ifg.edu.br\/redepoesia\/wp-json\/wp\/v2\/users\/54"}],"replies":[{"embeddable":true,"href":"https:\/\/pesquisa.ifg.edu.br\/redepoesia\/wp-json\/wp\/v2\/comments?post=27"}],"version-history":[{"count":14,"href":"https:\/\/pesquisa.ifg.edu.br\/redepoesia\/wp-json\/wp\/v2\/pages\/27\/revisions"}],"predecessor-version":[{"id":186,"href":"https:\/\/pesquisa.ifg.edu.br\/redepoesia\/wp-json\/wp\/v2\/pages\/27\/revisions\/186"}],"wp:featuredmedia":[{"embeddable":true,"href":"https:\/\/pesquisa.ifg.edu.br\/redepoesia\/wp-json\/wp\/v2\/media\/88"}],"wp:attachment":[{"href":"https:\/\/pesquisa.ifg.edu.br\/redepoesia\/wp-json\/wp\/v2\/media?parent=27"}],"curies":[{"name":"wp","href":"https:\/\/api.w.org\/{rel}","templated":true}]}}