{"id":21,"date":"2021-08-14T12:23:30","date_gmt":"2021-08-14T15:23:30","guid":{"rendered":"http:\/\/pesquisa.ifg.edu.br\/redepoesia\/?page_id=21"},"modified":"2021-09-16T06:39:30","modified_gmt":"2021-09-16T09:39:30","slug":"apresentacao","status":"publish","type":"page","link":"https:\/\/pesquisa.ifg.edu.br\/redepoesia\/apresentacao\/","title":{"rendered":"Apresenta\u00e7\u00e3o"},"content":{"rendered":"<p><span style=\"font-weight: 400\">A RedePoesia se organiza como um tril\u00e1tero sem forma fixa e sem linhas de limites territoriais, unindo seus pontos em fios imagin\u00e1rios e m\u00f3veis, que, por meio das la\u00e7adas e dos vazios, fazem a extens\u00e3o da rede. Suas la\u00e7adas angulares s\u00e3o Poesia, Leitura e Ensino. Nessa extens\u00e3o m\u00f3vel e sem fronteiras, cria-se uma episteme favor\u00e1vel aos di\u00e1logos e atravessamentos de pesquisa, buscando \u201ctransconhecimentos\u201d. Esse gesto para al\u00e9m de uma disciplinaridade deve produzir conhecimento, instituir sua aplica\u00e7\u00e3o e compartilh\u00e1-lo.<\/span><\/p>\n","protected":false},"excerpt":{"rendered":"<p>A RedePoesia se organiza como um tril\u00e1tero sem forma fixa e sem linhas de limites territoriais, unindo seus pontos em fios imagin\u00e1rios e m\u00f3veis, que, por meio das la\u00e7adas e dos vazios, fazem a extens\u00e3o da rede. Suas la\u00e7adas angulares s\u00e3o Poesia, Leitura e Ensino. Nessa extens\u00e3o m\u00f3vel e sem fronteiras, cria-se uma episteme favor\u00e1vel <a class=\"more-link\" href=\"https:\/\/pesquisa.ifg.edu.br\/redepoesia\/apresentacao\/\">&hellip; Continue lendo&hellip; &rarr;<\/a><\/p>\n","protected":false},"author":54,"featured_media":0,"parent":0,"menu_order":0,"comment_status":"closed","ping_status":"closed","template":"","meta":{"_monsterinsights_skip_tracking":false,"_monsterinsights_sitenote_active":false,"_monsterinsights_sitenote_note":"","_monsterinsights_sitenote_category":0,"footnotes":""},"class_list":["post-21","page","type-page","status-publish","hentry"],"_links":{"self":[{"href":"https:\/\/pesquisa.ifg.edu.br\/redepoesia\/wp-json\/wp\/v2\/pages\/21"}],"collection":[{"href":"https:\/\/pesquisa.ifg.edu.br\/redepoesia\/wp-json\/wp\/v2\/pages"}],"about":[{"href":"https:\/\/pesquisa.ifg.edu.br\/redepoesia\/wp-json\/wp\/v2\/types\/page"}],"author":[{"embeddable":true,"href":"https:\/\/pesquisa.ifg.edu.br\/redepoesia\/wp-json\/wp\/v2\/users\/54"}],"replies":[{"embeddable":true,"href":"https:\/\/pesquisa.ifg.edu.br\/redepoesia\/wp-json\/wp\/v2\/comments?post=21"}],"version-history":[{"count":5,"href":"https:\/\/pesquisa.ifg.edu.br\/redepoesia\/wp-json\/wp\/v2\/pages\/21\/revisions"}],"predecessor-version":[{"id":165,"href":"https:\/\/pesquisa.ifg.edu.br\/redepoesia\/wp-json\/wp\/v2\/pages\/21\/revisions\/165"}],"wp:attachment":[{"href":"https:\/\/pesquisa.ifg.edu.br\/redepoesia\/wp-json\/wp\/v2\/media?parent=21"}],"curies":[{"name":"wp","href":"https:\/\/api.w.org\/{rel}","templated":true}]}}