{"id":199,"date":"2021-09-16T07:21:50","date_gmt":"2021-09-16T10:21:50","guid":{"rendered":"http:\/\/pesquisa.ifg.edu.br\/redepoesia\/?page_id=199"},"modified":"2021-09-16T07:28:32","modified_gmt":"2021-09-16T10:28:32","slug":"anais","status":"publish","type":"page","link":"https:\/\/pesquisa.ifg.edu.br\/redepoesia\/anais\/","title":{"rendered":"Anais"},"content":{"rendered":"<p>Estes s\u00e3o os anais dos eventos promovidos pela RedePoesia.<\/p>\n\n\t\t<style type=\"text\/css\">\n\t\t\t#gallery-1 {\n\t\t\t\tmargin: auto;\n\t\t\t}\n\t\t\t#gallery-1 .gallery-item {\n\t\t\t\tfloat: left;\n\t\t\t\tmargin-top: 10px;\n\t\t\t\ttext-align: center;\n\t\t\t\twidth: 33%;\n\t\t\t}\n\t\t\t#gallery-1 img {\n\t\t\t\tborder: 2px solid #cfcfcf;\n\t\t\t}\n\t\t\t#gallery-1 .gallery-caption {\n\t\t\t\tmargin-left: 0;\n\t\t\t}\n\t\t\t\/* see gallery_shortcode() in wp-includes\/media.php *\/\n\t\t<\/style>\n\t\t<div id='gallery-1' class='gallery galleryid-199 gallery-columns-3 gallery-size-thumbnail'><dl class='gallery-item'>\n\t\t\t<dt class='gallery-icon portrait'>\n\t\t\t\t<a href='https:\/\/pesquisa.ifg.edu.br\/redepoesia\/publicacoes\/whatsapp-image-2021-08-25-at-12-37-47\/#main'><img decoding=\"async\" width=\"107\" height=\"150\" src=\"https:\/\/pesquisa.ifg.edu.br\/redepoesia\/wp-content\/uploads\/sites\/18\/2021\/08\/WhatsApp-Image-2021-08-25-at-12.37.47.jpeg\" class=\"attachment-thumbnail size-thumbnail\" alt=\"\" aria-describedby=\"gallery-1-76\" \/><\/a>\n\t\t\t<\/dt>\n\t\t\t\t<dd class='wp-caption-text gallery-caption' id='gallery-1-76'>\n\t\t\t\tAnais do Semin\u00e1rio Internacional de Pol\u00edtica e Pr\u00e1ticas de Leitura, 2013.\n\t\t\t\t<\/dd><\/dl><dl class='gallery-item'>\n\t\t\t<dt class='gallery-icon portrait'>\n\t\t\t\t<a href='https:\/\/pesquisa.ifg.edu.br\/redepoesia\/publicacoes\/capa_anais_seminario_2021\/#main'><img decoding=\"async\" width=\"114\" height=\"150\" src=\"https:\/\/pesquisa.ifg.edu.br\/redepoesia\/wp-content\/uploads\/sites\/18\/2021\/08\/capa_anais_seminario_2021.jpeg\" class=\"attachment-thumbnail size-thumbnail\" alt=\"\" aria-describedby=\"gallery-1-153\" \/><\/a>\n\t\t\t<\/dt>\n\t\t\t\t<dd class='wp-caption-text gallery-caption' id='gallery-1-153'>\n\t\t\t\tAnais do I Semin\u00e1rio da RedePoesia, 2021.\n\t\t\t\t<\/dd><\/dl>\n\t\t\t<br style='clear: both' \/>\n\t\t<\/div>\n\n","protected":false},"excerpt":{"rendered":"<p>Estes s\u00e3o os anais dos eventos promovidos pela RedePoesia.<\/p>\n","protected":false},"author":54,"featured_media":0,"parent":0,"menu_order":0,"comment_status":"closed","ping_status":"closed","template":"","meta":{"_monsterinsights_skip_tracking":false,"_monsterinsights_sitenote_active":false,"_monsterinsights_sitenote_note":"","_monsterinsights_sitenote_category":0,"footnotes":""},"class_list":["post-199","page","type-page","status-publish","hentry"],"_links":{"self":[{"href":"https:\/\/pesquisa.ifg.edu.br\/redepoesia\/wp-json\/wp\/v2\/pages\/199"}],"collection":[{"href":"https:\/\/pesquisa.ifg.edu.br\/redepoesia\/wp-json\/wp\/v2\/pages"}],"about":[{"href":"https:\/\/pesquisa.ifg.edu.br\/redepoesia\/wp-json\/wp\/v2\/types\/page"}],"author":[{"embeddable":true,"href":"https:\/\/pesquisa.ifg.edu.br\/redepoesia\/wp-json\/wp\/v2\/users\/54"}],"replies":[{"embeddable":true,"href":"https:\/\/pesquisa.ifg.edu.br\/redepoesia\/wp-json\/wp\/v2\/comments?post=199"}],"version-history":[{"count":2,"href":"https:\/\/pesquisa.ifg.edu.br\/redepoesia\/wp-json\/wp\/v2\/pages\/199\/revisions"}],"predecessor-version":[{"id":207,"href":"https:\/\/pesquisa.ifg.edu.br\/redepoesia\/wp-json\/wp\/v2\/pages\/199\/revisions\/207"}],"wp:attachment":[{"href":"https:\/\/pesquisa.ifg.edu.br\/redepoesia\/wp-json\/wp\/v2\/media?parent=199"}],"curies":[{"name":"wp","href":"https:\/\/api.w.org\/{rel}","templated":true}]}}