{"id":141,"date":"2021-09-12T10:03:49","date_gmt":"2021-09-12T13:03:49","guid":{"rendered":"http:\/\/pesquisa.ifg.edu.br\/redepoesia\/?page_id=141"},"modified":"2021-09-12T10:03:49","modified_gmt":"2021-09-12T13:03:49","slug":"chamadas-para-publicacao","status":"publish","type":"page","link":"https:\/\/pesquisa.ifg.edu.br\/redepoesia\/chamadas-para-publicacao\/","title":{"rendered":"Chamadas para publica\u00e7\u00e3o"},"content":{"rendered":"<p>Se quiser divulgar uma chamada para publica\u00e7\u00e3o relacionada \u00e0 pesquisa sobre leitura e ensino de poesia, envie-nos as informa\u00e7\u00f5es por este\u00a0<a href=\"https:\/\/forms.gle\/RnciBc6fJakhr3569\">formul\u00e1rio<\/a>.<\/p>\n","protected":false},"excerpt":{"rendered":"<p>Se quiser divulgar uma chamada para publica\u00e7\u00e3o relacionada \u00e0 pesquisa sobre leitura e ensino de poesia, envie-nos as informa\u00e7\u00f5es por este\u00a0formul\u00e1rio.<\/p>\n","protected":false},"author":54,"featured_media":0,"parent":0,"menu_order":0,"comment_status":"closed","ping_status":"closed","template":"","meta":{"_monsterinsights_skip_tracking":false,"_monsterinsights_sitenote_active":false,"_monsterinsights_sitenote_note":"","_monsterinsights_sitenote_category":0,"footnotes":""},"class_list":["post-141","page","type-page","status-publish","hentry"],"_links":{"self":[{"href":"https:\/\/pesquisa.ifg.edu.br\/redepoesia\/wp-json\/wp\/v2\/pages\/141"}],"collection":[{"href":"https:\/\/pesquisa.ifg.edu.br\/redepoesia\/wp-json\/wp\/v2\/pages"}],"about":[{"href":"https:\/\/pesquisa.ifg.edu.br\/redepoesia\/wp-json\/wp\/v2\/types\/page"}],"author":[{"embeddable":true,"href":"https:\/\/pesquisa.ifg.edu.br\/redepoesia\/wp-json\/wp\/v2\/users\/54"}],"replies":[{"embeddable":true,"href":"https:\/\/pesquisa.ifg.edu.br\/redepoesia\/wp-json\/wp\/v2\/comments?post=141"}],"version-history":[{"count":1,"href":"https:\/\/pesquisa.ifg.edu.br\/redepoesia\/wp-json\/wp\/v2\/pages\/141\/revisions"}],"predecessor-version":[{"id":142,"href":"https:\/\/pesquisa.ifg.edu.br\/redepoesia\/wp-json\/wp\/v2\/pages\/141\/revisions\/142"}],"wp:attachment":[{"href":"https:\/\/pesquisa.ifg.edu.br\/redepoesia\/wp-json\/wp\/v2\/media?parent=141"}],"curies":[{"name":"wp","href":"https:\/\/api.w.org\/{rel}","templated":true}]}}