{"id":139,"date":"2021-09-12T10:03:17","date_gmt":"2021-09-12T13:03:17","guid":{"rendered":"http:\/\/pesquisa.ifg.edu.br\/redepoesia\/?page_id=139"},"modified":"2021-09-12T10:04:08","modified_gmt":"2021-09-12T13:04:08","slug":"eventos-2","status":"publish","type":"page","link":"https:\/\/pesquisa.ifg.edu.br\/redepoesia\/eventos-2\/","title":{"rendered":"Eventos"},"content":{"rendered":"<p>Se quiser divulgar um evento relacionado \u00e0 pesquisa sobre leitura e ensino de poesia, envie-nos as informa\u00e7\u00f5es por este <a href=\"https:\/\/forms.gle\/RnciBc6fJakhr3569\">formul\u00e1rio<\/a>.<\/p>\n","protected":false},"excerpt":{"rendered":"<p>Se quiser divulgar um evento relacionado \u00e0 pesquisa sobre leitura e ensino de poesia, envie-nos as informa\u00e7\u00f5es por este formul\u00e1rio.<\/p>\n","protected":false},"author":54,"featured_media":0,"parent":0,"menu_order":0,"comment_status":"closed","ping_status":"closed","template":"","meta":{"_monsterinsights_skip_tracking":false,"_monsterinsights_sitenote_active":false,"_monsterinsights_sitenote_note":"","_monsterinsights_sitenote_category":0,"footnotes":""},"class_list":["post-139","page","type-page","status-publish","hentry"],"_links":{"self":[{"href":"https:\/\/pesquisa.ifg.edu.br\/redepoesia\/wp-json\/wp\/v2\/pages\/139"}],"collection":[{"href":"https:\/\/pesquisa.ifg.edu.br\/redepoesia\/wp-json\/wp\/v2\/pages"}],"about":[{"href":"https:\/\/pesquisa.ifg.edu.br\/redepoesia\/wp-json\/wp\/v2\/types\/page"}],"author":[{"embeddable":true,"href":"https:\/\/pesquisa.ifg.edu.br\/redepoesia\/wp-json\/wp\/v2\/users\/54"}],"replies":[{"embeddable":true,"href":"https:\/\/pesquisa.ifg.edu.br\/redepoesia\/wp-json\/wp\/v2\/comments?post=139"}],"version-history":[{"count":2,"href":"https:\/\/pesquisa.ifg.edu.br\/redepoesia\/wp-json\/wp\/v2\/pages\/139\/revisions"}],"predecessor-version":[{"id":143,"href":"https:\/\/pesquisa.ifg.edu.br\/redepoesia\/wp-json\/wp\/v2\/pages\/139\/revisions\/143"}],"wp:attachment":[{"href":"https:\/\/pesquisa.ifg.edu.br\/redepoesia\/wp-json\/wp\/v2\/media?parent=139"}],"curies":[{"name":"wp","href":"https:\/\/api.w.org\/{rel}","templated":true}]}}