{"id":136,"date":"2021-09-12T09:46:35","date_gmt":"2021-09-12T12:46:35","guid":{"rendered":"http:\/\/pesquisa.ifg.edu.br\/redepoesia\/?page_id=136"},"modified":"2021-09-12T09:46:35","modified_gmt":"2021-09-12T12:46:35","slug":"servicos","status":"publish","type":"page","link":"https:\/\/pesquisa.ifg.edu.br\/redepoesia\/servicos\/","title":{"rendered":"Servi\u00e7os"},"content":{"rendered":"<p>Nesta p\u00e1gina, divulgamos eventos e chamadas para publica\u00e7\u00f5es relacionados \u00e0 pesquisa sobre leitura e ensino de poesia.<\/p>\n","protected":false},"excerpt":{"rendered":"<p>Nesta p\u00e1gina, divulgamos eventos e chamadas para publica\u00e7\u00f5es relacionados \u00e0 pesquisa sobre leitura e ensino de poesia.<\/p>\n","protected":false},"author":54,"featured_media":0,"parent":0,"menu_order":0,"comment_status":"closed","ping_status":"closed","template":"","meta":{"_monsterinsights_skip_tracking":false,"_monsterinsights_sitenote_active":false,"_monsterinsights_sitenote_note":"","_monsterinsights_sitenote_category":0,"footnotes":""},"class_list":["post-136","page","type-page","status-publish","hentry"],"_links":{"self":[{"href":"https:\/\/pesquisa.ifg.edu.br\/redepoesia\/wp-json\/wp\/v2\/pages\/136"}],"collection":[{"href":"https:\/\/pesquisa.ifg.edu.br\/redepoesia\/wp-json\/wp\/v2\/pages"}],"about":[{"href":"https:\/\/pesquisa.ifg.edu.br\/redepoesia\/wp-json\/wp\/v2\/types\/page"}],"author":[{"embeddable":true,"href":"https:\/\/pesquisa.ifg.edu.br\/redepoesia\/wp-json\/wp\/v2\/users\/54"}],"replies":[{"embeddable":true,"href":"https:\/\/pesquisa.ifg.edu.br\/redepoesia\/wp-json\/wp\/v2\/comments?post=136"}],"version-history":[{"count":1,"href":"https:\/\/pesquisa.ifg.edu.br\/redepoesia\/wp-json\/wp\/v2\/pages\/136\/revisions"}],"predecessor-version":[{"id":137,"href":"https:\/\/pesquisa.ifg.edu.br\/redepoesia\/wp-json\/wp\/v2\/pages\/136\/revisions\/137"}],"wp:attachment":[{"href":"https:\/\/pesquisa.ifg.edu.br\/redepoesia\/wp-json\/wp\/v2\/media?parent=136"}],"curies":[{"name":"wp","href":"https:\/\/api.w.org\/{rel}","templated":true}]}}