{"id":320,"date":"2023-09-15T09:40:24","date_gmt":"2023-09-15T12:40:24","guid":{"rendered":"http:\/\/pesquisa.ifg.edu.br\/nusec\/?page_id=320"},"modified":"2023-09-15T15:27:22","modified_gmt":"2023-09-15T18:27:22","slug":"joao-ferreira-de-araujo-junior","status":"publish","type":"page","link":"https:\/\/pesquisa.ifg.edu.br\/nusec\/pesquisadores\/joao-ferreira-de-araujo-junior\/","title":{"rendered":"Jo\u00e3o Ferreira de Ara\u00fajo J\u00fanior"},"content":{"rendered":"<ul>\n<li><a href=\"http:\/\/lattes.cnpq.br\/8849437030161130\" target=\"_blank\" rel=\"noopener\">Jo\u00e3o Ferreira de Ara\u00fajo J\u00fanior<\/a><\/li>\n<\/ul>\n<p>Possui gradua\u00e7\u00e3o em Pedagogia pela Universidade Estadual de Goi\u00e1s (2005), mestrado em Educa\u00e7\u00e3o pela Universidade Federal de Goi\u00e1s (2013) e doutorado em Educa\u00e7\u00e3o pela Universidade Federal de Goi\u00e1s (2020). Atualmente \u00e9 professor efetivo do Instituto Federal de Goi\u00e1s \u2013 C\u00e2mpus Aparecida de Goi\u00e2nia na \u00e1rea de Educa\u00e7\u00e3o. Tem experi\u00eancia na \u00e1rea de Educa\u00e7\u00e3o, com \u00eanfase em Educa\u00e7\u00e3o B\u00e1sica, Organiza\u00e7\u00e3o e Gest\u00e3o do trabalho Pedag\u00f3gico, Forma\u00e7\u00e3o de Professores e Pol\u00edticas Educacionais. Atua na licenciatura de pedagogia bilingue (portugu\u00eas\/Libras) e pesquisa o neoliberalismo, a privatiza\u00e7\u00e3o da educa\u00e7\u00e3o p\u00fablica e a flexibiliza\u00e7\u00e3o do Ensino M\u00e9dio no Brasil.<\/p>\n<p>&nbsp;<\/p>\n<p><a href=\"http:\/\/lattes.cnpq.br\/8849437030161130\"><img decoding=\"async\" class=\"alignnone size-full wp-image-382\" src=\"http:\/\/pesquisa.ifg.edu.br\/nusec\/wp-content\/uploads\/sites\/27\/2023\/09\/LATTES-LOGO.jpg\" alt=\"LATTES LOGO\" width=\"200\" height=\"77\" \/><\/a><\/p>\n<p>&nbsp;<\/p>\n<p><a href=\"https:\/\/ifgproduz.ifg.edu.br\/informacoes-pesquisadores\"><img decoding=\"async\" class=\"alignnone size-full wp-image-347\" src=\"http:\/\/pesquisa.ifg.edu.br\/nusec\/wp-content\/uploads\/sites\/27\/2023\/09\/IFG-PRODUZ.png\" alt=\"IFG PRODUZ\" width=\"283\" height=\"115\" \/><\/a><\/p>\n<p>&nbsp;<\/p>\n","protected":false},"excerpt":{"rendered":"<p>Jo\u00e3o Ferreira de Ara\u00fajo J\u00fanior Possui gradua\u00e7\u00e3o em Pedagogia pela Universidade Estadual de Goi\u00e1s (2005), mestrado em Educa\u00e7\u00e3o pela Universidade Federal de Goi\u00e1s (2013) e doutorado em Educa\u00e7\u00e3o pela Universidade Federal de Goi\u00e1s (2020). Atualmente \u00e9 professor efetivo do Instituto Federal de Goi\u00e1s \u2013 C\u00e2mpus Aparecida de Goi\u00e2nia na \u00e1rea de Educa\u00e7\u00e3o. Tem experi\u00eancia na [&hellip;]<\/p>\n","protected":false},"author":80,"featured_media":0,"parent":37,"menu_order":0,"comment_status":"closed","ping_status":"closed","template":"","meta":{"_monsterinsights_skip_tracking":false,"_monsterinsights_sitenote_active":false,"_monsterinsights_sitenote_note":"","_monsterinsights_sitenote_category":0,"footnotes":""},"class_list":["post-320","page","type-page","status-publish","hentry"],"_links":{"self":[{"href":"https:\/\/pesquisa.ifg.edu.br\/nusec\/wp-json\/wp\/v2\/pages\/320"}],"collection":[{"href":"https:\/\/pesquisa.ifg.edu.br\/nusec\/wp-json\/wp\/v2\/pages"}],"about":[{"href":"https:\/\/pesquisa.ifg.edu.br\/nusec\/wp-json\/wp\/v2\/types\/page"}],"author":[{"embeddable":true,"href":"https:\/\/pesquisa.ifg.edu.br\/nusec\/wp-json\/wp\/v2\/users\/80"}],"replies":[{"embeddable":true,"href":"https:\/\/pesquisa.ifg.edu.br\/nusec\/wp-json\/wp\/v2\/comments?post=320"}],"version-history":[{"count":5,"href":"https:\/\/pesquisa.ifg.edu.br\/nusec\/wp-json\/wp\/v2\/pages\/320\/revisions"}],"predecessor-version":[{"id":388,"href":"https:\/\/pesquisa.ifg.edu.br\/nusec\/wp-json\/wp\/v2\/pages\/320\/revisions\/388"}],"up":[{"embeddable":true,"href":"https:\/\/pesquisa.ifg.edu.br\/nusec\/wp-json\/wp\/v2\/pages\/37"}],"wp:attachment":[{"href":"https:\/\/pesquisa.ifg.edu.br\/nusec\/wp-json\/wp\/v2\/media?parent=320"}],"curies":[{"name":"wp","href":"https:\/\/api.w.org\/{rel}","templated":true}]}}