{"id":257,"date":"2023-09-14T08:27:46","date_gmt":"2023-09-14T11:27:46","guid":{"rendered":"http:\/\/pesquisa.ifg.edu.br\/nusec\/?page_id=257"},"modified":"2023-09-14T08:33:35","modified_gmt":"2023-09-14T11:33:35","slug":"trajetorias-projeto-de-ensino-primeito-encontro-prof-joao-ferreira-de-araujo-junior","status":"publish","type":"page","link":"https:\/\/pesquisa.ifg.edu.br\/nusec\/projetos\/projetos-de-ensino\/trajetorias-projeto-de-ensino\/trajetorias-projeto-de-ensino-primeito-encontro-prof-joao-ferreira-de-araujo-junior\/","title":{"rendered":"Trajet\u00f3rias \u2013 Projeto de Ensino &#8211; Primeito encontro &#8211; Prof. Jo\u00e3o Ferreira de Ara\u00fajo J\u00fanior"},"content":{"rendered":"<p>primeiro encontro do projeto de ensino <strong>Trajet\u00f3rias no Ensino e na Pesquisa<\/strong> ter\u00e1 a apresenta\u00e7\u00e3 odo Prof.Dr. <strong>Jo\u00e3o Ferreira de Ara\u00fajo J\u00fanior<\/strong>. A atividade acontecer\u00e1 no Miniaudit\u00f3rio B do C\u00e2mpus Aparecida de Goi\u00e2nia no dia 14 de setembro a partir das 16 horas.<\/p>\n<p>&nbsp;<\/p>\n<p><img fetchpriority=\"high\" decoding=\"async\" class=\"alignnone size-full wp-image-263\" src=\"http:\/\/pesquisa.ifg.edu.br\/nusec\/wp-content\/uploads\/sites\/27\/2023\/09\/WhatsApp-Image-2023-09-11-at-10.01.29-1.jpeg\" alt=\"WhatsApp Image 2023-09-11 at 10.01.29\" width=\"400\" height=\"403\" \/><\/p>\n","protected":false},"excerpt":{"rendered":"<p>primeiro encontro do projeto de ensino Trajet\u00f3rias no Ensino e na Pesquisa ter\u00e1 a apresenta\u00e7\u00e3 odo Prof.Dr. Jo\u00e3o Ferreira de Ara\u00fajo J\u00fanior. A atividade acontecer\u00e1 no Miniaudit\u00f3rio B do C\u00e2mpus Aparecida de Goi\u00e2nia no dia 14 de setembro a partir das 16 horas. &nbsp;<\/p>\n","protected":false},"author":80,"featured_media":0,"parent":112,"menu_order":0,"comment_status":"closed","ping_status":"closed","template":"","meta":{"_monsterinsights_skip_tracking":false,"_monsterinsights_sitenote_active":false,"_monsterinsights_sitenote_note":"","_monsterinsights_sitenote_category":0,"footnotes":""},"class_list":["post-257","page","type-page","status-publish","hentry"],"_links":{"self":[{"href":"https:\/\/pesquisa.ifg.edu.br\/nusec\/wp-json\/wp\/v2\/pages\/257"}],"collection":[{"href":"https:\/\/pesquisa.ifg.edu.br\/nusec\/wp-json\/wp\/v2\/pages"}],"about":[{"href":"https:\/\/pesquisa.ifg.edu.br\/nusec\/wp-json\/wp\/v2\/types\/page"}],"author":[{"embeddable":true,"href":"https:\/\/pesquisa.ifg.edu.br\/nusec\/wp-json\/wp\/v2\/users\/80"}],"replies":[{"embeddable":true,"href":"https:\/\/pesquisa.ifg.edu.br\/nusec\/wp-json\/wp\/v2\/comments?post=257"}],"version-history":[{"count":4,"href":"https:\/\/pesquisa.ifg.edu.br\/nusec\/wp-json\/wp\/v2\/pages\/257\/revisions"}],"predecessor-version":[{"id":259,"href":"https:\/\/pesquisa.ifg.edu.br\/nusec\/wp-json\/wp\/v2\/pages\/257\/revisions\/259"}],"up":[{"embeddable":true,"href":"https:\/\/pesquisa.ifg.edu.br\/nusec\/wp-json\/wp\/v2\/pages\/112"}],"wp:attachment":[{"href":"https:\/\/pesquisa.ifg.edu.br\/nusec\/wp-json\/wp\/v2\/media?parent=257"}],"curies":[{"name":"wp","href":"https:\/\/api.w.org\/{rel}","templated":true}]}}