{"id":6,"date":"2016-11-16T09:36:31","date_gmt":"2016-11-16T11:36:31","guid":{"rendered":"http:\/\/pesquisa.ifg.edu.br\/nupepe-epepe\/?page_id=6"},"modified":"2016-11-16T09:53:48","modified_gmt":"2016-11-16T11:53:48","slug":"home","status":"publish","type":"page","link":"https:\/\/pesquisa.ifg.edu.br\/nupepe-epepe\/","title":{"rendered":"Home"},"content":{"rendered":"<h2 style=\"text-align: center\"><span class=\"fs24 cf3 ff3\"><b>I EPEPE<\/b><br \/>\n<\/span><\/h2>\n<p>Estamos passando por mudan\u00e7as que atingem diretamente nossas a\u00e7\u00f5es em sala de aula, dentre elas, o processo de aprova\u00e7\u00e3o das Diretrizes Nacionais para os cursos de Forma\u00e7\u00e3o de Professores e a discuss\u00e3o da Base Nacional Comum Curricular. Frente a essas mudan\u00e7as surgem muitos questionamentos e posicionamentos divergentes e, por isso, faz-se necess\u00e1rio ouvir, discutir e promover debates na tentativa de contribuir para a forma\u00e7\u00e3o inicial e continuada de professores da \u00e1rea de Ci\u00eancias.<br \/>\nEm meio a este cen\u00e1rio, o N\u00facleo de Pesquisa e Extens\u00e3o em Processos Educacionais \u2013 NuPEPE &#8211; \u00a0est\u00e1 promovendo o I Encontro de Pesquisa em Processos Educacionais \u2013 EPEPE, que acontecer\u00e1 nos dia 26 e 27 de agosto de 2016 no Instituto de Educa\u00e7\u00e3o, Ci\u00eancia e Tecnologia de Goi\u00e1s \u2013 C\u00e2mpus Itumbiara.<br \/>\nHaver\u00e1 palestras que abordar\u00e3o quest\u00f5es relacionadas as Organiza\u00e7\u00f5es Sociais e a sala de aula, as Diretrizes Nacionais para os cursos de Forma\u00e7\u00e3o de Professores e a Base Nacional Comum Curricular. Al\u00e9m destas discuss\u00f5es teremos um momento de apresenta\u00e7\u00e3o de pesquisas que versem sobre os seguintes eixos tem\u00e1ticos.<br \/>\nEixo Tem\u00e1tico I: Curr\u00edculo e forma\u00e7\u00e3o\/profissionaliza\u00e7\u00e3o de professores.<br \/>\nEixo Tem\u00e1tico II: Pol\u00edticas de curr\u00edculo e avalia\u00e7\u00e3o educacional.<br \/>\nEixo Tem\u00e1tico III: Pr\u00e1ticas pedag\u00f3gicas e base nacional curricular.<br \/>\nEixo Tem\u00e1tico IV: Ensino e aprendizagem de ci\u00eancias.<\/p>\n<h5><span class=\"fs28 cf3 ff3\"><b>Inscri\u00e7\u00f5es gratuitas!<\/b><\/span><\/h5>\n<div class=\"info-box-row clearfix\" id=\"info-box-row-10\">\n<div id=\"info-box-35\" class=\" ffs-three-one ffs-info-box center \" ><div class=\"ffs-icon-box\"><span class=\"ffs-icon-container\"><i class=\"fa fa-check-square-o\" style=\"background-color:#000; color:#fff; border-radius:50%; \"><\/i><\/span><\/div><div class=\"ffs-content-box\"><div class=\"infobox-text\"  style=\"text-align:center; font-size:13px; \" ><img fetchpriority=\"high\" decoding=\"async\" class=\"alignnone size-full wp-image-12\" src=\"http:\/\/pesquisa.ifg.edu.br\/nupepe-epepe\/wp-content\/uploads\/sites\/4\/2016\/11\/realizacao-nupepe.png\" alt=\"realizacao-nupepe\" width=\"298\" height=\"340\" \/><\/div><\/div><\/div>\n<div id=\"info-box-50\" class=\" ffs-three-one ffs-info-box center \" ><div class=\"ffs-icon-box\"><span class=\"ffs-icon-container\"><i class=\"fa fa-check-square-o\" style=\"background-color:#000; color:#fff; border-radius:50%; \"><\/i><\/span><\/div><div class=\"ffs-content-box\"><div class=\"infobox-text\"  style=\"text-align:center; font-size:13px; \" ><img decoding=\"async\" class=\"alignnone size-full wp-image-13\" src=\"http:\/\/pesquisa.ifg.edu.br\/nupepe-epepe\/wp-content\/uploads\/sites\/4\/2016\/11\/apoio-pet.png\" alt=\"apoio-pet\" width=\"300\" height=\"340\" \/><\/div><\/div><\/div>\n<div id=\"info-box-87\" class=\" ffs-three-one ffs-info-box center last\" ><div class=\"ffs-icon-box\"><span class=\"ffs-icon-container\"><i class=\"fa fa-check-square-o\" style=\"background-color:#000; color:#fff; border-radius:50%; \"><\/i><\/span><\/div><div class=\"ffs-content-box\"><div class=\"infobox-text\"  style=\"text-align:center; font-size:13px; \" ><img decoding=\"async\" class=\"alignnone size-full wp-image-14\" src=\"http:\/\/pesquisa.ifg.edu.br\/nupepe-epepe\/wp-content\/uploads\/sites\/4\/2016\/11\/apoio-IFG.png\" alt=\"apoio-ifg\" width=\"300\" height=\"340\" \/><\/div><\/div><\/div>\n<\/div><div class=\"clearfix\"><\/div>\n","protected":false},"excerpt":{"rendered":"<p>I EPEPE Estamos passando por mudan\u00e7as que atingem diretamente nossas a\u00e7\u00f5es em sala de aula, dentre elas, o processo de aprova\u00e7\u00e3o das Diretrizes Nacionais para os cursos de Forma\u00e7\u00e3o de Professores e a discuss\u00e3o da Base Nacional Comum Curricular. Frente a essas mudan\u00e7as surgem muitos questionamentos e posicionamentos divergentes e, por isso, faz-se necess\u00e1rio ouvir, [&hellip;]<\/p>\n","protected":false},"author":10,"featured_media":0,"parent":0,"menu_order":0,"comment_status":"closed","ping_status":"closed","template":"","meta":{"_monsterinsights_skip_tracking":false,"_monsterinsights_sitenote_active":false,"_monsterinsights_sitenote_note":"","_monsterinsights_sitenote_category":0,"footnotes":""},"class_list":["post-6","page","type-page","status-publish","hentry"],"_links":{"self":[{"href":"https:\/\/pesquisa.ifg.edu.br\/nupepe-epepe\/wp-json\/wp\/v2\/pages\/6"}],"collection":[{"href":"https:\/\/pesquisa.ifg.edu.br\/nupepe-epepe\/wp-json\/wp\/v2\/pages"}],"about":[{"href":"https:\/\/pesquisa.ifg.edu.br\/nupepe-epepe\/wp-json\/wp\/v2\/types\/page"}],"author":[{"embeddable":true,"href":"https:\/\/pesquisa.ifg.edu.br\/nupepe-epepe\/wp-json\/wp\/v2\/users\/10"}],"replies":[{"embeddable":true,"href":"https:\/\/pesquisa.ifg.edu.br\/nupepe-epepe\/wp-json\/wp\/v2\/comments?post=6"}],"version-history":[{"count":5,"href":"https:\/\/pesquisa.ifg.edu.br\/nupepe-epepe\/wp-json\/wp\/v2\/pages\/6\/revisions"}],"predecessor-version":[{"id":16,"href":"https:\/\/pesquisa.ifg.edu.br\/nupepe-epepe\/wp-json\/wp\/v2\/pages\/6\/revisions\/16"}],"wp:attachment":[{"href":"https:\/\/pesquisa.ifg.edu.br\/nupepe-epepe\/wp-json\/wp\/v2\/media?parent=6"}],"curies":[{"name":"wp","href":"https:\/\/api.w.org\/{rel}","templated":true}]}}