{"id":25,"date":"2016-11-16T10:00:05","date_gmt":"2016-11-16T12:00:05","guid":{"rendered":"http:\/\/pesquisa.ifg.edu.br\/nupepe-epepe\/?page_id=25"},"modified":"2016-11-16T10:00:05","modified_gmt":"2016-11-16T12:00:05","slug":"normas-para-trabalhos","status":"publish","type":"page","link":"https:\/\/pesquisa.ifg.edu.br\/nupepe-epepe\/normas-para-trabalhos\/","title":{"rendered":"Normas para trabalhos"},"content":{"rendered":"<h3 style=\"text-align: center\"><span class=\"ff1 fs24\"><b>NORMAS PARA INSCRI\u00c7\u00c3O DE TRABALHOS<\/b><br \/>\n<\/span><\/h3>\n<p style=\"text-align: justify\"><span class=\"ff1 fs24\">Ser\u00e3o aceitas inscri\u00e7\u00f5es de propostas de trabalhos apenas para a modalidade p\u00f4ster.<br \/>\nCada participante poder\u00e1 submeter at\u00e9 02 (dois) trabalhos na condi\u00e7\u00e3o de autor principal e at\u00e9 03 (tr\u00eas) trabalhos, na condi\u00e7\u00e3o de coautor;<br \/>\nO n\u00famero m\u00e1ximo de autores dever\u00e1 ser de 5 (1 autor principal e 4 coautores);<\/p>\n<p>Para cada trabalho proposto dever\u00e1 ser enviado um resumo simples, cujo modelo est\u00e1 dispon\u00edvel na \u00e1rea restrita, sendo necess\u00e1rio que o participante entre com seu login e senha informados no ato da inscri\u00e7\u00e3o. O resumo dever\u00e1 ter no m\u00e1ximo 1 (uma) p\u00e1gina.<\/p>\n<p>O envio de trabalhos dever\u00e1 ser feito tamb\u00e9m atrav\u00e9s da \u00e1rea restrita. O autor principal \u00e9 o respons\u00e1vel por submeter o trabalho, sendo obrigat\u00f3rio informar o nome dos coautores nos locais especificados no ato da submiss\u00e3o. O arquivo dever\u00e1 ter o tamanho de \u00a0at\u00e9 20 MB em formato Word ou PDF.<\/p>\n<p>Os trabalhos dever\u00e3o ser resultados de pr\u00e1ticas desenvolvidas nas escolas, nos est\u00e1gios supervisionados e das pr\u00e1ticas de ensino, resultados parciais de pesquisas em andamento ou conclu\u00eddas, relatos de experi\u00eancias de profissionais da educa\u00e7\u00e3o.<\/p>\n<p>Os trabalhos dever\u00e3o contemplar uma das seguintes tem\u00e1ticas:<br \/>\nEixo Tem\u00e1tico I: Curr\u00edculo e forma\u00e7\u00e3o\/profissionaliza\u00e7\u00e3o de professores.<br \/>\nEixo Tem\u00e1tico II: Pol\u00edticas de curr\u00edculo e avalia\u00e7\u00e3o educacional.<br \/>\nEixo Tem\u00e1tico III: Pr\u00e1ticas pedag\u00f3gicas e base nacional curricular.<br \/>\nEixo Tem\u00e1tico IV: Ensino e aprendizagem de ci\u00eancias.<\/p>\n<p>Normas para confec\u00e7\u00e3o do p\u00f4ster:<br \/>\nO P\u00f4ster dever\u00e1 ser impresso em tamanho de 1,20m de altura X 90cm de largura, contendo t\u00edtulo, identifica\u00e7\u00e3o do(a)s autore(a)s, seguidos das respectivas institui\u00e7\u00f5es; informa\u00e7\u00f5es sobre a pesquisa ou do relato da experi\u00eancia, tais como: objetivos, desenvolvimento, resultados, considera\u00e7\u00f5es ou conclus\u00f5es e refer\u00eancias (ABNT).<br \/>\nUsar letras com tamanho adequado que permitam visibilidade a um metro de dist\u00e2ncia.<br \/>\nNo p\u00f4ster dever\u00e1 estar especificado, em local indicado no modelo, a qual eixo tem\u00e1tico enquadra-se o trabalho.<\/p>\n<p>Prazos &#8211; calend\u00e1rio<br \/>\nO prazo m\u00e1ximo para envio de trabalhos ser\u00e1 dia 24 de junho de 2016.<br \/>\nDivulga\u00e7\u00e3o dos resultados nos e-mails dos autores 10 de agosto de 2016. <\/span><\/p>\n","protected":false},"excerpt":{"rendered":"<p>NORMAS PARA INSCRI\u00c7\u00c3O DE TRABALHOS Ser\u00e3o aceitas inscri\u00e7\u00f5es de propostas de trabalhos apenas para a modalidade p\u00f4ster. Cada participante poder\u00e1 submeter at\u00e9 02 (dois) trabalhos na condi\u00e7\u00e3o de autor principal e at\u00e9 03 (tr\u00eas) trabalhos, na condi\u00e7\u00e3o de coautor; O n\u00famero m\u00e1ximo de autores dever\u00e1 ser de 5 (1 autor principal e 4 coautores); Para [&hellip;]<\/p>\n","protected":false},"author":10,"featured_media":0,"parent":0,"menu_order":0,"comment_status":"closed","ping_status":"closed","template":"","meta":{"_monsterinsights_skip_tracking":false,"_monsterinsights_sitenote_active":false,"_monsterinsights_sitenote_note":"","_monsterinsights_sitenote_category":0,"footnotes":""},"class_list":["post-25","page","type-page","status-publish","hentry"],"_links":{"self":[{"href":"https:\/\/pesquisa.ifg.edu.br\/nupepe-epepe\/wp-json\/wp\/v2\/pages\/25"}],"collection":[{"href":"https:\/\/pesquisa.ifg.edu.br\/nupepe-epepe\/wp-json\/wp\/v2\/pages"}],"about":[{"href":"https:\/\/pesquisa.ifg.edu.br\/nupepe-epepe\/wp-json\/wp\/v2\/types\/page"}],"author":[{"embeddable":true,"href":"https:\/\/pesquisa.ifg.edu.br\/nupepe-epepe\/wp-json\/wp\/v2\/users\/10"}],"replies":[{"embeddable":true,"href":"https:\/\/pesquisa.ifg.edu.br\/nupepe-epepe\/wp-json\/wp\/v2\/comments?post=25"}],"version-history":[{"count":1,"href":"https:\/\/pesquisa.ifg.edu.br\/nupepe-epepe\/wp-json\/wp\/v2\/pages\/25\/revisions"}],"predecessor-version":[{"id":26,"href":"https:\/\/pesquisa.ifg.edu.br\/nupepe-epepe\/wp-json\/wp\/v2\/pages\/25\/revisions\/26"}],"wp:attachment":[{"href":"https:\/\/pesquisa.ifg.edu.br\/nupepe-epepe\/wp-json\/wp\/v2\/media?parent=25"}],"curies":[{"name":"wp","href":"https:\/\/api.w.org\/{rel}","templated":true}]}}