{"id":22,"date":"2016-11-16T09:58:11","date_gmt":"2016-11-16T11:58:11","guid":{"rendered":"http:\/\/pesquisa.ifg.edu.br\/nupepe-epepe\/?page_id=22"},"modified":"2016-11-16T09:58:49","modified_gmt":"2016-11-16T11:58:49","slug":"oficinas-e-minicurso","status":"publish","type":"page","link":"https:\/\/pesquisa.ifg.edu.br\/nupepe-epepe\/oficinas-e-minicurso\/","title":{"rendered":"Oficinas e Minicurso"},"content":{"rendered":"<h3 style=\"text-align: center\"><span class=\"fs32 cf3 ff2\"><b>Oficinas e Minicurso<\/b><\/span><span class=\"fs24 cf3 ff2\"><br \/>\n<\/span><\/h3>\n<p><span class=\"fs24 cf3 ff2\">Ser\u00e3o ofertados duas oficinas e tr\u00eas minicursos realizados concomitantemente, com 30 vagas reservadas para cada um deles. Ao efetuar a inscri\u00e7\u00e3o o participante j\u00e1 dever\u00e1 escolher qual atividade participar\u00e1. Em caso de as vagas estarem excedidas, o participante receber\u00e1 um e-mail solicitando uma nova inscri\u00e7\u00e3o em outra atividade.<br \/>\nS\u00f3 receber\u00e1 certificado de participa\u00e7\u00e3o quem obtiver 100% de frequ\u00eancia no minicurso ou oficina, comprovado atrav\u00e9s da assinatura nas listas de presen\u00e7a.<\/span><\/p>\n<table class=\"imB0\">\n<tbody>\n<tr style=\"height: 20px\">\n<td class=\"imW150 imVc cb5\">\n<p style=\"text-align: center\"><span class=\"ff3 cf3 fs24\"><b>Oficina 1:<br \/>Sala: S504<\/b><\/span><\/p>\n<\/td>\n<td class=\"imW774 imVc cb5\"><span class=\"fs20\"> <\/span><\/p>\n<p style=\"text-align: center\"><span class=\"fs24 cf3 ff3\"><b>A incorpora\u00e7\u00e3o de controv\u00e9rsias sociocient\u00edficas em atividades de ensino de Ci\u00eancias:<\/b><\/span><\/p>\n<\/td>\n<\/tr>\n<tr style=\"height: 20px\">\n<td colspan=\"2\" class=\"imW924 imVt\">\n<p style=\"text-align: justify\"><span class=\"fs24 ff3 cf1\">Palestrante : Prof. Msc. K\u00e1tia Dias Ferreira Ribeiro (UFMT)<\/span><\/p>\n<\/td>\n<\/tr>\n<tr style=\"height: 20px\">\n<td colspan=\"2\" class=\"imW924 imVt\">\n<p style=\"text-align: justify\"><span class=\"ff3 cf3 fs24\"><b>Resumo<\/b><\/span><span class=\"cf1 ff3 fs24\">: A abordagem de controv\u00e9rsias sociocient\u00edficas, aqui denominadas Quest\u00f5es Sociocient\u00edficas (QSC), em sala de aula \u00e9 entendida como auxiliadora para se desenvolver o ensino\/a educa\u00e7\u00e3o em ci\u00eancias que coaduna com as necessidades e desafios da sociedade atual. Admite-se que as QSC abrangem controv\u00e9rsias sobre assuntos sociais, especialmente apresentados pela m\u00eddia, que est\u00e3o relacionados com conhecimentos cient\u00edficos, oferecendo possibilidades formativas interessantes, inclusive a forma\u00e7\u00e3o cidad\u00e3 e a estabelecimento de um processo ensino-aprendizagem de ci\u00eancias com caracter\u00edstica interdisciplinar e contextualizado. Nessa oficina ser\u00e1 abordado sobre a utiliza\u00e7\u00e3o de QSC no ensino de Ci\u00eancias da Natureza na Educa\u00e7\u00e3o B\u00e1sica. Inicia-se com uma explana\u00e7\u00e3o te\u00f3rica sobre ensino de Ci\u00eancias e QSC e posteriormente os participantes ser\u00e3o conduzidos ao entendimento de possibilidades de constru\u00e7\u00e3o e elabora\u00e7\u00e3o de interven\u00e7\u00f5es pedag\u00f3gicas com QSC, bem como \u00e0 reflex\u00e3o sobre as limita\u00e7\u00f5es. <\/span><\/p>\n<\/td>\n<\/tr>\n<tr style=\"height: 20px\">\n<td class=\"imW150 imVc cb5\">\n<p style=\"text-align: center\"><span class=\"ff3 cf3 fs24\"><b>Oficina 2:<br \/>Sala: T402<\/b><\/span><\/p>\n<\/td>\n<td class=\"imW774 imVc cb5\"><span class=\"fs20\"> <\/span><\/p>\n<p style=\"text-align: center\"><span class=\"fs24 cf3 ff3\"><b>FRACTAIS: (RE)PENSANDO A AVALIA\u00c7\u00c3O EDUCACIONAL<\/b><\/span><\/p>\n<\/td>\n<\/tr>\n<tr style=\"height: 20px\">\n<td colspan=\"2\" class=\"imW924 imVt\">\n<p style=\"text-align: justify\"><span class=\"fs24 cf3 ff3\"><b>Palestrante : <\/b><\/span><span class=\"cf1 fs24 ff3\"> Dr. Benerval Pinheiro Santos (FACED\/UFU)<\/span><\/p>\n<\/td>\n<\/tr>\n<tr style=\"height: 105px\">\n<td colspan=\"2\" class=\"imW924 imVt\">\n<p style=\"text-align: justify\"><span class=\"ff3 cf3 fs24\"><b>Resumo:<\/b><\/span><span class=\"cf1 ff3 fs24\"> A educa\u00e7\u00e3o e um campo de pesquisa e atua\u00e7\u00e3o em constante transforma\u00e7\u00e3o. Frente a isso, os t\u00f3picos abordados na oficina v\u00e3o ao encontro do tema do evento na medida em que procuram desencadear um ambiente fecundo \u00e0 compreens\u00e3o de novos processos educacionais. Assim, pretende-se apresentar a historicidade da Geometria Fractal e da Teoria da Complexidade; levar os\/as participantes a repensar pr\u00e1ticas docentes e compreens\u00f5es acerca da avalia\u00e7\u00e3o educacional. Os conte\u00fados trabalhados nesta atividade ser\u00e3o Fra\u00e7\u00f5es; Geometria Fractal; Teoria da Complexidade e Avalia\u00e7\u00e3o Educacional.<\/span><\/p>\n<\/td>\n<\/tr>\n<tr style=\"height: 20px\">\n<td class=\"imW150 imVc cb5\">\n<p style=\"text-align: center\"><span class=\"ff3 cf3 fs24\"><b>Minicurso 1: &nbsp;<br \/>Sala: S506 <\/b><\/span><\/p>\n<\/td>\n<td class=\"imW774 imVc cb5\"><span class=\"fs20\"> <\/span><\/p>\n<p style=\"text-align: center\"><span class=\"fs24 cf3 ff3\"><b>As contribui\u00e7\u00f5es da teoria S\u00f3cio-Hist\u00f3rica para o ensino de Ci\u00eancias<\/b><\/span><\/p>\n<\/td>\n<\/tr>\n<tr style=\"height: 20px\">\n<td colspan=\"2\" class=\"imW924 imVt\">\n<p style=\"text-align: justify\"><span class=\"fs24 cf3 ff3\"><b>Palestrante :<\/b><\/span><span class=\"cf1 fs24 ff3\"><br \/>Prof\u00aa. Ms.\u00c1dria Assun\u00e7\u00e3o Santos de Paula (IFG \u2013 C\u00e2mpus Goi\u00e2nia Oeste)<br \/>Prof. Ghesley Jorge Xavier Paula (IFG \u2013 C\u00e2mpus Itumbiara)<\/span><\/p>\n<\/td>\n<\/tr>\n<tr style=\"height: 20px\">\n<td colspan=\"2\" class=\"imW924 imVt\">\n<p style=\"text-align: justify\"><span class=\"ff3 cf3 fs24\"><b>Resumo:<\/b><\/span><span class=\"cf1 ff3 fs24\"> A Psicologia S\u00f3cio-Hist\u00f3rica se configura como importante arcabou\u00e7o te\u00f3rico para a compreens\u00e3o dos fen\u00f4menos psicol\u00f3gicos que constituem o processo ensino-aprendizagem, da rela\u00e7\u00e3o deste com o desenvolvimento humano, possibilitando ao professor compreender a import\u00e2ncia de sua fun\u00e7\u00e3o como mediador privilegiado, e da Escola como um importante espa\u00e7o de aprendizagem e desenvolvimento global do sujeito. Para o desenvolvimento desta atividade faremos uma exposi\u00e7\u00e3o te\u00f3rica sobre a Psicologia S\u00f3cio-Hist\u00f3rica em seguida um di\u00e1logo sobre a experi\u00eancia docente entre os participantes e finalizaremos com atividade pr\u00e1tica relacionada ao tema do minicurso.<\/span><\/p>\n<\/td>\n<\/tr>\n<tr style=\"height: 20px\">\n<td class=\"imW150 imVc cb5\">\n<p style=\"text-align: center\"><span class=\"ff3 cf3 fs24\"><b>Minicurso 2: &nbsp;<br \/>Sala: S502<\/b><\/span><\/p>\n<\/td>\n<td class=\"imW774 imVc cb5\"><span class=\"fs20\"> <\/span><\/p>\n<p style=\"text-align: center\"><span class=\"fs24 cf3 ff3\"><b>O Curr\u00edculo e o Ensino de Qu\u00edmica da Educa\u00e7\u00e3o de Jovens e Adultos (EJA)<\/b><\/span><\/p>\n<\/td>\n<\/tr>\n<tr style=\"height: 20px\">\n<td colspan=\"2\" class=\"imW924 imVt\">\n<p style=\"text-align: justify\"><span class=\"fs24 cf3 ff3\"><b>Palestrante :<\/b><\/span><span class=\"cf1 fs24 ff3\"> Msc. Jo\u00e3o Paulo Victorino dos Santos (IFG \u2013 C\u00e2mpus Itumbiara)<\/span><\/p>\n<\/td>\n<\/tr>\n<tr style=\"height: 20px\">\n<td colspan=\"2\" class=\"imW924 imVt\">\n<p style=\"text-align: justify\"><span class=\"ff3 cf3 fs24\"><b>Resumo do Minicurso:<\/b><\/span><span class=\"cf1 ff3 fs24\"> &nbsp;De acordo com o Conselho Nacional de Educa\u00e7\u00e3o (CNE) (BRASIL, 2006), a EJA destina-se a assegurar gratuitamente aos jovens e adultos, que n\u00e3o puderam efetuar os estudos na idade regular, oportunidades educacionais apropriadas, considerando as caracter\u00edsticas do aluno, seus interesses, condi\u00e7\u00f5es de vida e de trabalho. As Diretrizes Curriculares Nacionais para a EJA apontam que a EJA considerar\u00e1 as situa\u00e7\u00f5es, os perfis dos estudantes, as faixas et\u00e1rias e se pautar\u00e1 pelos princ\u00edpios de equidade, diferen\u00e7a e proporcionalidade e contextualiza\u00e7\u00e3o das diretrizes curriculares nacionais e na proposi\u00e7\u00e3o de um modelo pedag\u00f3gico pr\u00f3prio. A fun\u00e7\u00e3o do ensino de Qu\u00edmica \u00e9 desenvolver a capacidade de tomada de decis\u00e3o dos educandos, o que implica a necessidade de vincula\u00e7\u00e3o do conte\u00fado trabalhado com o contexto social em que o aluno est\u00e1 inserido. Este curso tem como foco discutir o Curr\u00edculo de Qu\u00edmica praticado na EJA e mostrar propostas de trabalhos que tenham abordagem dos conte\u00fados com foco no cotidiano do aluno para melhorar ou modificar o ensino atual da EJA.<\/span><\/p>\n<\/td>\n<\/tr>\n<tr style=\"height: 20px\">\n<td class=\"imW150 imVc cb5\">\n<p style=\"text-align: center\"><span class=\"ff3 cf3 fs24\"><b>Minicurso 3:<br \/>Sala: S503<\/b><\/span><\/p>\n<\/td>\n<td class=\"imW774 imVc cb5\"><span class=\"fs20\"> <\/span><\/p>\n<p style=\"text-align: center\"><span class=\"fs24 cf3 ff3\"><b>Desvendando as sensa\u00e7\u00f5es: uma proposta para aulas de qu\u00edmica no Ensino M\u00e9dio<\/b><\/span><\/p>\n<\/td>\n<\/tr>\n<tr style=\"height: 20px\">\n<td colspan=\"2\" class=\"imW924 imVt\">\n<p style=\"text-align: justify\"><span class=\"fs24 cf3 ff3\"><b>Palestrante :<\/b><\/span><span class=\"cf1 fs24 ff3\"> Msc. Sandra Cristina Marquez &nbsp;(IFGoiano \u2013 C\u00e2mpus Morrinhos)<\/span><\/p>\n<\/td>\n<\/tr>\n<tr style=\"height: 28px\">\n<td colspan=\"2\" class=\"imW924 imVt\">\n<p style=\"text-align: left\"><span class=\"ff3 cf3 fs24\"><b>Resumo do Minicurso:<\/b> Este minicurso tem por objetivo apresentar e discutir a rela\u00e7\u00e3o entre a Qu\u00edmica e algumas sensa\u00e7\u00f5es experimentadas pelo ser humano como tema para aulas de Qu\u00edmica no Ensino M\u00e9dio. O ser humano experimenta sensa\u00e7\u00f5es desde o seu nascimento, mas desconhece que essas se relacionam diretamente com a produ\u00e7\u00e3o de subst\u00e2ncias qu\u00edmicas. Ent\u00e3o pode-se utilizar esse tema para despertar a aten\u00e7\u00e3o e curiosidade dos alunos do ensino m\u00e9dio, para as aulas de Qu\u00edmica. Assim, no presente minicurso, ser\u00e3o apresentadas sugest\u00f5es de abordagens desse tema em aulas de Qu\u00edmica.<\/span><\/p>\n<\/td>\n<\/tr>\n<\/tbody>\n<\/table>\n","protected":false},"excerpt":{"rendered":"<p>Oficinas e Minicurso Ser\u00e3o ofertados duas oficinas e tr\u00eas minicursos realizados concomitantemente, com 30 vagas reservadas para cada um deles. Ao efetuar a inscri\u00e7\u00e3o o participante j\u00e1 dever\u00e1 escolher qual atividade participar\u00e1. Em caso de as vagas estarem excedidas, o participante receber\u00e1 um e-mail solicitando uma nova inscri\u00e7\u00e3o em outra atividade. S\u00f3 receber\u00e1 certificado de [&hellip;]<\/p>\n","protected":false},"author":10,"featured_media":0,"parent":0,"menu_order":0,"comment_status":"closed","ping_status":"closed","template":"","meta":{"_monsterinsights_skip_tracking":false,"_monsterinsights_sitenote_active":false,"_monsterinsights_sitenote_note":"","_monsterinsights_sitenote_category":0,"footnotes":""},"class_list":["post-22","page","type-page","status-publish","hentry"],"_links":{"self":[{"href":"https:\/\/pesquisa.ifg.edu.br\/nupepe-epepe\/wp-json\/wp\/v2\/pages\/22"}],"collection":[{"href":"https:\/\/pesquisa.ifg.edu.br\/nupepe-epepe\/wp-json\/wp\/v2\/pages"}],"about":[{"href":"https:\/\/pesquisa.ifg.edu.br\/nupepe-epepe\/wp-json\/wp\/v2\/types\/page"}],"author":[{"embeddable":true,"href":"https:\/\/pesquisa.ifg.edu.br\/nupepe-epepe\/wp-json\/wp\/v2\/users\/10"}],"replies":[{"embeddable":true,"href":"https:\/\/pesquisa.ifg.edu.br\/nupepe-epepe\/wp-json\/wp\/v2\/comments?post=22"}],"version-history":[{"count":2,"href":"https:\/\/pesquisa.ifg.edu.br\/nupepe-epepe\/wp-json\/wp\/v2\/pages\/22\/revisions"}],"predecessor-version":[{"id":24,"href":"https:\/\/pesquisa.ifg.edu.br\/nupepe-epepe\/wp-json\/wp\/v2\/pages\/22\/revisions\/24"}],"wp:attachment":[{"href":"https:\/\/pesquisa.ifg.edu.br\/nupepe-epepe\/wp-json\/wp\/v2\/media?parent=22"}],"curies":[{"name":"wp","href":"https:\/\/api.w.org\/{rel}","templated":true}]}}