{"id":17,"date":"2016-11-16T09:55:49","date_gmt":"2016-11-16T11:55:49","guid":{"rendered":"http:\/\/pesquisa.ifg.edu.br\/nupepe-epepe\/?page_id=17"},"modified":"2016-11-16T09:55:49","modified_gmt":"2016-11-16T11:55:49","slug":"cronograma","status":"publish","type":"page","link":"https:\/\/pesquisa.ifg.edu.br\/nupepe-epepe\/cronograma\/","title":{"rendered":"Cronograma"},"content":{"rendered":"<table class=\"imB0\">\n<tbody>\n<tr style=\"height: 20px\">\n<td class=\"imW420 imVc cb4\">\n<p style=\"text-align: center\"><span class=\"ff1 fs36\"><b>26\/08\/2016<\/b><\/span><\/p>\n<\/td>\n<td class=\"imW414 imVc cb4\"><span class=\"fs20\"> <\/span><\/p>\n<p style=\"text-align: center\"><span class=\"ff1 fs36\"><b>27\/08\/2016<\/b><\/span><\/p>\n<\/td>\n<\/tr>\n<tr style=\"height: 20px\">\n<td class=\"imW420 imVt\">\n<p style=\"text-align: left\"><span class=\"ff2 fs24\"><b>18:00 -19:00<\/b><br \/>Recep\u00e7\u00e3o e Inscri\u00e7\u00f5es<br \/>Hall do IFG<\/p>\n<p><b>19:00-19:40<\/b><br \/>Atividade cultural \u2013Coral Incantus \u2013 IFG- C\u00e2mpus \u2013 Itumbiara<\/p>\n<p><b>19:40 &#8211; 20:40<br \/><\/b>Intervalo<\/p>\n<p><b>20:40 &#8211; 21:00<\/b><br \/>Palestra de Abertura: A Gest\u00e3o da Escola P\u00fablica em diferentes lados: Princ\u00edpios divergentes. Palestrante: Dra. Amone In\u00e1cia Alves \u2013 Professora da UFG<\/p>\n<p><b>21:00 &#8211; 22:00<\/b><br \/>Palestra: Implica\u00e7\u00f5es do Curr\u00edculo Nacional para o Ensino de Qu\u00edmica.<br \/>Palestrante. Msc. Ramon Marcelino Ribeiro Junior (IFG- C\u00e2mpus Goi\u00e2nia Oeste)<\/span><\/p>\n<\/td>\n<td class=\"imW414 imVt\"><span class=\"fs20\"> <\/span><\/p>\n<p style=\"text-align: left\"><span class=\"ff2 fs24\"><b>8:00- 12:00<\/b><br \/>Oficina 1: A incorpora\u00e7\u00e3o de controv\u00e9rsias sociocient\u00edficas em atividades de ensino de Ci\u00eancias Naturais: potencialidade e limita\u00e7\u00f5es.<br \/>Oficina 2: Fractais: (re)pensando a Avalia\u00e7\u00e3o Educacional<\/p>\n<p>Minicurso 1: As contribui\u00e7\u00f5es da teoria S\u00f3cio-Hist\u00f3rica para o Ensino de Ci\u00eancias<\/p>\n<p>Minicurso 2: O Curr\u00edculo e o Ensino de Qu\u00edmica da Educa\u00e7\u00e3o de Jovens e Adultos (EJA)<\/p>\n<p>Minicurso 3: Desvendando as sensa\u00e7\u00f5es: uma proposta para aulas de qu\u00edmica no Ensino M\u00e9dio.<\/p>\n<p><b>12:00 \u2013 13:00<\/b><br \/>Almo\u00e7o<\/p>\n<p><b>13:30 &#8211; 14:30<\/b><br \/>P\u00f4steres<\/p>\n<p><b>14:30 &#8211; 15:30<br \/><\/b>Palestra: Diretrizes Nacionais para os cursos de Forma\u00e7\u00e3o de Professores.<br \/>Palestrante: Rachel Benta Messias Bastos<br \/>( IFG- C\u00e2mpus Goi\u00e2nia Oeste)<\/p>\n<p><b>15:30- 16:00<\/b><br \/>Apresenta\u00e7\u00e3o Cultural \u2013encerramento<\/span><\/p>\n<\/td>\n<\/tr>\n<\/tbody>\n<\/table>\n","protected":false},"excerpt":{"rendered":"<p>26\/08\/2016 27\/08\/2016 18:00 -19:00Recep\u00e7\u00e3o e Inscri\u00e7\u00f5esHall do IFG 19:00-19:40Atividade cultural \u2013Coral Incantus \u2013 IFG- C\u00e2mpus \u2013 Itumbiara 19:40 &#8211; 20:40Intervalo 20:40 &#8211; 21:00Palestra de Abertura: A Gest\u00e3o da Escola P\u00fablica em diferentes lados: Princ\u00edpios divergentes. Palestrante: Dra. Amone In\u00e1cia Alves \u2013 Professora da UFG 21:00 &#8211; 22:00Palestra: Implica\u00e7\u00f5es do Curr\u00edculo Nacional para o Ensino de [&hellip;]<\/p>\n","protected":false},"author":10,"featured_media":0,"parent":0,"menu_order":0,"comment_status":"closed","ping_status":"closed","template":"","meta":{"_monsterinsights_skip_tracking":false,"_monsterinsights_sitenote_active":false,"_monsterinsights_sitenote_note":"","_monsterinsights_sitenote_category":0,"footnotes":""},"class_list":["post-17","page","type-page","status-publish","hentry"],"_links":{"self":[{"href":"https:\/\/pesquisa.ifg.edu.br\/nupepe-epepe\/wp-json\/wp\/v2\/pages\/17"}],"collection":[{"href":"https:\/\/pesquisa.ifg.edu.br\/nupepe-epepe\/wp-json\/wp\/v2\/pages"}],"about":[{"href":"https:\/\/pesquisa.ifg.edu.br\/nupepe-epepe\/wp-json\/wp\/v2\/types\/page"}],"author":[{"embeddable":true,"href":"https:\/\/pesquisa.ifg.edu.br\/nupepe-epepe\/wp-json\/wp\/v2\/users\/10"}],"replies":[{"embeddable":true,"href":"https:\/\/pesquisa.ifg.edu.br\/nupepe-epepe\/wp-json\/wp\/v2\/comments?post=17"}],"version-history":[{"count":1,"href":"https:\/\/pesquisa.ifg.edu.br\/nupepe-epepe\/wp-json\/wp\/v2\/pages\/17\/revisions"}],"predecessor-version":[{"id":18,"href":"https:\/\/pesquisa.ifg.edu.br\/nupepe-epepe\/wp-json\/wp\/v2\/pages\/17\/revisions\/18"}],"wp:attachment":[{"href":"https:\/\/pesquisa.ifg.edu.br\/nupepe-epepe\/wp-json\/wp\/v2\/media?parent=17"}],"curies":[{"name":"wp","href":"https:\/\/api.w.org\/{rel}","templated":true}]}}