{"id":53,"date":"2018-04-04T03:38:02","date_gmt":"2018-04-04T06:38:02","guid":{"rendered":"http:\/\/pesquisa.ifg.edu.br\/nupefil\/?page_id=53"},"modified":"2018-06-21T00:05:49","modified_gmt":"2018-06-21T03:05:49","slug":"noticias","status":"publish","type":"page","link":"https:\/\/pesquisa.ifg.edu.br\/nupefil\/noticias\/","title":{"rendered":"Not\u00edcias"},"content":{"rendered":"<p>Fique atento nos eventos e nas pesquisas que est\u00e3o sendo realizadas pela ANPOF &#8211; <strong>Associa\u00e7\u00e3o Nacional de P\u00f3s-Gradua\u00e7\u00e3o em Filosofia.\u00a0 <\/strong>Confira a agenda de eventos e n\u00e3o deixe de se cadastrar e participar dos f\u00f3runs de debate. Clique na imagem \u00e9 visite.<\/p>\n<p><a href=\"http:\/\/anpof.org\/portal\/index.php\/pt-BR\/\"><img fetchpriority=\"high\" decoding=\"async\" class=\"alignnone size-full wp-image-129\" src=\"http:\/\/pesquisa.ifg.edu.br\/nupefil\/wp-content\/uploads\/sites\/9\/2018\/04\/Anpof.png\" alt=\"Anpof\" width=\"708\" height=\"164\" \/><\/a><\/p>\n","protected":false},"excerpt":{"rendered":"<p>Fique atento nos eventos e nas pesquisas que est\u00e3o sendo realizadas pela ANPOF &#8211; Associa\u00e7\u00e3o Nacional de P\u00f3s-Gradua\u00e7\u00e3o em Filosofia.\u00a0 Confira a agenda de eventos e n\u00e3o deixe de se cadastrar e participar dos f\u00f3runs de debate. Clique na imagem \u00e9 visite.<\/p>\n","protected":false},"author":28,"featured_media":0,"parent":0,"menu_order":3,"comment_status":"closed","ping_status":"closed","template":"","meta":{"_monsterinsights_skip_tracking":false,"_monsterinsights_sitenote_active":false,"_monsterinsights_sitenote_note":"","_monsterinsights_sitenote_category":0,"footnotes":""},"class_list":["post-53","page","type-page","status-publish"],"_links":{"self":[{"href":"https:\/\/pesquisa.ifg.edu.br\/nupefil\/wp-json\/wp\/v2\/pages\/53"}],"collection":[{"href":"https:\/\/pesquisa.ifg.edu.br\/nupefil\/wp-json\/wp\/v2\/pages"}],"about":[{"href":"https:\/\/pesquisa.ifg.edu.br\/nupefil\/wp-json\/wp\/v2\/types\/page"}],"author":[{"embeddable":true,"href":"https:\/\/pesquisa.ifg.edu.br\/nupefil\/wp-json\/wp\/v2\/users\/28"}],"replies":[{"embeddable":true,"href":"https:\/\/pesquisa.ifg.edu.br\/nupefil\/wp-json\/wp\/v2\/comments?post=53"}],"version-history":[{"count":4,"href":"https:\/\/pesquisa.ifg.edu.br\/nupefil\/wp-json\/wp\/v2\/pages\/53\/revisions"}],"predecessor-version":[{"id":283,"href":"https:\/\/pesquisa.ifg.edu.br\/nupefil\/wp-json\/wp\/v2\/pages\/53\/revisions\/283"}],"wp:attachment":[{"href":"https:\/\/pesquisa.ifg.edu.br\/nupefil\/wp-json\/wp\/v2\/media?parent=53"}],"curies":[{"name":"wp","href":"https:\/\/api.w.org\/{rel}","templated":true}]}}