{"id":40,"date":"2022-09-20T15:02:54","date_gmt":"2022-09-20T18:02:54","guid":{"rendered":"http:\/\/pesquisa.ifg.edu.br\/nueped\/?page_id=40"},"modified":"2022-09-20T15:03:03","modified_gmt":"2022-09-20T18:03:03","slug":"quem-somos-2","status":"publish","type":"page","link":"https:\/\/pesquisa.ifg.edu.br\/nueped\/quem-somos-2\/","title":{"rendered":"Quem Somos"},"content":{"rendered":"<p style=\"text-align: justify\">Constitu\u00edmos um grupo de pesquisa sediado no Instituto Federal de Goi\u00e1s (IFG) c\u00e2mpus Urua\u00e7u\/GO. Participamos das Linhas de Pesquisa: Diversidade e Educa\u00e7\u00e3o, Tecnologia Educacional, Inclus\u00e3o e Ensino. Somos membros do Grupo de Pesquisa do Diret\u00f3rio do CNPq N\u00facleo de Estudos e Pesquisas em Educa\u00e7\u00e3o, Pol\u00edtica e Diversidade. Os docentes e pesquisadores que comp\u00f5em o grupo trazem experi\u00eancias acad\u00eamicas de \u00e1reas diversas, como educa\u00e7\u00e3o, letras, arte, cultura visual, educa\u00e7\u00e3o especial, l\u00ednguas estrangeiras modernas, lingu\u00edstica, semi\u00f3tica, sociologia, f\u00edsica, biof\u00edsica, matem\u00e1tica aplicada, ci\u00eancia da computa\u00e7\u00e3o, o que tem fortalecido a proposta de uma abordagem multidisciplinar do trabalho. Comp\u00f5e o grupo tamb\u00e9m alunos de gradua\u00e7\u00e3o e p\u00f3s-gradua\u00e7\u00e3o dessas \u00e1reas.<\/p>\n","protected":false},"excerpt":{"rendered":"<p>Constitu\u00edmos um grupo de pesquisa sediado no Instituto Federal de Goi\u00e1s (IFG) c\u00e2mpus Urua\u00e7u\/GO. Participamos das Linhas de Pesquisa: Diversidade e Educa\u00e7\u00e3o, Tecnologia Educacional, Inclus\u00e3o e Ensino. Somos membros do Grupo de Pesquisa do Diret\u00f3rio do CNPq N\u00facleo de Estudos e Pesquisas em Educa\u00e7\u00e3o, Pol\u00edtica e Diversidade. Os docentes e pesquisadores que comp\u00f5em o grupo &#8230; <a title=\"Quem Somos\" class=\"read-more\" href=\"https:\/\/pesquisa.ifg.edu.br\/nueped\/quem-somos-2\/\" aria-label=\"Read more about Quem Somos\">Ler mais<\/a><\/p>\n","protected":false},"author":64,"featured_media":0,"parent":0,"menu_order":0,"comment_status":"closed","ping_status":"closed","template":"","meta":{"_monsterinsights_skip_tracking":false,"_monsterinsights_sitenote_active":false,"_monsterinsights_sitenote_note":"","_monsterinsights_sitenote_category":0,"footnotes":""},"class_list":["post-40","page","type-page","status-publish"],"_links":{"self":[{"href":"https:\/\/pesquisa.ifg.edu.br\/nueped\/wp-json\/wp\/v2\/pages\/40"}],"collection":[{"href":"https:\/\/pesquisa.ifg.edu.br\/nueped\/wp-json\/wp\/v2\/pages"}],"about":[{"href":"https:\/\/pesquisa.ifg.edu.br\/nueped\/wp-json\/wp\/v2\/types\/page"}],"author":[{"embeddable":true,"href":"https:\/\/pesquisa.ifg.edu.br\/nueped\/wp-json\/wp\/v2\/users\/64"}],"replies":[{"embeddable":true,"href":"https:\/\/pesquisa.ifg.edu.br\/nueped\/wp-json\/wp\/v2\/comments?post=40"}],"version-history":[{"count":1,"href":"https:\/\/pesquisa.ifg.edu.br\/nueped\/wp-json\/wp\/v2\/pages\/40\/revisions"}],"predecessor-version":[{"id":43,"href":"https:\/\/pesquisa.ifg.edu.br\/nueped\/wp-json\/wp\/v2\/pages\/40\/revisions\/43"}],"wp:attachment":[{"href":"https:\/\/pesquisa.ifg.edu.br\/nueped\/wp-json\/wp\/v2\/media?parent=40"}],"curies":[{"name":"wp","href":"https:\/\/api.w.org\/{rel}","templated":true}]}}