{"id":26,"date":"2022-09-20T14:30:08","date_gmt":"2022-09-20T17:30:08","guid":{"rendered":"http:\/\/pesquisa.ifg.edu.br\/nueped\/?page_id=26"},"modified":"2022-09-20T15:09:22","modified_gmt":"2022-09-20T18:09:22","slug":"publicacoes","status":"publish","type":"page","link":"https:\/\/pesquisa.ifg.edu.br\/nueped\/publicacoes\/","title":{"rendered":"Linha de Pesquisa"},"content":{"rendered":"<table width=\"463\">\n<tbody>\n<tr>\n<td width=\"463\"><strong>Diversidade e Educa\u00e7\u00e3o<\/strong><\/td>\n<\/tr>\n<tr>\n<td width=\"463\"><strong>Tecnologia Educacional, Inclus\u00e3o e Ensino<\/strong><\/td>\n<\/tr>\n<\/tbody>\n<\/table>\n","protected":false},"excerpt":{"rendered":"<p>Diversidade e Educa\u00e7\u00e3o Tecnologia Educacional, Inclus\u00e3o e Ensino<\/p>\n","protected":false},"author":64,"featured_media":0,"parent":0,"menu_order":0,"comment_status":"closed","ping_status":"closed","template":"","meta":{"_monsterinsights_skip_tracking":false,"_monsterinsights_sitenote_active":false,"_monsterinsights_sitenote_note":"","_monsterinsights_sitenote_category":0,"footnotes":""},"class_list":["post-26","page","type-page","status-publish"],"_links":{"self":[{"href":"https:\/\/pesquisa.ifg.edu.br\/nueped\/wp-json\/wp\/v2\/pages\/26"}],"collection":[{"href":"https:\/\/pesquisa.ifg.edu.br\/nueped\/wp-json\/wp\/v2\/pages"}],"about":[{"href":"https:\/\/pesquisa.ifg.edu.br\/nueped\/wp-json\/wp\/v2\/types\/page"}],"author":[{"embeddable":true,"href":"https:\/\/pesquisa.ifg.edu.br\/nueped\/wp-json\/wp\/v2\/users\/64"}],"replies":[{"embeddable":true,"href":"https:\/\/pesquisa.ifg.edu.br\/nueped\/wp-json\/wp\/v2\/comments?post=26"}],"version-history":[{"count":3,"href":"https:\/\/pesquisa.ifg.edu.br\/nueped\/wp-json\/wp\/v2\/pages\/26\/revisions"}],"predecessor-version":[{"id":46,"href":"https:\/\/pesquisa.ifg.edu.br\/nueped\/wp-json\/wp\/v2\/pages\/26\/revisions\/46"}],"wp:attachment":[{"href":"https:\/\/pesquisa.ifg.edu.br\/nueped\/wp-json\/wp\/v2\/media?parent=26"}],"curies":[{"name":"wp","href":"https:\/\/api.w.org\/{rel}","templated":true}]}}