{"id":21,"date":"2022-09-20T14:27:12","date_gmt":"2022-09-20T17:27:12","guid":{"rendered":"http:\/\/pesquisa.ifg.edu.br\/nueped\/?page_id=21"},"modified":"2022-09-20T14:27:43","modified_gmt":"2022-09-20T17:27:43","slug":"apresentacao","status":"publish","type":"page","link":"https:\/\/pesquisa.ifg.edu.br\/nueped\/","title":{"rendered":"Apresenta\u00e7\u00e3o"},"content":{"rendered":"<p style=\"text-align: justify\">O N\u00facleo de Estudos e Pesquisas em Educa\u00e7\u00e3o, Pol\u00edtica e Diversidade &#8211; NUEPED visa fomentar a pesquisa e a produ\u00e7\u00e3o de conhecimentos na \u00e1rea da Educa\u00e7\u00e3o, diversidade e pol\u00edticas de inclus\u00e3o, em car\u00e1ter permanente, no Instituto Federal de Educa\u00e7\u00e3o, Ci\u00eancia e Tecnologia de Goi\u00e1s \u2013 C\u00e2mpus Urua\u00e7u.<\/p>\n","protected":false},"excerpt":{"rendered":"<p>O N\u00facleo de Estudos e Pesquisas em Educa\u00e7\u00e3o, Pol\u00edtica e Diversidade &#8211; NUEPED visa fomentar a pesquisa e a produ\u00e7\u00e3o de conhecimentos na \u00e1rea da Educa\u00e7\u00e3o, diversidade e pol\u00edticas de inclus\u00e3o, em car\u00e1ter permanente, no Instituto Federal de Educa\u00e7\u00e3o, Ci\u00eancia e Tecnologia de Goi\u00e1s \u2013 C\u00e2mpus Urua\u00e7u.<\/p>\n","protected":false},"author":64,"featured_media":0,"parent":0,"menu_order":1,"comment_status":"closed","ping_status":"closed","template":"","meta":{"_monsterinsights_skip_tracking":false,"_monsterinsights_sitenote_active":false,"_monsterinsights_sitenote_note":"","_monsterinsights_sitenote_category":0,"footnotes":""},"class_list":["post-21","page","type-page","status-publish"],"_links":{"self":[{"href":"https:\/\/pesquisa.ifg.edu.br\/nueped\/wp-json\/wp\/v2\/pages\/21"}],"collection":[{"href":"https:\/\/pesquisa.ifg.edu.br\/nueped\/wp-json\/wp\/v2\/pages"}],"about":[{"href":"https:\/\/pesquisa.ifg.edu.br\/nueped\/wp-json\/wp\/v2\/types\/page"}],"author":[{"embeddable":true,"href":"https:\/\/pesquisa.ifg.edu.br\/nueped\/wp-json\/wp\/v2\/users\/64"}],"replies":[{"embeddable":true,"href":"https:\/\/pesquisa.ifg.edu.br\/nueped\/wp-json\/wp\/v2\/comments?post=21"}],"version-history":[{"count":2,"href":"https:\/\/pesquisa.ifg.edu.br\/nueped\/wp-json\/wp\/v2\/pages\/21\/revisions"}],"predecessor-version":[{"id":25,"href":"https:\/\/pesquisa.ifg.edu.br\/nueped\/wp-json\/wp\/v2\/pages\/21\/revisions\/25"}],"wp:attachment":[{"href":"https:\/\/pesquisa.ifg.edu.br\/nueped\/wp-json\/wp\/v2\/media?parent=21"}],"curies":[{"name":"wp","href":"https:\/\/api.w.org\/{rel}","templated":true}]}}