{"id":80,"date":"2018-05-22T12:20:42","date_gmt":"2018-05-22T15:20:42","guid":{"rendered":"http:\/\/pesquisa.ifg.edu.br\/laboratoriodoensinodehistoria\/?page_id=80"},"modified":"2021-04-20T12:36:07","modified_gmt":"2021-04-20T15:36:07","slug":"projetos-de-pesquisa","status":"publish","type":"page","link":"https:\/\/pesquisa.ifg.edu.br\/laboratoriodoensinodehistoria\/projetos-home\/projetos-de-pesquisa\/","title":{"rendered":"Projetos de Pesquisa"},"content":{"rendered":"<hr \/>\n<h6 style=\"text-align: justify\"><span style=\"color: #000080\"><strong>Hist\u00f3ria e Movimentos Sociais: ucronias e utopias<\/strong><\/span><\/h6>\n<p style=\"text-align: justify\"><span style=\"text-decoration: underline\">Coordenadora<\/span>: Prof.\u00aa Dr.\u00aa Mariana Affonso Penna<\/p>\n<p style=\"text-align: justify\">Vig\u00eancia: 2018-2021<\/p>\n<p style=\"text-align: justify\"><span style=\"text-decoration: underline\">Encontros quinzenais (intercalados com grupo de estudos)<\/span>: quartas, entre 14:15 e 16:00<\/p>\n<p style=\"text-align: justify\">Este projeto tem por objetivo vincular pesquisa e extens\u00e3o como partes de um mesmo processo de produ\u00e7\u00e3o acad\u00eamica. A inten\u00e7\u00e3o \u00e9 aglutinar uma equipe de estudantes e professoras\/es pesquisadoras\/es para realizar o levantamento de fontes e registro de mem\u00f3rias acerca de movimentos sociais. Com base metodol\u00f3gica na Hist\u00f3ria Oral (PORTELLI, 1991, 1997, 2003, 2010) e na intera\u00e7\u00e3o colaborativa (GRANDI, 2010; MOREIRA, GRANDI e ALMEIDA, 2009), ser\u00e3o produzidas fontes orais. Al\u00e9m destas, ser\u00e3o levantadas e analisadas fontes documentais, iconogr\u00e1ficas, dentre outras. A pesquisa bibliogr\u00e1fica sobre o tema tamb\u00e9m ser\u00e1 alvo de nossa aten\u00e7\u00e3o. O objetivo \u00e9 desenvolver an\u00e1lises acerca da constitui\u00e7\u00e3o hist\u00f3rica e das mem\u00f3rias dos movimentos sociais, especialmente no que se refere \u00e0s suas ucronias e utopias. Portanto, focar-nos-emos n\u00e3o somente no estudo das mem\u00f3rias dos grupos atualmente existentes, mas tamb\u00e9m acerca das mem\u00f3rias produzidas em torno de movimentos pret\u00e9ritos e como estas se relacionam com a\u00e7\u00f5es presentes dos movimentos sociais. Comumente as utopias \u2013 notadamente manifestas em projetos e um horizonte futuro \u2013 assumem em passados interrompidos, as ucronias, modelos que embasariam suas aspira\u00e7\u00f5es e anseios. As experi\u00eancias do passado, ainda que interrompidas, legitimariam projetos presentes uma vez que comprovariam, em alguma medida, sua possibilidade. Desta maneira, dois conceitos ser\u00e3o centrais nesta pesquisa: ucronia e utopia. Esta escolha n\u00e3o \u00e9 fortuita, mas parte de uma proposta para a an\u00e1lise hist\u00f3rica dos movimentos sociais que nos pareceu significativa e satisfat\u00f3ria para uma melhor compreens\u00e3o e an\u00e1lise destes sujeitos sociais. A busca pelas intersec\u00e7\u00f5es entre o presente e o passado, assim como a compreens\u00e3o dos usos e apropria\u00e7\u00f5es do passado no presente, nos parecem instrumentos fundamentais para a compreens\u00e3o dos mais variados ativismos sociais. Estas reflex\u00f5es ser\u00e3o publicizadas junto \u00e0s pr\u00f3prias coletividades estudadas, assim como em meios acad\u00eamicos atrav\u00e9s de publica\u00e7\u00f5es em revistas cient\u00edficas e da organiza\u00e7\u00e3o e participa\u00e7\u00e3o em eventos acad\u00eamicos.<\/p>\n<hr \/>\n<h6><\/h6>\n","protected":false},"excerpt":{"rendered":"<p>Hist\u00f3ria e Movimentos Sociais: ucronias e utopias Coordenadora: Prof.\u00aa Dr.\u00aa Mariana Affonso Penna Vig\u00eancia: 2018-2021 Encontros quinzenais (intercalados com grupo de estudos): quartas, entre 14:15 e 16:00 Este projeto tem por objetivo vincular pesquisa e extens\u00e3o como partes de um&#8230;<br \/><a class=\"read-more-button\" href=\"https:\/\/pesquisa.ifg.edu.br\/laboratoriodoensinodehistoria\/projetos-home\/projetos-de-pesquisa\/\">Read more<\/a><\/p>\n","protected":false},"author":34,"featured_media":0,"parent":72,"menu_order":0,"comment_status":"closed","ping_status":"closed","template":"","meta":{"_monsterinsights_skip_tracking":false,"_monsterinsights_sitenote_active":false,"_monsterinsights_sitenote_note":"","_monsterinsights_sitenote_category":0,"footnotes":""},"class_list":["post-80","page","type-page","status-publish","hentry"],"_links":{"self":[{"href":"https:\/\/pesquisa.ifg.edu.br\/laboratoriodoensinodehistoria\/wp-json\/wp\/v2\/pages\/80"}],"collection":[{"href":"https:\/\/pesquisa.ifg.edu.br\/laboratoriodoensinodehistoria\/wp-json\/wp\/v2\/pages"}],"about":[{"href":"https:\/\/pesquisa.ifg.edu.br\/laboratoriodoensinodehistoria\/wp-json\/wp\/v2\/types\/page"}],"author":[{"embeddable":true,"href":"https:\/\/pesquisa.ifg.edu.br\/laboratoriodoensinodehistoria\/wp-json\/wp\/v2\/users\/34"}],"replies":[{"embeddable":true,"href":"https:\/\/pesquisa.ifg.edu.br\/laboratoriodoensinodehistoria\/wp-json\/wp\/v2\/comments?post=80"}],"version-history":[{"count":15,"href":"https:\/\/pesquisa.ifg.edu.br\/laboratoriodoensinodehistoria\/wp-json\/wp\/v2\/pages\/80\/revisions"}],"predecessor-version":[{"id":597,"href":"https:\/\/pesquisa.ifg.edu.br\/laboratoriodoensinodehistoria\/wp-json\/wp\/v2\/pages\/80\/revisions\/597"}],"up":[{"embeddable":true,"href":"https:\/\/pesquisa.ifg.edu.br\/laboratoriodoensinodehistoria\/wp-json\/wp\/v2\/pages\/72"}],"wp:attachment":[{"href":"https:\/\/pesquisa.ifg.edu.br\/laboratoriodoensinodehistoria\/wp-json\/wp\/v2\/media?parent=80"}],"curies":[{"name":"wp","href":"https:\/\/api.w.org\/{rel}","templated":true}]}}