{"id":148,"date":"2018-05-25T11:07:49","date_gmt":"2018-05-25T14:07:49","guid":{"rendered":"http:\/\/pesquisa.ifg.edu.br\/laboratoriodoensinodehistoria\/?page_id=148"},"modified":"2018-06-04T11:39:15","modified_gmt":"2018-06-04T14:39:15","slug":"objetivos","status":"publish","type":"page","link":"https:\/\/pesquisa.ifg.edu.br\/laboratoriodoensinodehistoria\/apresentacao\/objetivos\/","title":{"rendered":"Objetivos"},"content":{"rendered":"<p>&nbsp;<\/p>\n<p style=\"text-align: justify\"><strong>Objetivo Geral<\/strong><\/p>\n<p style=\"text-align: justify\">Desenvolver a\u00e7\u00f5es na \u00e1rea do Ensino, Pesquisa e Extens\u00e3o que permitam o aprofundamento da discuss\u00e3o entre Hist\u00f3ria e ensino de Hist\u00f3ria e o compartilhamento das pr\u00e1ticas pedag\u00f3gicas dos licenciandos e profissionais ligados ao ensino da Hist\u00f3ria.<\/p>\n<p style=\"text-align: justify\"><strong>Objetivos Espec\u00edficos<\/strong><\/p>\n<ol>\n<li style=\"text-align: justify\">Contribuir para a forma\u00e7\u00e3o acad\u00eamica dos licenciandos do Curso de Hist\u00f3ria;<\/li>\n<li style=\"text-align: justify\">Articular a\u00e7\u00f5es que permitam o compartilhamento de atividades e experi\u00eancias dos diferentes elementos que dentro da Matriz Curricular ou dentro do Curso promovam a discuss\u00e3o sobre o ensino da Hist\u00f3ria, tais como: PIBIC, PIBID, Est\u00e1gio, Pr\u00e1tica Como Componente Curricular e as disciplinas voltadas para a discuss\u00e3o do ensino de Hist\u00f3ria. Esse compartilhamento pode se dar na forma de semin\u00e1rios, palestras, mesas redondas, grupos de estudo ou desenvolvimento de pesquisa na \u00e1rea de ensino com tem\u00e1ticas que possam ser agregadoras das discuss\u00f5es em curso;<\/li>\n<li style=\"text-align: justify\">Desenvolver projetos de pesquisa que contemplem a rela\u00e7\u00e3o entre Hist\u00f3ria e ensino de Hist\u00f3ria, seja atrav\u00e9s da discuss\u00e3o te\u00f3rica ou do estudo, do desenvolvimento e da experimenta\u00e7\u00e3o de pr\u00e1ticas pedag\u00f3gicas relativas ao mesmo;<\/li>\n<li style=\"text-align: justify\">Desenvolver projetos de extens\u00e3o que busquem o compartilhamento de experi\u00eancias sobre o ensino de Hist\u00f3ria entre os licenciandos, os docentes do Curso e os docentes do Ensino Fundamental e M\u00e9dio, atendendo o princ\u00edpio da forma\u00e7\u00e3o continuada;<\/li>\n<li style=\"text-align: justify\">Envolver os licenciandos nos projetos de ensino, pesquisa e extens\u00e3o buscando atender o princ\u00edpio da forma\u00e7\u00e3o de um professor-pesquisador;<\/li>\n<li style=\"text-align: justify\">Divulgar as a\u00e7\u00f5es do Laborat\u00f3rio por meio de um boletim eletr\u00f4nico ou impresso, da manuten\u00e7\u00e3o do site e da realiza\u00e7\u00e3o de Semin\u00e1rios.<\/li>\n<\/ol>\n<p>&nbsp;<\/p>\n<p><em>*Este texto sobre os Objetivos do Laborat\u00f3rio foi retirado do Projeto Pol\u00edtico do Curso de Licenciatura em Hist\u00f3ria do IFG.<\/em><\/p>\n","protected":false},"excerpt":{"rendered":"<p>&nbsp; Objetivo Geral Desenvolver a\u00e7\u00f5es na \u00e1rea do Ensino, Pesquisa e Extens\u00e3o que permitam o aprofundamento da discuss\u00e3o entre Hist\u00f3ria e ensino de Hist\u00f3ria e o compartilhamento das pr\u00e1ticas pedag\u00f3gicas dos licenciandos e profissionais ligados ao ensino da Hist\u00f3ria. Objetivos&#8230;<br \/><a class=\"read-more-button\" href=\"https:\/\/pesquisa.ifg.edu.br\/laboratoriodoensinodehistoria\/apresentacao\/objetivos\/\">Read more<\/a><\/p>\n","protected":false},"author":34,"featured_media":0,"parent":40,"menu_order":0,"comment_status":"closed","ping_status":"closed","template":"","meta":{"_monsterinsights_skip_tracking":false,"_monsterinsights_sitenote_active":false,"_monsterinsights_sitenote_note":"","_monsterinsights_sitenote_category":0,"footnotes":""},"class_list":["post-148","page","type-page","status-publish","hentry"],"_links":{"self":[{"href":"https:\/\/pesquisa.ifg.edu.br\/laboratoriodoensinodehistoria\/wp-json\/wp\/v2\/pages\/148"}],"collection":[{"href":"https:\/\/pesquisa.ifg.edu.br\/laboratoriodoensinodehistoria\/wp-json\/wp\/v2\/pages"}],"about":[{"href":"https:\/\/pesquisa.ifg.edu.br\/laboratoriodoensinodehistoria\/wp-json\/wp\/v2\/types\/page"}],"author":[{"embeddable":true,"href":"https:\/\/pesquisa.ifg.edu.br\/laboratoriodoensinodehistoria\/wp-json\/wp\/v2\/users\/34"}],"replies":[{"embeddable":true,"href":"https:\/\/pesquisa.ifg.edu.br\/laboratoriodoensinodehistoria\/wp-json\/wp\/v2\/comments?post=148"}],"version-history":[{"count":7,"href":"https:\/\/pesquisa.ifg.edu.br\/laboratoriodoensinodehistoria\/wp-json\/wp\/v2\/pages\/148\/revisions"}],"predecessor-version":[{"id":225,"href":"https:\/\/pesquisa.ifg.edu.br\/laboratoriodoensinodehistoria\/wp-json\/wp\/v2\/pages\/148\/revisions\/225"}],"up":[{"embeddable":true,"href":"https:\/\/pesquisa.ifg.edu.br\/laboratoriodoensinodehistoria\/wp-json\/wp\/v2\/pages\/40"}],"wp:attachment":[{"href":"https:\/\/pesquisa.ifg.edu.br\/laboratoriodoensinodehistoria\/wp-json\/wp\/v2\/media?parent=148"}],"curies":[{"name":"wp","href":"https:\/\/api.w.org\/{rel}","templated":true}]}}