{"id":99,"date":"2023-07-20T12:25:30","date_gmt":"2023-07-20T15:25:30","guid":{"rendered":"http:\/\/pesquisa.ifg.edu.br\/labmaker\/?page_id=99"},"modified":"2023-07-21T17:45:25","modified_gmt":"2023-07-21T20:45:25","slug":"equipamentos","status":"publish","type":"page","link":"https:\/\/pesquisa.ifg.edu.br\/labmaker\/pagina-inicial\/equipamentos\/","title":{"rendered":"Equipamentos"},"content":{"rendered":"<h4>Impressoras 3D<\/h4>\n<p><img fetchpriority=\"high\" decoding=\"async\" class=\"alignleft wp-image-116\" src=\"http:\/\/pesquisa.ifg.edu.br\/labmaker\/wp-content\/uploads\/sites\/26\/2023\/07\/80d8c5c0-d0a0-4f75-bf8a-9162ca4869f9.jpg\" alt=\"80d8c5c0-d0a0-4f75-bf8a-9162ca4869f9\" width=\"751\" height=\"438\" \/><\/p>\n<h6 style=\"text-align: justify\"><\/h6>\n<p>&nbsp;<\/p>\n<h6 style=\"text-align: justify\">O LabMaker possui <strong>tr\u00eas<\/strong> impressoras 3D que operam a todo vapor, moldando pe\u00e7as para prot\u00f3tipos de todos os tipos de projetos presentes no laborat\u00f3rio.<\/h6>\n<p>&nbsp;<\/p>\n<h6 style=\"text-align: justify\">Nesse contexto, a impressora 3D tem sido uma aliada poderosa para <strong>acelerar<\/strong> o processo de <strong>prototipagem<\/strong> e produ\u00e7\u00e3o de <strong>componentes<\/strong> e dispositivos espec\u00edficos. Anteriormente, a fabrica\u00e7\u00e3o de pe\u00e7as personalizadas exigia investimentos em maquin\u00e1rios complexos e tempo consider\u00e1vel, o que poderia atrasar o andamento dos projetos. Com a impress\u00e3o 3D, esse cen\u00e1rio mudou drasticamente.<\/h6>\n<p>&nbsp;<\/p>\n<h6 style=\"text-align: justify\"><\/h6>\n<h4>Creality CR10 v2<\/h4>\n<p>&nbsp;<\/p>\n<h6 style=\"text-align: justify\">\u00a0<img decoding=\"async\" class=\"alignleft wp-image-122\" src=\"http:\/\/pesquisa.ifg.edu.br\/labmaker\/wp-content\/uploads\/sites\/26\/2023\/07\/WhatsApp-Image-2023-07-20-at-10.26.18.jpeg\" alt=\"WhatsApp Image 2023-07-20 at 10.26.18\" width=\"130\" height=\"231\" \/>As duas impressora <strong>Creality<\/strong> do laborat\u00f3rio s\u00e3o utilizadas para a cria\u00e7\u00e3o de pe\u00e7as utilizando o material PLA (Biopol\u00edmero \u00c1cido Polil\u00e1ctico) que \u00e9 menos <strong>t\u00f3xico<\/strong> ao se elevar a temperatura do material, tendo desvantagens na sua resist\u00eancia. \u00c9 impresso v\u00e1rias pe\u00e7as de teste, para a avalia\u00e7\u00e3o da <strong>qualidade<\/strong> da impress\u00e3o que ficam a exposi\u00e7\u00e3o dentro do pr\u00f3prio laborat\u00f3rio. A impressora conta com a presen\u00e7a de uma <a href=\"https:\/\/www.raspberrypi.com\">raspberry pi<\/a>, que utiliza da <a href=\"https:\/\/octoprint.org\">octoprint<\/a> para realizar o <strong>monitoramento<\/strong> da impressora remotamente, utilizando webcams.<\/h6>\n<p>&nbsp;<\/p>\n<h4><\/h4>\n<p>&nbsp;<\/p>\n<h4>GTMax 3D Core a3<\/h4>\n<p>&nbsp;<\/p>\n<p>&nbsp;<\/p>\n<h6 style=\"text-align: justify\"><img decoding=\"async\" class=\"alignleft wp-image-139\" src=\"http:\/\/pesquisa.ifg.edu.br\/labmaker\/wp-content\/uploads\/sites\/26\/2023\/07\/WhatsApp-Image-2023-07-20-at-10.26.19.jpeg\" alt=\"WhatsApp Image 2023-07-20 at 10.26.19\" width=\"128\" height=\"228\" \/>Essa impressora \u00e9 mais utilizada para se imprimir pe\u00e7as que se necessitam ser mais <strong>resistentes<\/strong>, pela utiliza\u00e7\u00e3o recorrente do filamento de ABS (Acrilonitrila Butadieno Estireno). Por ser mais resistente, ele necessita de uma temperatura mais elevada para se trabalhar, e por esse motivo, mais <strong>gases<\/strong> s\u00e3o soltos no ambiente quando est\u00e1 sendo utilizado na impressora, mas a &#8220;c\u00e1psula&#8221; que envolve a impressora diminui a locomo\u00e7\u00e3o do g\u00e1s no c\u00f4modo, diminuindo a toxidade que produz. Diferente da impressora anterior, a <strong>velocidade<\/strong> de impress\u00e3o por pe\u00e7a \u00e9 bem mais <strong>elevada<\/strong>.<\/h6>\n<p>&nbsp;<\/p>\n<p>&nbsp;<\/p>\n<h4><\/h4>\n<h4><\/h4>\n<h4>Cortadora a laser<\/h4>\n<p>&nbsp;<\/p>\n<p>&nbsp;<\/p>\n<h6 style=\"text-align: justify\"><img loading=\"lazy\" decoding=\"async\" class=\"alignleft wp-image-150\" src=\"http:\/\/pesquisa.ifg.edu.br\/labmaker\/wp-content\/uploads\/sites\/26\/2023\/07\/09b5f225-0d7c-40be-835d-918f89ac6d52.jpg\" alt=\"09b5f225-0d7c-40be-835d-918f89ac6d52\" width=\"260\" height=\"162\" \/>A cortadora a laser tamb\u00e9m possibilita um melhor <strong>desenvolvimento<\/strong> na \u00e1rea de projetos que ocorrem no laborat\u00f3rio. Utilizando placas de MDF (Medium Density Fiberboard, em portugu\u00eas, chapa de fibra de madeira de m\u00e9dia densidade) de 3mm, ou at\u00e9, em chapas de acr\u00edlico. Com essa cortadora a laser, foi poss\u00edvel <strong>fabricar<\/strong> chaveiros de brinde em eventos cient\u00edficos que nossa equipe frequentou, caixas para o pr\u00f3prio laborat\u00f3rio no sentido de <strong>organiza\u00e7\u00e3o<\/strong> do LabMaker, moedas MiautCoin usadas no projeto CopaScratch, entre v\u00e1rias outras utilidades que possam ainda surgir no <strong>futuro<\/strong>. A cortadora utiliza do software <a href=\"http:\/\/topwisdom.com.cn\/Download\/index\/l\/en\/id\/5.html\">AutoLaser<\/a> para realizar o desenho do Corte na m\u00e1quina, que pode ser configurada pelos pr\u00f3prios usu\u00e1rios.<\/h6>\n<p>&nbsp;<\/p>\n<p>&nbsp;<\/p>\n<p>&nbsp;<\/p>\n<h4>Prototipadora de Circuito Impresso<\/h4>\n<p>&nbsp;<\/p>\n<p>&nbsp;<\/p>\n<h6><img loading=\"lazy\" decoding=\"async\" class=\"alignleft wp-image-152\" src=\"http:\/\/pesquisa.ifg.edu.br\/labmaker\/wp-content\/uploads\/sites\/26\/2023\/07\/51c8fcf1-2d36-4418-8aff-b2c0253d058b.jpg\" alt=\"51c8fcf1-2d36-4418-8aff-b2c0253d058b\" width=\"195\" height=\"211\" \/>A prototipadora de Circuito Impresso da LPKF, possibilita a\u00a0constru\u00e7\u00e3o\u00a0de <strong>circuitos<\/strong> impressos dentro do pr\u00f3prio laborat\u00f3rio, caso haja a necessidade de construir um circuito espec\u00edfico na cria\u00e7\u00e3o de um <strong>prot\u00f3tipo<\/strong> de algum projeto. Nesse caso, \u00e9 uma prototipadora de <strong>frezagem<\/strong>, que possui v\u00e1rias brocas espec\u00edficas, para tamanhos diferentes e fun\u00e7\u00f5es diferentes na impress\u00e3o. \u00c9 utilizado placas de <strong>cobre<\/strong>, onde as brocas furam o contorno do <strong>caminho<\/strong> de cobre para que a eletricidade passe especificamente por aquele caminho.<\/h6>\n","protected":false},"excerpt":{"rendered":"<p>Impressoras 3D &nbsp; O LabMaker possui tr\u00eas impressoras 3D que operam a todo vapor, moldando pe\u00e7as para prot\u00f3tipos de todos os tipos de projetos presentes no laborat\u00f3rio. &nbsp; Nesse contexto, a impressora 3D tem sido uma aliada poderosa para acelerar <a class=\"more-link\" href=\"https:\/\/pesquisa.ifg.edu.br\/labmaker\/pagina-inicial\/equipamentos\/\">&#8230; Saiba mais<\/a><\/p>\n","protected":false},"author":79,"featured_media":0,"parent":14,"menu_order":0,"comment_status":"closed","ping_status":"closed","template":"","meta":{"_monsterinsights_skip_tracking":false,"_monsterinsights_sitenote_active":false,"_monsterinsights_sitenote_note":"","_monsterinsights_sitenote_category":0,"footnotes":""},"class_list":["post-99","page","type-page","status-publish","hentry"],"_links":{"self":[{"href":"https:\/\/pesquisa.ifg.edu.br\/labmaker\/wp-json\/wp\/v2\/pages\/99"}],"collection":[{"href":"https:\/\/pesquisa.ifg.edu.br\/labmaker\/wp-json\/wp\/v2\/pages"}],"about":[{"href":"https:\/\/pesquisa.ifg.edu.br\/labmaker\/wp-json\/wp\/v2\/types\/page"}],"author":[{"embeddable":true,"href":"https:\/\/pesquisa.ifg.edu.br\/labmaker\/wp-json\/wp\/v2\/users\/79"}],"replies":[{"embeddable":true,"href":"https:\/\/pesquisa.ifg.edu.br\/labmaker\/wp-json\/wp\/v2\/comments?post=99"}],"version-history":[{"count":43,"href":"https:\/\/pesquisa.ifg.edu.br\/labmaker\/wp-json\/wp\/v2\/pages\/99\/revisions"}],"predecessor-version":[{"id":154,"href":"https:\/\/pesquisa.ifg.edu.br\/labmaker\/wp-json\/wp\/v2\/pages\/99\/revisions\/154"}],"up":[{"embeddable":true,"href":"https:\/\/pesquisa.ifg.edu.br\/labmaker\/wp-json\/wp\/v2\/pages\/14"}],"wp:attachment":[{"href":"https:\/\/pesquisa.ifg.edu.br\/labmaker\/wp-json\/wp\/v2\/media?parent=99"}],"curies":[{"name":"wp","href":"https:\/\/api.w.org\/{rel}","templated":true}]}}