{"id":71,"date":"2023-07-19T19:43:08","date_gmt":"2023-07-19T22:43:08","guid":{"rendered":"http:\/\/pesquisa.ifg.edu.br\/labmaker\/?page_id=71"},"modified":"2023-08-07T15:56:23","modified_gmt":"2023-08-07T18:56:23","slug":"hardware","status":"publish","type":"page","link":"https:\/\/pesquisa.ifg.edu.br\/labmaker\/segue-o-bicho\/hardware\/","title":{"rendered":"Hardware"},"content":{"rendered":"<h6 style=\"text-align: justify\"><\/h6>\n<h6 style=\"text-align: justify\"><\/h6>\n<h6 style=\"text-align: justify\">Tendo em mente todas informa\u00e7\u00f5es que desejam ser recebidas, e todas as caracter\u00edsticas desejadas no funcionamento de uma coleira de monitoramento, um circuito deve ser projetado e constru\u00eddo. Por\u00e9m, inicialmente foi desenvolvido um prot\u00f3tipo que utiliza de circuitos impressos que possuem comunica\u00e7\u00e3o com o Ambiente de Desenvolvimento Integrado (IDE) do Arduino, o que facilita muito na aplica\u00e7\u00e3o de software do circuito. Posteriormente, componentes melhores ou mais baratos poder\u00e3o substituir os atuais, e al\u00e9m disso, todo o circuito em quest\u00e3o ser\u00e1 integrado, de forma a diminuir o tamanho e peso do dispositivo em quest\u00e3o.<\/h6>\n<p>&nbsp;<\/p>\n<h4><strong>Sistema de Comunica\u00e7\u00e3o<\/strong><\/h4>\n<p>&nbsp;<\/p>\n<p><img fetchpriority=\"high\" decoding=\"async\" class=\"alignleft size-full wp-image-190\" src=\"http:\/\/pesquisa.ifg.edu.br\/labmaker\/wp-content\/uploads\/sites\/26\/2023\/07\/Design-sem-nome.png\" alt=\"Design sem nome\" width=\"1920\" height=\"1080\" \/><\/p>\n<p>&nbsp;<\/p>\n<p>&nbsp;<\/p>\n<p>&nbsp;<\/p>\n<p>&nbsp;<\/p>\n<p>&nbsp;<\/p>\n<p>&nbsp;<\/p>\n<p>&nbsp;<\/p>\n<p>&nbsp;<\/p>\n<p>&nbsp;<\/p>\n<p>&nbsp;<\/p>\n<p>&nbsp;<\/p>\n<p>&nbsp;<\/p>\n<p>&nbsp;<\/p>\n<h6 style=\"text-align: justify\"><\/h6>\n<h6 style=\"text-align: justify\"><\/h6>\n<h6 style=\"text-align: justify\">O processo de comunica\u00e7\u00e3o entre a coleira e o usu\u00e1rio, ou seja, o aplicativo Android, envolve v\u00e1rias camadas de recep\u00e7\u00e3o e envio de dados, e v\u00e1rios tipos de comunica\u00e7\u00f5es diferentes, desde a banda larga ao GPS. A coleira \u00e9 composta por um dispositivo que busca o sat\u00e9lite mais pr\u00f3ximo.<\/h6>\n<h6 style=\"text-align: justify\"><span class=\"selectable-text copyable-text\">A coleira \u00e9 composta por um dispositivo que busca a antena mais pr\u00f3xima de 2G para verificar a possibilidade de transmitir a informa\u00e7\u00e3o da coleira at\u00e9 a antena, que posteriormente ir\u00e1 ser\u00e1 repassar um sinal de posi\u00e7\u00e3o, caso o sat\u00e9lite mais pr\u00f3ximo da posi\u00e7\u00e3o do animal seja encontrado. Mas caso n\u00e3o seja poss\u00edvel transmitir pela aus\u00eancia de sinal, o dado \u00e9 armazenado num cart\u00e3o SD at\u00e9 que a comunica\u00e7\u00e3o entre a antena mais pr\u00f3xima de banda larga seja encontrada pelo componente. Todos as informa\u00e7\u00f5es ser\u00e3o enviadas \u00e0 um banco de dados, onde ser\u00e3o realizados c\u00e1lculos e an\u00e1lises para serem amostrados ao usu\u00e1rio do aplicativo, atrav\u00e9s de uma interface din\u00e2mica e acess\u00edvel.<\/span><\/h6>\n","protected":false},"excerpt":{"rendered":"<p>Tendo em mente todas informa\u00e7\u00f5es que desejam ser recebidas, e todas as caracter\u00edsticas desejadas no funcionamento de uma coleira de monitoramento, um circuito deve ser projetado e constru\u00eddo. Por\u00e9m, inicialmente foi desenvolvido um prot\u00f3tipo que utiliza de circuitos impressos que <a class=\"more-link\" href=\"https:\/\/pesquisa.ifg.edu.br\/labmaker\/segue-o-bicho\/hardware\/\">&#8230; Saiba mais<\/a><\/p>\n","protected":false},"author":79,"featured_media":0,"parent":22,"menu_order":0,"comment_status":"closed","ping_status":"closed","template":"","meta":{"_monsterinsights_skip_tracking":false,"_monsterinsights_sitenote_active":false,"_monsterinsights_sitenote_note":"","_monsterinsights_sitenote_category":0,"footnotes":""},"class_list":["post-71","page","type-page","status-publish","hentry"],"_links":{"self":[{"href":"https:\/\/pesquisa.ifg.edu.br\/labmaker\/wp-json\/wp\/v2\/pages\/71"}],"collection":[{"href":"https:\/\/pesquisa.ifg.edu.br\/labmaker\/wp-json\/wp\/v2\/pages"}],"about":[{"href":"https:\/\/pesquisa.ifg.edu.br\/labmaker\/wp-json\/wp\/v2\/types\/page"}],"author":[{"embeddable":true,"href":"https:\/\/pesquisa.ifg.edu.br\/labmaker\/wp-json\/wp\/v2\/users\/79"}],"replies":[{"embeddable":true,"href":"https:\/\/pesquisa.ifg.edu.br\/labmaker\/wp-json\/wp\/v2\/comments?post=71"}],"version-history":[{"count":5,"href":"https:\/\/pesquisa.ifg.edu.br\/labmaker\/wp-json\/wp\/v2\/pages\/71\/revisions"}],"predecessor-version":[{"id":193,"href":"https:\/\/pesquisa.ifg.edu.br\/labmaker\/wp-json\/wp\/v2\/pages\/71\/revisions\/193"}],"up":[{"embeddable":true,"href":"https:\/\/pesquisa.ifg.edu.br\/labmaker\/wp-json\/wp\/v2\/pages\/22"}],"wp:attachment":[{"href":"https:\/\/pesquisa.ifg.edu.br\/labmaker\/wp-json\/wp\/v2\/media?parent=71"}],"curies":[{"name":"wp","href":"https:\/\/api.w.org\/{rel}","templated":true}]}}