{"id":69,"date":"2023-07-19T19:41:59","date_gmt":"2023-07-19T22:41:59","guid":{"rendered":"http:\/\/pesquisa.ifg.edu.br\/labmaker\/?page_id=69"},"modified":"2023-08-04T15:02:40","modified_gmt":"2023-08-04T18:02:40","slug":"inteligencia-artificial","status":"publish","type":"page","link":"https:\/\/pesquisa.ifg.edu.br\/labmaker\/segue-o-bicho\/inteligencia-artificial\/","title":{"rendered":"Intelig\u00eancia Artificial"},"content":{"rendered":"<h6 style=\"text-align: justify\">As intelig\u00eancias Artificiais (AI) est\u00e3o cada vez mais frequentes no mundo da tecnologia e inova\u00e7\u00e3o atualmente, realizando tarefas que podem ser consideradas muito complexas e inconceb\u00edveis para o ser humano lidar. A realidade hoje, \u00e9 a presen\u00e7a de variadas IAs que est\u00e3o sendo aplicadas em \u00e1reas de <strong>todos<\/strong> os tipos, desde \u00e0 <strong>pesquisas<\/strong> ao polo industrial de empresas <strong>nacionais<\/strong> e <strong>multinacionais<\/strong>. Observando esse benef\u00edcio, foi conclusivo a necessidade de um algoritmo desse tipo no projeto <strong>Segue O Bicho<\/strong>, para diversas aplica\u00e7\u00f5es na <strong>an\u00e1lise<\/strong> de dados, e no desenvolvimento do <strong>Aplicativo Android<\/strong> que acompanha o projeto da coleira.<\/h6>\n<h6 style=\"text-align: justify\"><\/h6>\n<h6 style=\"text-align: justify\">Nesse sentido, foi ent\u00e3o separado 3 grandes <strong>vertentes<\/strong> em que a nossa IA ir\u00e1 atuar para que o projeto da coleira atinja todos os objetivos e desejos de pesquisadores e seus usu\u00e1rios em geral:<\/h6>\n<p>&nbsp;<\/p>\n<h6><\/h6>\n<h4><strong>Simula\u00e7\u00e3o\u00a0Animal<\/strong><\/h4>\n<h6 style=\"text-align: justify\"><img decoding=\"async\" class=\"wp-image-179 alignleft\" src=\"http:\/\/pesquisa.ifg.edu.br\/labmaker\/wp-content\/uploads\/sites\/26\/2023\/07\/posi\u00e7\u00e3o.png\" alt=\"posi\u00e7\u00e3o\" width=\"203\" height=\"203\" \/>Para que as coleiras sejam devidamente usadas em um ambiente hostil que um animal silvestre frequenta, \u00e9 necess\u00e1rio que alguns testes sejam feitos para que a avalia\u00e7\u00e3o do <strong>funcionamento<\/strong> da coleira, e para isso, a coleira \u00e9 testada em animais logo de in\u00edcio,\u00a0vivenciando\u00a0<strong>riscos<\/strong> de existir alguma falha, seja na constru\u00e7\u00e3o do <strong>circuito<\/strong> ou da coleira, no <strong>software<\/strong> do dispositivo, mas principalmente, testando a dura\u00e7\u00e3o da <strong>bateria<\/strong> da coleira que \u00e9 de grande import\u00e2ncia para toda a aquisi\u00e7\u00e3o de dados. Al\u00e9m disso, a soltura de um animal demanda de <strong>custos<\/strong>, para realizar o transporte do animal, e dos cientistas que realizam esse trabalho.<\/h6>\n<h6 style=\"text-align: justify\"><\/h6>\n<h6 style=\"text-align: justify\">Com o intuito de resolver esse problema, uma intelig\u00eancia artificial, treinada com dados <strong>reais<\/strong> de animais silvestres obtidos pela Universidade Federal de Goi\u00e1s (UFG), aproximando ao m\u00e1ximo a <strong>simula\u00e7\u00e3o<\/strong> virtual do comportamento real. Como dito anteriormente, a simula\u00e7\u00e3o \u00e9 direcionada aos <strong>desenvolvedores<\/strong> da coleira, verificando a qualidade do software criado, e se existe alguma falha no sistema.<\/h6>\n<p>&nbsp;<\/p>\n<h4><strong>Predi\u00e7\u00e3o\u00a0de Dados<\/strong><\/h4>\n<h6 style=\"text-align: justify\"><img decoding=\"async\" class=\"alignleft wp-image-184\" src=\"http:\/\/pesquisa.ifg.edu.br\/labmaker\/wp-content\/uploads\/sites\/26\/2023\/07\/posi\u00e7\u00e3o-1.png\" alt=\"posi\u00e7\u00e3o (1)\" width=\"198\" height=\"198\" \/>Analisando o funcionamento da coleira em campo, foi observado a exist\u00eancia de dados <strong>nulos<\/strong>. Dependendo de onde o animal se encontra quando o GPS tenta fazer a comunica\u00e7\u00e3o com o sat\u00e9lite, alguns aspectos do local (Vegeta\u00e7\u00e3o densa, cavernas, altitude muito baixa, entre outros&#8230;), <strong>bloqueia<\/strong> essa tentativa de transmiss\u00e3o de dados, deixando uma parte do banco de dados sem informa\u00e7\u00e3o alguma, e posteriormente, as conclus\u00f5es feitas poder\u00e3o ser <strong>imprecisas<\/strong>.<\/h6>\n<h6 style=\"text-align: justify\"><\/h6>\n<h6 style=\"text-align: justify\"><\/h6>\n<h6 style=\"text-align: justify\">A fim de acabar com esse problema, a intelig\u00eancia artificial consegue, a partir dos dados anteriores e posteriores a ele,\u00a0<strong>premeditar\u00a0<\/strong>onde o animal deveria estar quando houve a tentativa de comunica\u00e7\u00e3o com o sat\u00e9lite, completando o <strong>banco de dados<\/strong> que ser\u00e1 usado pelos pesquisadores.<\/h6>\n<p>&nbsp;<\/p>\n<h4><strong>Identifica\u00e7\u00e3o de Comportamento<\/strong><\/h4>\n<h6 style=\"text-align: justify\"><img decoding=\"async\" class=\"alignleft wp-image-185\" src=\"http:\/\/pesquisa.ifg.edu.br\/labmaker\/wp-content\/uploads\/sites\/26\/2023\/07\/posi\u00e7\u00e3o-2.png\" alt=\"posi\u00e7\u00e3o (2)\" width=\"200\" height=\"200\" \/>Com o intuito de melhorar ainda mais as an\u00e1lises e conclus\u00f5es que ser\u00e3o feitas utilizando os dados de posi\u00e7\u00e3o do animal no ambiente, os dispositivos de <strong>girosc\u00f3pio<\/strong> e <strong>aceler\u00f4metro<\/strong> foram usados para identificar t\u00edpicos comportamentos animais, como correr, pular, comer, ca\u00e7ar, e outras atividades que envolvem a atitude selvagem.<\/h6>\n<h6 style=\"text-align: justify\"><\/h6>\n<h6 style=\"text-align: justify\"><\/h6>\n<h6 style=\"text-align: justify\">Uma intelig\u00eancia artificial, treinada com dados relacionados a esses tipos de comportamento, utilizando as informa\u00e7\u00f5es dos dispositivos citados anteriormente, poder\u00e1 identificar em tempo real e <strong>armazenar<\/strong> esses dados, se for poss\u00edvel a comunica\u00e7\u00e3o, para que um estudo mais <strong>aprofundado<\/strong> possa ser realizado.<\/h6>\n<p>&nbsp;<\/p>\n<p>&nbsp;<\/p>\n","protected":false},"excerpt":{"rendered":"<p>As intelig\u00eancias Artificiais (AI) est\u00e3o cada vez mais frequentes no mundo da tecnologia e inova\u00e7\u00e3o atualmente, realizando tarefas que podem ser consideradas muito complexas e inconceb\u00edveis para o ser humano lidar. A realidade hoje, \u00e9 a presen\u00e7a de variadas IAs <a class=\"more-link\" href=\"https:\/\/pesquisa.ifg.edu.br\/labmaker\/segue-o-bicho\/inteligencia-artificial\/\">&#8230; Saiba mais<\/a><\/p>\n","protected":false},"author":79,"featured_media":0,"parent":22,"menu_order":0,"comment_status":"closed","ping_status":"closed","template":"","meta":{"_monsterinsights_skip_tracking":false,"_monsterinsights_sitenote_active":false,"_monsterinsights_sitenote_note":"","_monsterinsights_sitenote_category":0,"footnotes":""},"class_list":["post-69","page","type-page","status-publish","hentry"],"_links":{"self":[{"href":"https:\/\/pesquisa.ifg.edu.br\/labmaker\/wp-json\/wp\/v2\/pages\/69"}],"collection":[{"href":"https:\/\/pesquisa.ifg.edu.br\/labmaker\/wp-json\/wp\/v2\/pages"}],"about":[{"href":"https:\/\/pesquisa.ifg.edu.br\/labmaker\/wp-json\/wp\/v2\/types\/page"}],"author":[{"embeddable":true,"href":"https:\/\/pesquisa.ifg.edu.br\/labmaker\/wp-json\/wp\/v2\/users\/79"}],"replies":[{"embeddable":true,"href":"https:\/\/pesquisa.ifg.edu.br\/labmaker\/wp-json\/wp\/v2\/comments?post=69"}],"version-history":[{"count":10,"href":"https:\/\/pesquisa.ifg.edu.br\/labmaker\/wp-json\/wp\/v2\/pages\/69\/revisions"}],"predecessor-version":[{"id":188,"href":"https:\/\/pesquisa.ifg.edu.br\/labmaker\/wp-json\/wp\/v2\/pages\/69\/revisions\/188"}],"up":[{"embeddable":true,"href":"https:\/\/pesquisa.ifg.edu.br\/labmaker\/wp-json\/wp\/v2\/pages\/22"}],"wp:attachment":[{"href":"https:\/\/pesquisa.ifg.edu.br\/labmaker\/wp-json\/wp\/v2\/media?parent=69"}],"curies":[{"name":"wp","href":"https:\/\/api.w.org\/{rel}","templated":true}]}}