{"id":24,"date":"2023-07-19T16:49:03","date_gmt":"2023-07-19T19:49:03","guid":{"rendered":"http:\/\/pesquisa.ifg.edu.br\/labmaker\/?page_id=24"},"modified":"2023-07-20T12:41:21","modified_gmt":"2023-07-20T15:41:21","slug":"steam4girls","status":"publish","type":"page","link":"https:\/\/pesquisa.ifg.edu.br\/labmaker\/steam4girls\/","title":{"rendered":"Steam4Girls"},"content":{"rendered":"<h6 style=\"text-align: justify\"><img decoding=\"async\" class=\"size-full wp-image-89 aligncenter\" src=\"http:\/\/pesquisa.ifg.edu.br\/labmaker\/wp-content\/uploads\/sites\/26\/2023\/07\/Logo-Steam4Girls.png\" alt=\"Logo Steam4Girls\" width=\"200\" height=\"200\" \/>O projeto &#8220;Steam4girls&#8221; representa uma iniciativa significativa, cujo prop\u00f3sito \u00e9 oferecer aulas de rob\u00f3tica especialmente direcionadas a meninas de escolas p\u00fablicas. O objetivo primordial dessa iniciativa \u00e9 combater estere\u00f3tipos de g\u00eanero e incentivar a presen\u00e7a feminina no campo STEAM, englobando Ci\u00eancia, Tecnologia, Engenharia, Arte e Matem\u00e1tica.<\/h6>\n<p>&nbsp;<\/p>\n<h6 style=\"text-align: justify\">No &#8220;Steam4girls&#8221;, nosso enfoque \u00e9 proporcionar um curso estruturado com 14 oficinas distintas, cada uma apresentando uma abordagem singular e envolvente. Durante essas aulas, as alunas ter\u00e3o a oportunidade de se familiarizar com conceitos fundamentais de programa\u00e7\u00e3o, enquanto exploram de forma pr\u00e1tica e concreta, ao montar circuitos e experimentar com sensores e dispositivos. Al\u00e9m disso, o ambiente \u00e9 concebido para ser acolhedor e inspirador, visando encorajar e libertar a curiosidade das participantes para explorarem plenamente o vasto potencial oferecido pelo mundo da rob\u00f3tica e das ci\u00eancias, sem quaisquer obst\u00e1culos.<\/h6>\n<p>&nbsp;<\/p>\n<h6 style=\"text-align: justify\">Atualmente, contamos com a ativa participa\u00e7\u00e3o de tr\u00eas professores orientadores e quatro alunas do Instituto Federal de Goi\u00e1s, Campus Goi\u00e2nia, engajados na equipe do &#8220;Steam4girls&#8221;. Destacamos que nossa miss\u00e3o transcende as aulas de rob\u00f3tica, almejando promover uma genu\u00edna transforma\u00e7\u00e3o na sociedade, pois acreditamos firmemente que, ao empoderar as alunas, estaremos contribuindo para um futuro mais igualit\u00e1rio, diverso e inovador.<\/h6>\n<p>&nbsp;<\/p>\n<h6 style=\"text-align: justify\">Para mais informa\u00e7\u00f5es ou d\u00favidas, consulte nossa p\u00e1gina no instagram! <a href=\"https:\/\/www.instagram.com\/steam4girls.ifg\/\" target=\"_blank\">@steam4girls.ifg<\/a><\/h6>\n","protected":false},"excerpt":{"rendered":"<p>O projeto &#8220;Steam4girls&#8221; representa uma iniciativa significativa, cujo prop\u00f3sito \u00e9 oferecer aulas de rob\u00f3tica especialmente direcionadas a meninas de escolas p\u00fablicas. O objetivo primordial dessa iniciativa \u00e9 combater estere\u00f3tipos de g\u00eanero e incentivar a presen\u00e7a feminina no campo STEAM, englobando <a class=\"more-link\" href=\"https:\/\/pesquisa.ifg.edu.br\/labmaker\/steam4girls\/\">&#8230; Saiba mais<\/a><\/p>\n","protected":false},"author":79,"featured_media":94,"parent":0,"menu_order":0,"comment_status":"closed","ping_status":"closed","template":"","meta":{"_monsterinsights_skip_tracking":false,"_monsterinsights_sitenote_active":false,"_monsterinsights_sitenote_note":"","_monsterinsights_sitenote_category":0,"footnotes":""},"class_list":["post-24","page","type-page","status-publish","has-post-thumbnail","hentry"],"_links":{"self":[{"href":"https:\/\/pesquisa.ifg.edu.br\/labmaker\/wp-json\/wp\/v2\/pages\/24"}],"collection":[{"href":"https:\/\/pesquisa.ifg.edu.br\/labmaker\/wp-json\/wp\/v2\/pages"}],"about":[{"href":"https:\/\/pesquisa.ifg.edu.br\/labmaker\/wp-json\/wp\/v2\/types\/page"}],"author":[{"embeddable":true,"href":"https:\/\/pesquisa.ifg.edu.br\/labmaker\/wp-json\/wp\/v2\/users\/79"}],"replies":[{"embeddable":true,"href":"https:\/\/pesquisa.ifg.edu.br\/labmaker\/wp-json\/wp\/v2\/comments?post=24"}],"version-history":[{"count":8,"href":"https:\/\/pesquisa.ifg.edu.br\/labmaker\/wp-json\/wp\/v2\/pages\/24\/revisions"}],"predecessor-version":[{"id":102,"href":"https:\/\/pesquisa.ifg.edu.br\/labmaker\/wp-json\/wp\/v2\/pages\/24\/revisions\/102"}],"wp:featuredmedia":[{"embeddable":true,"href":"https:\/\/pesquisa.ifg.edu.br\/labmaker\/wp-json\/wp\/v2\/media\/94"}],"wp:attachment":[{"href":"https:\/\/pesquisa.ifg.edu.br\/labmaker\/wp-json\/wp\/v2\/media?parent=24"}],"curies":[{"name":"wp","href":"https:\/\/api.w.org\/{rel}","templated":true}]}}