{"id":22,"date":"2023-07-19T16:48:36","date_gmt":"2023-07-19T19:48:36","guid":{"rendered":"http:\/\/pesquisa.ifg.edu.br\/labmaker\/?page_id=22"},"modified":"2023-07-19T20:04:37","modified_gmt":"2023-07-19T23:04:37","slug":"segue-o-bicho","status":"publish","type":"page","link":"https:\/\/pesquisa.ifg.edu.br\/labmaker\/segue-o-bicho\/","title":{"rendered":"Segue o Bicho"},"content":{"rendered":"<p style=\"text-align: justify\">O Segue o Bicho \u00e9 um projeto de pesquisa que atua juntamente com outros projetos da ind\u00fastria 4.0, que tem como objetivo desenvolver uma coleira de monitoramento de animais silvestres, que fornecem dados fatuais para a an\u00e1lise comportamental desses indiv\u00edduos, como o movimento do animal do ambiente (informa\u00e7\u00e3o de GPS), temperatura externa, ou at\u00e9 informa\u00e7\u00f5es de comportamentos espec\u00edficos do animal (correndo, dormindo, reproduzindo).<\/p>\n<p style=\"text-align: justify\">Pela grandeza que o projeto conseguiu atingir, e por conta das variadas necessidades dessa tecnologia, o projeto foi dividido em 3 equipes, que trabalham individualmente em \u00e1reas diferentes do prot\u00f3tipo: Hardware, Software e Intelig\u00eancia Artificial. Utilizando todas essas tecnologias no desenvolvimento de um dispositivo como esse, ser\u00e1 poss\u00edvel melhorar a rela\u00e7\u00e3o entre o homem e o mundo silvestre, al\u00e9m de preservar a vida selvagem, e por conseguinte, o nosso planeta.<\/p>\n<p style=\"text-align: justify\">O desenvolvimento do projeto poder\u00e1 ser acompanhado no nosso perfil do Instagram <a href=\"https:\/\/www.instagram.com\/segueobicho\/\">@segueobicho<\/a>.<\/p>\n<h3>Como surgiu o projeto?<\/h3>\n<p style=\"text-align: justify\">Algumas institui\u00e7\u00f5es que s\u00e3o respons\u00e1veis por monitorar e manter o bem-estar da fauna do Brasil e suas regi\u00f5es, assim como universidades que pesquisam sobre o comportamento animal, realizando estudos e an\u00e1lises comportamentais, est\u00e3o passando por algumas dificuldades relacionadas \u00e0s tecnologias utilizadas para realizar a coleta de dados. A complexidade existente na aquisi\u00e7\u00e3o de informa\u00e7\u00e3o do movimento do animal, sa\u00fade, ou outras informa\u00e7\u00f5es desejadas para realizar c\u00e1lculos e investiga\u00e7\u00f5es desses dados, afim de obter conclus\u00f5es precisas e decisivas para esses animais, n\u00e3o acompanhou a inova\u00e7\u00e3o vista nos dias de hoje, seja em dispositivos como drones, telefones, rel\u00f3gios inteligentes, ou como na \u00e1rea industrial. Atualmente, essa implementa\u00e7\u00e3o \u00e9 extremamente cara por conta da importa\u00e7\u00e3o desse produto de outros pa\u00edses, e em alguns casos, a aquisi\u00e7\u00e3o desses dados que est\u00e3o presentes na coleira do animal que vive num ambiente hostil, pode oferecer risco \u00e0 sa\u00fade dos pesquisadores, que necessitam de ir at\u00e9 o animal para obter os dados, demandando tamb\u00e9m, de custos para transporte, ou medicamentos, como son\u00edferos, para realizar a extra\u00e7\u00e3o da informa\u00e7\u00e3o de forma segura.<\/p>\n<p style=\"text-align: justify\">Visando todos esses problemas, a Ana Beatriz da Universidade Federal de Go\u00edas procurou o Instituto Federal de Goi\u00e1s Campus Goi\u00e2nia para ajud\u00e1-la no desenvolvimento de uma coleira que satisfa\u00e7a o desejo dos pesquisadores da \u00e1rea. O professou Carlos Silveira J\u00fanior se interessou na ideia, e juntamente com o aluno do ensino superior, Gustavo Mota, come\u00e7aram juntos a desenvolver um Trabalho de Conclus\u00e3o de Curso (TCC). Por\u00e9m, diante o grande alcance que esse projeto poderia ter, a transforma\u00e7\u00e3o do TCC em projeto de pesquisa, com o apoio das ind\u00fastrias 4.0, foi enfim realizado.<\/p>\n","protected":false},"excerpt":{"rendered":"<p>O Segue o Bicho \u00e9 um projeto de pesquisa que atua juntamente com outros projetos da ind\u00fastria 4.0, que tem como objetivo desenvolver uma coleira de monitoramento de animais silvestres, que fornecem dados fatuais para a an\u00e1lise comportamental desses indiv\u00edduos, <a class=\"more-link\" href=\"https:\/\/pesquisa.ifg.edu.br\/labmaker\/segue-o-bicho\/\">&#8230; Saiba mais<\/a><\/p>\n","protected":false},"author":79,"featured_media":86,"parent":0,"menu_order":0,"comment_status":"closed","ping_status":"closed","template":"","meta":{"_monsterinsights_skip_tracking":false,"_monsterinsights_sitenote_active":false,"_monsterinsights_sitenote_note":"","_monsterinsights_sitenote_category":0,"footnotes":""},"class_list":["post-22","page","type-page","status-publish","has-post-thumbnail","hentry"],"_links":{"self":[{"href":"https:\/\/pesquisa.ifg.edu.br\/labmaker\/wp-json\/wp\/v2\/pages\/22"}],"collection":[{"href":"https:\/\/pesquisa.ifg.edu.br\/labmaker\/wp-json\/wp\/v2\/pages"}],"about":[{"href":"https:\/\/pesquisa.ifg.edu.br\/labmaker\/wp-json\/wp\/v2\/types\/page"}],"author":[{"embeddable":true,"href":"https:\/\/pesquisa.ifg.edu.br\/labmaker\/wp-json\/wp\/v2\/users\/79"}],"replies":[{"embeddable":true,"href":"https:\/\/pesquisa.ifg.edu.br\/labmaker\/wp-json\/wp\/v2\/comments?post=22"}],"version-history":[{"count":11,"href":"https:\/\/pesquisa.ifg.edu.br\/labmaker\/wp-json\/wp\/v2\/pages\/22\/revisions"}],"predecessor-version":[{"id":68,"href":"https:\/\/pesquisa.ifg.edu.br\/labmaker\/wp-json\/wp\/v2\/pages\/22\/revisions\/68"}],"wp:featuredmedia":[{"embeddable":true,"href":"https:\/\/pesquisa.ifg.edu.br\/labmaker\/wp-json\/wp\/v2\/media\/86"}],"wp:attachment":[{"href":"https:\/\/pesquisa.ifg.edu.br\/labmaker\/wp-json\/wp\/v2\/media?parent=22"}],"curies":[{"name":"wp","href":"https:\/\/api.w.org\/{rel}","templated":true}]}}