{"id":14,"date":"2023-07-19T15:48:14","date_gmt":"2023-07-19T18:48:14","guid":{"rendered":"http:\/\/pesquisa.ifg.edu.br\/labmaker\/?page_id=14"},"modified":"2023-07-20T14:10:51","modified_gmt":"2023-07-20T17:10:51","slug":"pagina-inicial","status":"publish","type":"page","link":"https:\/\/pesquisa.ifg.edu.br\/labmaker\/pagina-inicial\/","title":{"rendered":"Laborat\u00f3rio Maker"},"content":{"rendered":"<h6 style=\"text-align: justify\"><img decoding=\"async\" class=\"size-full wp-image-12 aligncenter\" src=\"http:\/\/pesquisa.ifg.edu.br\/labmaker\/wp-content\/uploads\/sites\/26\/2023\/07\/LabMaker__1_-removebg-preview-1.png\" alt=\"LabMaker__1_-removebg-preview (1)\" width=\"200\" height=\"200\" \/><\/h6>\n<h6 style=\"text-align: justify\"><\/h6>\n<p>&nbsp;<\/p>\n<h6 style=\"text-align: justify\">No cora\u00e7\u00e3o do nosso laborat\u00f3rio, a curiosidade \u00e9 alimentada e a <strong>criatividade<\/strong> ganha vida. Os estudantes s\u00e3o incentivados a explorar seus interesses e a mergulhar em projetos <strong>desafiadores<\/strong> que os empurram al\u00e9m de seus limites. Com o apoio de professores experientes, eles se envolvem em <strong>pesquisas<\/strong> de ponta, desenvolvimento de <strong>prot\u00f3tipos<\/strong>, e at\u00e9 <strong>marketing<\/strong> para promover <strong>startups<\/strong> e <strong>projetos<\/strong> que ali s\u00e3o desenvolvidos.<\/h6>\n<p>&nbsp;<\/p>\n<h6 style=\"text-align: justify\">A <strong>diversidade<\/strong> \u00e9 uma caracter\u00edstica marcante do nosso laborat\u00f3rio. Alunos de diferentes cursos e \u00e1reas do conhecimento trabalham lado a lado, combinando habilidades e conhecimentos para alcan\u00e7ar resultados excepcionais. O esp\u00edrito <strong>colaborativo<\/strong> est\u00e1 enraizado em nossos valores, impulsionando a troca de ideias, a resolu\u00e7\u00e3o de problemas e o compartilhamento de conhecimentos entre todos os participantes.<\/h6>\n<p>&nbsp;<\/p>\n<p>&nbsp;<\/p>\n<h3>O que \u00e9 desenvolvido no Lab Maker?<\/h3>\n<h6 style=\"text-align: justify\">Nossos projetos abrangem uma ampla gama de \u00e1reas, desde a <strong>rob\u00f3tica<\/strong> e <strong>intelig\u00eancia artificial<\/strong> at\u00e9 a <strong>sustentabilidade ambiental<\/strong>. Acreditamos que a inova\u00e7\u00e3o n\u00e3o conhece limites e estamos comprometidos em criar solu\u00e7\u00f5es que tenham um impacto positivo em nossa comunidade e al\u00e9m.<\/h6>\n<p>&nbsp;<\/p>\n<h6 style=\"text-align: justify\">Al\u00e9m disso, o Laborat\u00f3rio Maker do Instituto Federal de Goi\u00e1s busca incentivar a dissemina\u00e7\u00e3o do conhecimento e a participa\u00e7\u00e3o em <strong>eventos cient\u00edficos<\/strong> com projetos de participar em competi\u00e7\u00f5es de rob\u00f3tica ou outras \u00e1reas da tecnologia. Estamos orgulhosos dos pr\u00eamios conquistados por nossos alunos, que demonstram o n\u00edvel de excel\u00eancia e dedica\u00e7\u00e3o que cultivamos em nosso ambiente de pesquisa.<\/h6>\n<p>&nbsp;<\/p>\n<h6 style=\"text-align: justify\">Portanto, convidamos voc\u00ea a explorar nosso site e descobrir mais sobre os projetos emocionantes que acontecem em nosso laborat\u00f3rio. Junte-se a n\u00f3s nessa jornada de descobertas, inova\u00e7\u00e3o e impacto transformador. Seja voc\u00ea um <strong>estudante<\/strong> em busca de inspira\u00e7\u00e3o ou um <strong>parceiro<\/strong> em potencial, estamos prontos para colaborar e construir um futuro mais brilhante atrav\u00e9s do conhecimento e da criatividade. Saiba mais acessando nossa rede social do Instagram <a href=\"https:\/\/www.instagram.com\/labmaker.ifg\/\" target=\"_blank\">@labmaker.ifg<\/a>.<\/h6>\n<p>&nbsp;<\/p>\n<p>&nbsp;<\/p>\n<h3>Equipamentos<\/h3>\n<p>Laborat\u00f3rio LabMaker foi cadastrado no Minist\u00e9rio da Ci\u00eancia, T\u00e9cnologia e Inova\u00e7\u00e3o (MCTI) junto \u00e0 Plataforma Nacional de infraestrutura de Pesquisa (PNIPE) para que <strong>equipamentos<\/strong> fossem adquiridos e utilizados afim de auxiliar as atividades dos projetos que ali est\u00e3o em andamento. Se quiser <strong>saber mais<\/strong> sobre os equipamentos do LabMaker, acesse a p\u00e1gina de <a href=\"http:\/\/pesquisa.ifg.edu.br\/labmaker\/pagina-inicial\/equipamentos\/\">Equipamentos<\/a> do site!<\/p>\n","protected":false},"excerpt":{"rendered":"<p>&nbsp; No cora\u00e7\u00e3o do nosso laborat\u00f3rio, a curiosidade \u00e9 alimentada e a criatividade ganha vida. Os estudantes s\u00e3o incentivados a explorar seus interesses e a mergulhar em projetos desafiadores que os empurram al\u00e9m de seus limites. Com o apoio de <a class=\"more-link\" href=\"https:\/\/pesquisa.ifg.edu.br\/labmaker\/pagina-inicial\/\">&#8230; Saiba mais<\/a><\/p>\n","protected":false},"author":79,"featured_media":7,"parent":0,"menu_order":0,"comment_status":"closed","ping_status":"closed","template":"","meta":{"_monsterinsights_skip_tracking":false,"_monsterinsights_sitenote_active":false,"_monsterinsights_sitenote_note":"","_monsterinsights_sitenote_category":0,"footnotes":""},"class_list":["post-14","page","type-page","status-publish","has-post-thumbnail","hentry"],"_links":{"self":[{"href":"https:\/\/pesquisa.ifg.edu.br\/labmaker\/wp-json\/wp\/v2\/pages\/14"}],"collection":[{"href":"https:\/\/pesquisa.ifg.edu.br\/labmaker\/wp-json\/wp\/v2\/pages"}],"about":[{"href":"https:\/\/pesquisa.ifg.edu.br\/labmaker\/wp-json\/wp\/v2\/types\/page"}],"author":[{"embeddable":true,"href":"https:\/\/pesquisa.ifg.edu.br\/labmaker\/wp-json\/wp\/v2\/users\/79"}],"replies":[{"embeddable":true,"href":"https:\/\/pesquisa.ifg.edu.br\/labmaker\/wp-json\/wp\/v2\/comments?post=14"}],"version-history":[{"count":35,"href":"https:\/\/pesquisa.ifg.edu.br\/labmaker\/wp-json\/wp\/v2\/pages\/14\/revisions"}],"predecessor-version":[{"id":109,"href":"https:\/\/pesquisa.ifg.edu.br\/labmaker\/wp-json\/wp\/v2\/pages\/14\/revisions\/109"}],"wp:featuredmedia":[{"embeddable":true,"href":"https:\/\/pesquisa.ifg.edu.br\/labmaker\/wp-json\/wp\/v2\/media\/7"}],"wp:attachment":[{"href":"https:\/\/pesquisa.ifg.edu.br\/labmaker\/wp-json\/wp\/v2\/media?parent=14"}],"curies":[{"name":"wp","href":"https:\/\/api.w.org\/{rel}","templated":true}]}}