{"id":2,"date":"2020-04-01T14:24:27","date_gmt":"2020-04-01T17:24:27","guid":{"rendered":"http:\/\/pesquisa.ifg.edu.br\/goiasvilalimpa\/?page_id=2"},"modified":"2020-04-12T22:34:05","modified_gmt":"2020-04-13T01:34:05","slug":"sobregoiasvilalimpa","status":"publish","type":"page","link":"https:\/\/pesquisa.ifg.edu.br\/goiasvilalimpa\/sobregoiasvilalimpa\/","title":{"rendered":"Sobre"},"content":{"rendered":"<p>O site Goi\u00e1s Vila Limpa \u00e9 fruto de um projeto de pesquisa do Instituto Federal de Ci\u00eancia, Educa\u00e7\u00e3o e Tecnologia de Goi\u00e1s, c\u00e2mpus Cidade de Goi\u00e1s. Seu objetivo \u00e9 facilitar o acesso a informa\u00e7\u00f5es relativas ao saneamento b\u00e1sico na Cidade de Goi\u00e1s.<\/p>\n<p>Para contribuir com sua opini\u00e3o ou com informa\u00e7\u00f5es relevantes, por favor acesso nossa p\u00e1gina de Contato.<\/p>\n","protected":false},"excerpt":{"rendered":"<p>O site Goi\u00e1s Vila Limpa \u00e9 fruto de um projeto de pesquisa do Instituto Federal de Ci\u00eancia, Educa\u00e7\u00e3o e Tecnologia de Goi\u00e1s, c\u00e2mpus Cidade de Goi\u00e1s. Seu objetivo \u00e9 facilitar o acesso a informa\u00e7\u00f5es relativas ao saneamento b\u00e1sico na Cidade&#8230;<br \/><a class=\"read-more-button\" href=\"https:\/\/pesquisa.ifg.edu.br\/goiasvilalimpa\/sobregoiasvilalimpa\/\">Read more<\/a><\/p>\n","protected":false},"author":44,"featured_media":0,"parent":0,"menu_order":0,"comment_status":"closed","ping_status":"open","template":"","meta":{"_monsterinsights_skip_tracking":false,"_monsterinsights_sitenote_active":false,"_monsterinsights_sitenote_note":"","_monsterinsights_sitenote_category":0,"footnotes":""},"class_list":["post-2","page","type-page","status-publish","hentry"],"_links":{"self":[{"href":"https:\/\/pesquisa.ifg.edu.br\/goiasvilalimpa\/wp-json\/wp\/v2\/pages\/2"}],"collection":[{"href":"https:\/\/pesquisa.ifg.edu.br\/goiasvilalimpa\/wp-json\/wp\/v2\/pages"}],"about":[{"href":"https:\/\/pesquisa.ifg.edu.br\/goiasvilalimpa\/wp-json\/wp\/v2\/types\/page"}],"author":[{"embeddable":true,"href":"https:\/\/pesquisa.ifg.edu.br\/goiasvilalimpa\/wp-json\/wp\/v2\/users\/44"}],"replies":[{"embeddable":true,"href":"https:\/\/pesquisa.ifg.edu.br\/goiasvilalimpa\/wp-json\/wp\/v2\/comments?post=2"}],"version-history":[{"count":1,"href":"https:\/\/pesquisa.ifg.edu.br\/goiasvilalimpa\/wp-json\/wp\/v2\/pages\/2\/revisions"}],"predecessor-version":[{"id":10,"href":"https:\/\/pesquisa.ifg.edu.br\/goiasvilalimpa\/wp-json\/wp\/v2\/pages\/2\/revisions\/10"}],"wp:attachment":[{"href":"https:\/\/pesquisa.ifg.edu.br\/goiasvilalimpa\/wp-json\/wp\/v2\/media?parent=2"}],"curies":[{"name":"wp","href":"https:\/\/api.w.org\/{rel}","templated":true}]}}