{"id":30,"date":"2025-10-09T10:49:09","date_gmt":"2025-10-09T13:49:09","guid":{"rendered":"https:\/\/pesquisa.ifg.edu.br\/gmcfam\/?page_id=30"},"modified":"2025-10-09T11:17:27","modified_gmt":"2025-10-09T14:17:27","slug":"seminarios","status":"publish","type":"page","link":"https:\/\/pesquisa.ifg.edu.br\/gmcfam\/seminarios\/","title":{"rendered":"Semin\u00e1rios"},"content":{"rendered":"\n<div class=\"wp-block-group has-global-padding is-layout-constrained wp-block-group-is-layout-constrained\"><\/div>\n\n\n\n<figure class=\"wp-block-embed aligncenter is-type-video is-provider-youtube wp-block-embed-youtube wp-embed-aspect-16-9 wp-has-aspect-ratio\"><div class=\"wp-block-embed__wrapper\">\n<iframe title=\"Transmiss\u00e3o ao vivo de GMCFAM - Prof. MSc. Fl\u00e1vio Ant\u00f4nio dos Santos\" width=\"500\" height=\"281\" src=\"https:\/\/www.youtube.com\/embed\/ecRpoydBj0U?feature=oembed\" frameborder=\"0\" allow=\"accelerometer; autoplay; clipboard-write; encrypted-media; gyroscope; picture-in-picture; web-share\" referrerpolicy=\"strict-origin-when-cross-origin\" allowfullscreen><\/iframe>\n<\/div><figcaption class=\"wp-element-caption\">Data: 10\/04\/2025<\/figcaption><\/figure>\n\n\n\n<p class=\"has-text-align-left\"><strong>De um imagin\u00e1rio te\u00f3rico para a constata\u00e7\u00e3o experimental e avan\u00e7ado para evid\u00eancias com a Din\u00e2mica Molecular de Carr-Parrinello: Intermedi\u00e1rio Criegee \u00d3xido de Formalde\u00eddo<\/strong><\/p>\n\n\n\n<div style=\"height:24px\" aria-hidden=\"true\" class=\"wp-block-spacer\"><\/div>\n\n\n\n<figure class=\"wp-block-embed is-type-video is-provider-youtube wp-block-embed-youtube wp-embed-aspect-16-9 wp-has-aspect-ratio\"><div class=\"wp-block-embed__wrapper\">\n<iframe title=\"Transmiss\u00e3o ao vivo de GMCFAM - Prof. Dr. Renato Medeiros - UEG - An\u00e1polis\" width=\"500\" height=\"281\" src=\"https:\/\/www.youtube.com\/embed\/v4ecu12ikDo?feature=oembed\" frameborder=\"0\" allow=\"accelerometer; autoplay; clipboard-write; encrypted-media; gyroscope; picture-in-picture; web-share\" referrerpolicy=\"strict-origin-when-cross-origin\" allowfullscreen><\/iframe>\n<\/div><figcaption class=\"wp-element-caption\">Data: 22\/05\/2025<\/figcaption><\/figure>\n\n\n\n<p><strong>Estudos da Difus\u00e3o de Gases Atrav\u00e9s de Monocamadas de Bismuteno com Nanoporo: Uma Abordagem via Din\u00e2mica Molecular.<\/strong><\/p>\n\n\n\n<div style=\"height:24px\" aria-hidden=\"true\" class=\"wp-block-spacer\"><\/div>\n\n\n\n<figure class=\"wp-block-embed is-type-video is-provider-youtube wp-block-embed-youtube wp-embed-aspect-16-9 wp-has-aspect-ratio\"><div class=\"wp-block-embed__wrapper\">\n<iframe title=\"Transmiss\u00e3o ao vivo de GMCFAM - Profa. Dra. N\u00fabia Maria N. Rodrigues\" width=\"500\" height=\"281\" src=\"https:\/\/www.youtube.com\/embed\/3RlcX4OrHNY?feature=oembed\" frameborder=\"0\" allow=\"accelerometer; autoplay; clipboard-write; encrypted-media; gyroscope; picture-in-picture; web-share\" referrerpolicy=\"strict-origin-when-cross-origin\" allowfullscreen><\/iframe>\n<\/div><figcaption class=\"wp-element-caption\">Data: 26\/06\/2025<\/figcaption><\/figure>\n\n\n\n<p><strong>Estudos te\u00f3rico da reatividade qu\u00edmica do nitrog\u00eanio at\u00f4mico no interior do fulereno C70 usando din\u00e2mica molecular de Car-Parrinello.<\/strong><\/p>\n\n\n\n<p><\/p>\n","protected":false},"excerpt":{"rendered":"<p>De um imagin\u00e1rio te\u00f3rico para a constata\u00e7\u00e3o experimental e avan\u00e7ado para evid\u00eancias com a Din\u00e2mica Molecular de Carr-Parrinello: Intermedi\u00e1rio Criegee \u00d3xido de Formalde\u00eddo Estudos da Difus\u00e3o de Gases Atrav\u00e9s de Monocamadas de Bismuteno com Nanoporo: Uma Abordagem via Din\u00e2mica Molecular. Estudos te\u00f3rico da reatividade qu\u00edmica do nitrog\u00eanio at\u00f4mico no interior do fulereno C70 usando din\u00e2mica [&hellip;]<\/p>\n","protected":false},"author":98,"featured_media":0,"parent":0,"menu_order":0,"comment_status":"closed","ping_status":"closed","template":"","meta":{"_monsterinsights_skip_tracking":false,"_monsterinsights_sitenote_active":false,"_monsterinsights_sitenote_note":"","_monsterinsights_sitenote_category":0,"footnotes":""},"class_list":["post-30","page","type-page","status-publish","hentry"],"_links":{"self":[{"href":"https:\/\/pesquisa.ifg.edu.br\/gmcfam\/wp-json\/wp\/v2\/pages\/30"}],"collection":[{"href":"https:\/\/pesquisa.ifg.edu.br\/gmcfam\/wp-json\/wp\/v2\/pages"}],"about":[{"href":"https:\/\/pesquisa.ifg.edu.br\/gmcfam\/wp-json\/wp\/v2\/types\/page"}],"author":[{"embeddable":true,"href":"https:\/\/pesquisa.ifg.edu.br\/gmcfam\/wp-json\/wp\/v2\/users\/98"}],"replies":[{"embeddable":true,"href":"https:\/\/pesquisa.ifg.edu.br\/gmcfam\/wp-json\/wp\/v2\/comments?post=30"}],"version-history":[{"count":13,"href":"https:\/\/pesquisa.ifg.edu.br\/gmcfam\/wp-json\/wp\/v2\/pages\/30\/revisions"}],"predecessor-version":[{"id":44,"href":"https:\/\/pesquisa.ifg.edu.br\/gmcfam\/wp-json\/wp\/v2\/pages\/30\/revisions\/44"}],"wp:attachment":[{"href":"https:\/\/pesquisa.ifg.edu.br\/gmcfam\/wp-json\/wp\/v2\/media?parent=30"}],"curies":[{"name":"wp","href":"https:\/\/api.w.org\/{rel}","templated":true}]}}