{"id":21,"date":"2025-05-26T10:48:39","date_gmt":"2025-05-26T13:48:39","guid":{"rendered":"https:\/\/pesquisa.ifg.edu.br\/gmcfam\/?page_id=21"},"modified":"2025-11-04T17:41:51","modified_gmt":"2025-11-04T20:41:51","slug":"membros","status":"publish","type":"page","link":"https:\/\/pesquisa.ifg.edu.br\/gmcfam\/membros\/","title":{"rendered":"Membros"},"content":{"rendered":"\n<h3 class=\"wp-block-heading\">Membros Pesquisadores<\/h3>\n\n\n\n<p>L\u00edder: Prof. Dr. Rodrigo Aparecido Lemos Silva &#8211; <a href=\"http:\/\/lattes.cnpq.br\/4904843665302189\">Curr\u00edculo<\/a><\/p>\n\n\n\n<p>Prof. Me. Bruno Martins Miranda &#8211; <a href=\"http:\/\/lattes.cnpq.br\/2013947100065493\">Curr\u00edculo<\/a><\/p>\n\n\n\n<p>Prof. Dr. Hugo Leonardo Carvalhaes Couto &#8211; <a href=\"http:\/\/lattes.cnpq.br\/6758348211188912\">Curr\u00edculo<\/a><\/p>\n\n\n\n<p>Prof. Me. Fl\u00e1vio Ant\u00f4nio dos Santos &#8211; <a href=\"http:\/\/lattes.cnpq.br\/5404856656985485\">Curr\u00edculo<\/a><\/p>\n\n\n\n<h3 class=\"wp-block-heading\">Membros Colaboradores<\/h3>\n\n\n\n<p>Prof. Me. Wellington Vieira Ferreira &#8211; <a href=\"http:\/\/lattes.cnpq.br\/3365730024974548\">Curr\u00edculo<\/a><\/p>\n\n\n\n<p><\/p>\n","protected":false},"excerpt":{"rendered":"<p>Membros Pesquisadores L\u00edder: Prof. Dr. Rodrigo Aparecido Lemos Silva &#8211; Curr\u00edculo Prof. Me. Bruno Martins Miranda &#8211; Curr\u00edculo Prof. Dr. Hugo Leonardo Carvalhaes Couto &#8211; Curr\u00edculo Prof. Me. Fl\u00e1vio Ant\u00f4nio dos Santos &#8211; Curr\u00edculo Membros Colaboradores Prof. Me. Wellington Vieira Ferreira &#8211; Curr\u00edculo<\/p>\n","protected":false},"author":98,"featured_media":0,"parent":0,"menu_order":0,"comment_status":"closed","ping_status":"closed","template":"","meta":{"_monsterinsights_skip_tracking":false,"_monsterinsights_sitenote_active":false,"_monsterinsights_sitenote_note":"","_monsterinsights_sitenote_category":0,"footnotes":""},"class_list":["post-21","page","type-page","status-publish","hentry"],"_links":{"self":[{"href":"https:\/\/pesquisa.ifg.edu.br\/gmcfam\/wp-json\/wp\/v2\/pages\/21"}],"collection":[{"href":"https:\/\/pesquisa.ifg.edu.br\/gmcfam\/wp-json\/wp\/v2\/pages"}],"about":[{"href":"https:\/\/pesquisa.ifg.edu.br\/gmcfam\/wp-json\/wp\/v2\/types\/page"}],"author":[{"embeddable":true,"href":"https:\/\/pesquisa.ifg.edu.br\/gmcfam\/wp-json\/wp\/v2\/users\/98"}],"replies":[{"embeddable":true,"href":"https:\/\/pesquisa.ifg.edu.br\/gmcfam\/wp-json\/wp\/v2\/comments?post=21"}],"version-history":[{"count":2,"href":"https:\/\/pesquisa.ifg.edu.br\/gmcfam\/wp-json\/wp\/v2\/pages\/21\/revisions"}],"predecessor-version":[{"id":47,"href":"https:\/\/pesquisa.ifg.edu.br\/gmcfam\/wp-json\/wp\/v2\/pages\/21\/revisions\/47"}],"wp:attachment":[{"href":"https:\/\/pesquisa.ifg.edu.br\/gmcfam\/wp-json\/wp\/v2\/media?parent=21"}],"curies":[{"name":"wp","href":"https:\/\/api.w.org\/{rel}","templated":true}]}}