{"id":20,"date":"2016-06-27T14:09:35","date_gmt":"2016-06-27T17:09:35","guid":{"rendered":"http:\/\/pesquisa.ifg.edu.br\/gesig\/?page_id=20"},"modified":"2016-06-27T14:09:35","modified_gmt":"2016-06-27T17:09:35","slug":"sobre","status":"publish","type":"page","link":"https:\/\/pesquisa.ifg.edu.br\/gesig\/","title":{"rendered":"Sobre"},"content":{"rendered":"<p>O Grupo de Estudo sobre Sistemas de Informa\u00e7\u00e3o Geogr\u00e1fico, GESIG, foi criado com o intuito de:<\/p>\n<ul>\n<li>Desenvolver Sistemas de Informa\u00e7\u00e3o para facilitar a vida das pessoas (o foco do grupo \u00e9 o desenvolvimento de Sistemas de Informa\u00e7\u00e3o Geogr\u00e1fico(SIG), por\u00e9m, Sistemas de Informa\u00e7\u00e3o tamb\u00e9m podem ser desenvolvidos);<\/li>\n<li>Se tornar refer\u00eancia no desenvolvimento de SIG no Brasil;<\/li>\n<li>Fazer parcerias com outras institui\u00e7\u00f5es de ensino do Brasil e do mundo (tornar o grupo multinstitucional e internacional);<\/li>\n<li>Fazer conv\u00eanios com \u00f3rg\u00e3os da administra\u00e7\u00e3o p\u00fablica direta, indireta, empresas p\u00fablicas e privadas.<\/li>\n<\/ul>\n<p>&nbsp;<\/p>\n<p>O GESIG segue as seguintes regras:<\/p>\n<ul>\n<li>O grupo ser\u00e1 composto por professores e pelos melhores alunos e ex-alunos do IFG e das institui\u00e7\u00f5es\u00a0 de ensino parceiras;<\/li>\n<li>Os projetos do grupo podem ser usados como trabalho de conclus\u00e3o de curso de gradua\u00e7\u00e3o, especializa\u00e7\u00e3o, disserta\u00e7\u00e3o de mestrado e tese de doutorado;<\/li>\n<li>Cada projeto ter\u00e1 uma equipe definida pelo gestor do grupo e um cronograma que dever\u00e1 ser seguido;<\/li>\n<li>Todo projeto produzir\u00e1 um software que ser\u00e1 registrado no\u00a0Instituto Nacional da Propriedade Industrial (INPI)\u00a0e um artigo cient\u00edfico publicado em uma revista ou em um congresso com qualis no m\u00ednimo B4;<\/li>\n<li>Os membros do grupo ter\u00e3o qualifica\u00e7\u00e3o atrav\u00e9s de aulas e cursos ministrados por membros que detenham conhecimento pertinente.<\/li>\n<\/ul>\n","protected":false},"excerpt":{"rendered":"<p>O Grupo de Estudo sobre Sistemas de Informa\u00e7\u00e3o Geogr\u00e1fico, GESIG, foi criado com o intuito de: Desenvolver Sistemas de Informa\u00e7\u00e3o para facilitar a vida das pessoas (o foco do grupo \u00e9 o desenvolvimento de Sistemas de Informa\u00e7\u00e3o Geogr\u00e1fico(SIG), por\u00e9m, Sistemas de Informa\u00e7\u00e3o tamb\u00e9m podem ser desenvolvidos); Se tornar refer\u00eancia no desenvolvimento de SIG no Brasil; [&hellip;]<\/p>\n","protected":false},"author":7,"featured_media":0,"parent":0,"menu_order":0,"comment_status":"closed","ping_status":"closed","template":"","meta":{"_monsterinsights_skip_tracking":false,"_monsterinsights_sitenote_active":false,"_monsterinsights_sitenote_note":"","_monsterinsights_sitenote_category":0,"footnotes":""},"class_list":["post-20","page","type-page","status-publish","hentry"],"_links":{"self":[{"href":"https:\/\/pesquisa.ifg.edu.br\/gesig\/wp-json\/wp\/v2\/pages\/20"}],"collection":[{"href":"https:\/\/pesquisa.ifg.edu.br\/gesig\/wp-json\/wp\/v2\/pages"}],"about":[{"href":"https:\/\/pesquisa.ifg.edu.br\/gesig\/wp-json\/wp\/v2\/types\/page"}],"author":[{"embeddable":true,"href":"https:\/\/pesquisa.ifg.edu.br\/gesig\/wp-json\/wp\/v2\/users\/7"}],"replies":[{"embeddable":true,"href":"https:\/\/pesquisa.ifg.edu.br\/gesig\/wp-json\/wp\/v2\/comments?post=20"}],"version-history":[{"count":1,"href":"https:\/\/pesquisa.ifg.edu.br\/gesig\/wp-json\/wp\/v2\/pages\/20\/revisions"}],"predecessor-version":[{"id":21,"href":"https:\/\/pesquisa.ifg.edu.br\/gesig\/wp-json\/wp\/v2\/pages\/20\/revisions\/21"}],"wp:attachment":[{"href":"https:\/\/pesquisa.ifg.edu.br\/gesig\/wp-json\/wp\/v2\/media?parent=20"}],"curies":[{"name":"wp","href":"https:\/\/api.w.org\/{rel}","templated":true}]}}