{"id":31,"date":"2018-04-27T22:53:42","date_gmt":"2018-04-28T01:53:42","guid":{"rendered":"http:\/\/pesquisa.ifg.edu.br\/geo\/?page_id=31"},"modified":"2018-04-27T23:13:27","modified_gmt":"2018-04-28T02:13:27","slug":"linhas-de-pesquisa","status":"publish","type":"page","link":"https:\/\/pesquisa.ifg.edu.br\/geo\/linhas-de-pesquisa\/","title":{"rendered":"Linhas de Pesquisa"},"content":{"rendered":"<p>O Grupo de Estudos est\u00e1 estruturado em tr\u00eas linhas de pesquisa fundamentais: posicionamento geod\u00e9sico e topogr\u00e1fico, sistema de informa\u00e7\u00f5es geogr\u00e1ficas e an\u00e1lise espacial e sensoriamento remoto e processamento digital de imagens.<\/p>\n<hr \/>\n<p><strong>Posicionamento Geod\u00e9sico e Topogr\u00e1fico (PG e T)<\/strong><\/p>\n<hr \/>\n<p>A linha de pesquisa Posicionamento Geod\u00e9sico e Topogr\u00e1fico abrange os m\u00e9todos de posicionamento utilizados em Geod\u00e9sia e Topografia, sejam eles baseados em sat\u00e9lites artificiais pelo GNSS (<em>Global Navigation Satellite System<\/em>) ou cl\u00e1ssicos, envolvendo medidas de \u00e2ngulos, dist\u00e2ncias e dire\u00e7\u00f5es. S\u00e3o abordadas aplica\u00e7\u00f5es, a avalia\u00e7\u00e3o da qualidade e a integra\u00e7\u00e3o dos m\u00e9todos de posicionamento. A proposi\u00e7\u00e3o e o estudo de modelos e algoritmos para a atenua\u00e7\u00e3o de erros ou a representa\u00e7\u00e3o de superf\u00edcies ser\u00e1 foco desta linha de pesquisa. Al\u00e9m disso, ser\u00e3o tratados aspectos relacionados \u00e0 defini\u00e7\u00e3o e realiza\u00e7\u00e3o de referenciais geod\u00e9sicos bem como as transforma\u00e7\u00f5es entre eles e o georreferenciamento.<\/p>\n<p>Participam dessa linha de pesquisa os seguintes pesquisadores: F\u00e1bio Campos Macedo, Halan Faria Lima, Jo\u00e3o Batista Ramos C\u00f4rtes, Jo\u00e3o Paulo Magna J\u00fanior, Max Well de Oliveira Rabelo e Nilton Ricetti Xavier de Nazareno<\/p>\n<p><strong>\u00a0<\/strong><\/p>\n<hr \/>\n<p><strong>Sistemas de Informa\u00e7\u00e3o Geogr\u00e1fica e An\u00e1lise Espacial (SIG e AE)<\/strong><\/p>\n<hr \/>\n<p>A linha de pesquisa Sistema de Informa\u00e7\u00e3o Geogr\u00e1fica e An\u00e1lise Espacial abrange ferramentas e t\u00e9cnicas para armazenamento, an\u00e1lise e manipula\u00e7\u00e3o de dados geogr\u00e1ficos para descri\u00e7\u00e3o de um fen\u00f4meno natural, a interpreta\u00e7\u00e3o de rela\u00e7\u00f5es espaciais, a otimiza\u00e7\u00e3o na recupera\u00e7\u00e3o de informa\u00e7\u00f5es e nas tomadas de decis\u00e3o. Abrange a espacializa\u00e7\u00e3o, em ambiente computacional, de informa\u00e7\u00f5es cartogr\u00e1ficas e descritivas, juntamente com o cruzamento dessas informa\u00e7\u00f5es, deriva\u00e7\u00e3o de dados e an\u00e1lises acerca de adequabilidade, susceptibilidade, realiza\u00e7\u00e3o de infer\u00eancias e an\u00e1lise de qualidade. Desenvolve estudos de tecnologias e modelos, bem como o fornecimento de informa\u00e7\u00f5es para um gerenciamento detalhado do sistema de produ\u00e7\u00e3o agr\u00edcola por meio de agricultura de precis\u00e3o.<\/p>\n<p>Participam dessa linha de pesquisa os seguintes pesquisadores: \u00c9dipo Henrique Cremon, F\u00e1bio Campos Macedo, Jo\u00e3o Paulo Magna J\u00fanior, Marina Alberti Macedo, Max Well de Oliveira Rabelo e Nilton Ricetti Xavier de Nazareno.<\/p>\n<hr \/>\n<p><strong>Sensoriamento Remoto e Processamento Digital de Imagens (SR e PDI)<\/strong><\/p>\n<hr \/>\n<p>A linha de pesquisa Sensoriamento Remoto e Processamento Digital de Imagens trata do desenvolvimento e utiliza\u00e7\u00e3o de modelos, algoritmos e t\u00e9cnicas especiais para o processamento de imagens a\u00e9reas e orbitais, obtidas a partir de aeronaves, ve\u00edculos a\u00e9reos n\u00e3o tripulados (VANT) e sat\u00e9lites artificiais. Aborda o uso de imagens para interpreta\u00e7\u00e3o de alvos na superf\u00edcie f\u00edsica, mapeamento e gerenciamento ambiental. Trata tamb\u00e9m da pesquisa de comportamento espectral de alvos em laborat\u00f3rio, an\u00e1lise em campo das propriedades dos elementos de cena que comp\u00f5em uma imagem oriunda de sat\u00e9lites de sensoriamento remoto e estudo avan\u00e7ado de sensores (caracteriza\u00e7\u00e3o e utiliza\u00e7\u00e3o).<\/p>\n<p>Participam dessa linha de pesquisa os seguintes pesquisadores: \u00c9dipo Henrique Cremon, Giovanni de Araujo Boggione, Jo\u00e3o Batista Ramos C\u00f4rtes e Marina Alberti Macedo.<\/p>\n","protected":false},"excerpt":{"rendered":"<p>O Grupo de Estudos est\u00e1 estruturado em tr\u00eas linhas de pesquisa fundamentais: posicionamento geod\u00e9sico e topogr\u00e1fico, sistema de informa\u00e7\u00f5es geogr\u00e1ficas e an\u00e1lise espacial e sensoriamento remoto e processamento digital de imagens. Posicionamento Geod\u00e9sico e Topogr\u00e1fico (PG e T) A linha de pesquisa Posicionamento Geod\u00e9sico e Topogr\u00e1fico abrange os m\u00e9todos de posicionamento utilizados em Geod\u00e9sia e &hellip; <\/p>\n<p><a class=\"more-link btn\" href=\"https:\/\/pesquisa.ifg.edu.br\/geo\/linhas-de-pesquisa\/\">Continue lendo<\/a><\/p>\n","protected":false},"author":20,"featured_media":0,"parent":0,"menu_order":0,"comment_status":"closed","ping_status":"closed","template":"","meta":{"_monsterinsights_skip_tracking":false,"_monsterinsights_sitenote_active":false,"_monsterinsights_sitenote_note":"","_monsterinsights_sitenote_category":0,"footnotes":""},"class_list":["post-31","page","type-page","status-publish","hentry","nodate","item-wrap"],"_links":{"self":[{"href":"https:\/\/pesquisa.ifg.edu.br\/geo\/wp-json\/wp\/v2\/pages\/31"}],"collection":[{"href":"https:\/\/pesquisa.ifg.edu.br\/geo\/wp-json\/wp\/v2\/pages"}],"about":[{"href":"https:\/\/pesquisa.ifg.edu.br\/geo\/wp-json\/wp\/v2\/types\/page"}],"author":[{"embeddable":true,"href":"https:\/\/pesquisa.ifg.edu.br\/geo\/wp-json\/wp\/v2\/users\/20"}],"replies":[{"embeddable":true,"href":"https:\/\/pesquisa.ifg.edu.br\/geo\/wp-json\/wp\/v2\/comments?post=31"}],"version-history":[{"count":5,"href":"https:\/\/pesquisa.ifg.edu.br\/geo\/wp-json\/wp\/v2\/pages\/31\/revisions"}],"predecessor-version":[{"id":40,"href":"https:\/\/pesquisa.ifg.edu.br\/geo\/wp-json\/wp\/v2\/pages\/31\/revisions\/40"}],"wp:attachment":[{"href":"https:\/\/pesquisa.ifg.edu.br\/geo\/wp-json\/wp\/v2\/media?parent=31"}],"curies":[{"name":"wp","href":"https:\/\/api.w.org\/{rel}","templated":true}]}}