{"id":2,"date":"2017-03-30T11:53:05","date_gmt":"2017-03-30T14:53:05","guid":{"rendered":"http:\/\/pesquisa.ifg.edu.br\/geo\/?page_id=2"},"modified":"2018-04-28T01:36:02","modified_gmt":"2018-04-28T04:36:02","slug":"o-que-e-o-geo","status":"publish","type":"page","link":"https:\/\/pesquisa.ifg.edu.br\/geo\/o-que-e-o-geo\/","title":{"rendered":"O que \u00e9 o GEO?"},"content":{"rendered":"<p>&nbsp;<\/p>\n<blockquote><p>A crescente evolu\u00e7\u00e3o dos equipamentos e m\u00e9todos de coleta, armazenamento, processamento e representa\u00e7\u00e3o da informa\u00e7\u00e3o geoespacial exige constantes pesquisas para melhor aproveitar esses recursos. Essa constata\u00e7\u00e3o aliada \u00e0 cria\u00e7\u00e3o do Curso de Engenharia Cartogr\u00e1fica e de Agrimensura no IFG \u2013 Campus Goi\u00e2nia, estimulou um grupo de professores da \u00e1rea de Geom\u00e1tica a criarem o Grupo de Estudo em Geom\u00e1tica (<strong>GEO<\/strong>).<\/p>\n<hr \/>\n<p>O GEO agrega professores, alunos e t\u00e9cnicos administrativos para pesquisarem, compartilharem experi\u00eancias e se inteirarem acerca de assuntos da \u00e1rea de geoci\u00eancias com enfoque nas ci\u00eancias cartogr\u00e1ficas, agrimensura e geoprocessamento, al\u00e9m de demais \u00e1reas correlatas. \u00c9 desejado criar um ambiente fecundo para pesquisas, onde se possa vincular projetos e pleitear recursos para investimentos em equipamentos e softwares, que auxiliem no desenvolvimento de pesquisas com vi\u00e9s cient\u00edfico e tecnol\u00f3gico.<\/p><\/blockquote>\n<p><!--more--><\/p>\n<p>&nbsp;<\/p>\n","protected":false},"excerpt":{"rendered":"<p>&nbsp; A crescente evolu\u00e7\u00e3o dos equipamentos e m\u00e9todos de coleta, armazenamento, processamento e representa\u00e7\u00e3o da informa\u00e7\u00e3o geoespacial exige constantes pesquisas para melhor aproveitar esses recursos. Essa constata\u00e7\u00e3o aliada \u00e0 cria\u00e7\u00e3o do Curso de Engenharia Cartogr\u00e1fica e de Agrimensura no IFG \u2013 Campus Goi\u00e2nia, estimulou um grupo de professores da \u00e1rea de Geom\u00e1tica a criarem o &hellip; <\/p>\n<p><a class=\"more-link btn\" href=\"https:\/\/pesquisa.ifg.edu.br\/geo\/o-que-e-o-geo\/\">Continue lendo<\/a><\/p>\n","protected":false},"author":19,"featured_media":0,"parent":0,"menu_order":0,"comment_status":"closed","ping_status":"open","template":"","meta":{"_monsterinsights_skip_tracking":false,"_monsterinsights_sitenote_active":false,"_monsterinsights_sitenote_note":"","_monsterinsights_sitenote_category":0,"footnotes":""},"class_list":["post-2","page","type-page","status-publish","hentry","nodate","item-wrap"],"_links":{"self":[{"href":"https:\/\/pesquisa.ifg.edu.br\/geo\/wp-json\/wp\/v2\/pages\/2"}],"collection":[{"href":"https:\/\/pesquisa.ifg.edu.br\/geo\/wp-json\/wp\/v2\/pages"}],"about":[{"href":"https:\/\/pesquisa.ifg.edu.br\/geo\/wp-json\/wp\/v2\/types\/page"}],"author":[{"embeddable":true,"href":"https:\/\/pesquisa.ifg.edu.br\/geo\/wp-json\/wp\/v2\/users\/19"}],"replies":[{"embeddable":true,"href":"https:\/\/pesquisa.ifg.edu.br\/geo\/wp-json\/wp\/v2\/comments?post=2"}],"version-history":[{"count":7,"href":"https:\/\/pesquisa.ifg.edu.br\/geo\/wp-json\/wp\/v2\/pages\/2\/revisions"}],"predecessor-version":[{"id":64,"href":"https:\/\/pesquisa.ifg.edu.br\/geo\/wp-json\/wp\/v2\/pages\/2\/revisions\/64"}],"wp:attachment":[{"href":"https:\/\/pesquisa.ifg.edu.br\/geo\/wp-json\/wp\/v2\/media?parent=2"}],"curies":[{"name":"wp","href":"https:\/\/api.w.org\/{rel}","templated":true}]}}