{"id":14,"date":"2018-04-27T20:16:48","date_gmt":"2018-04-27T23:16:48","guid":{"rendered":"http:\/\/pesquisa.ifg.edu.br\/geo\/?page_id=14"},"modified":"2018-04-27T20:16:48","modified_gmt":"2018-04-27T23:16:48","slug":"projetos","status":"publish","type":"page","link":"https:\/\/pesquisa.ifg.edu.br\/geo\/projetos\/","title":{"rendered":"Projetos"},"content":{"rendered":"<p>Projetos de Inicia\u00e7\u00e3o Cient\u00edfica (2017-2018)<\/p>\n<table width=\"638\">\n<tbody>\n<tr>\n<td width=\"127\"><strong>Orientador<\/strong><\/td>\n<td width=\"373\"><strong>T\u00edtulo do Projeto<\/strong><\/td>\n<td width=\"139\"><strong>Aluno(s)<\/strong><\/td>\n<\/tr>\n<tr>\n<td width=\"127\">\u00c9dipo Henrique Cremon<\/td>\n<td width=\"373\">Avalia\u00e7\u00e3o do n\u00edvel de corre\u00e7\u00e3o de imagens TM\/Landsat-5 para estimativa de concentra\u00e7\u00e3o de sedimentos suspensos no Rio Araguaia<\/td>\n<td width=\"139\">Ana Maria Santos da Silva<\/td>\n<\/tr>\n<tr>\n<td width=\"127\">F\u00e1bio Campos Macedo<\/td>\n<td width=\"373\">An\u00e1lise da qualidade geom\u00e9trica do georreferenciamento de im\u00f3veis rurais realizado por VANT<\/td>\n<td width=\"139\">T\u00e2mara Soares Rosa e Tainara Gomes P. Santos<\/td>\n<\/tr>\n<tr>\n<td width=\"127\">Halan Faria Lima<\/td>\n<td width=\"373\">Avalia\u00e7\u00e3o da precis\u00e3o linear de poligonais topogr\u00e1ficas apoiadas por pontos geod\u00e9sicos<\/td>\n<td width=\"139\">Nath\u00e1lia Alves Silva e Valterci Rosa de O. Junior<\/td>\n<\/tr>\n<tr>\n<td width=\"127\">Jo\u00e3o Paulo Magna Junior<\/td>\n<td width=\"373\">Gest\u00e3o p\u00fablica colaborativa com o uso de tecnologia m\u00f3vel e geoprocessamento<\/td>\n<td width=\"139\">Reizane Maria Damasceno da Silva<\/td>\n<\/tr>\n<tr>\n<td width=\"127\">Max Well de Oliveria Rabelo<\/td>\n<td width=\"373\">Dimensionamento de sistemas agr\u00edcolas conservacionistas para culturas anuais utilizando modelos especializados e ferramentas de geoprocessamento<\/td>\n<td width=\"139\">Jo\u00e3o Pedro de Sousa Costa<\/td>\n<\/tr>\n<\/tbody>\n<\/table>\n","protected":false},"excerpt":{"rendered":"<p>Projetos de Inicia\u00e7\u00e3o Cient\u00edfica (2017-2018) Orientador T\u00edtulo do Projeto Aluno(s) \u00c9dipo Henrique Cremon Avalia\u00e7\u00e3o do n\u00edvel de corre\u00e7\u00e3o de imagens TM\/Landsat-5 para estimativa de concentra\u00e7\u00e3o de sedimentos suspensos no Rio Araguaia Ana Maria Santos da Silva F\u00e1bio Campos Macedo An\u00e1lise da qualidade geom\u00e9trica do georreferenciamento de im\u00f3veis rurais realizado por VANT T\u00e2mara Soares Rosa e &hellip; <\/p>\n<p><a class=\"more-link btn\" href=\"https:\/\/pesquisa.ifg.edu.br\/geo\/projetos\/\">Continue lendo<\/a><\/p>\n","protected":false},"author":20,"featured_media":0,"parent":0,"menu_order":0,"comment_status":"closed","ping_status":"closed","template":"","meta":{"_monsterinsights_skip_tracking":false,"_monsterinsights_sitenote_active":false,"_monsterinsights_sitenote_note":"","_monsterinsights_sitenote_category":0,"footnotes":""},"class_list":["post-14","page","type-page","status-publish","hentry","nodate","item-wrap"],"_links":{"self":[{"href":"https:\/\/pesquisa.ifg.edu.br\/geo\/wp-json\/wp\/v2\/pages\/14"}],"collection":[{"href":"https:\/\/pesquisa.ifg.edu.br\/geo\/wp-json\/wp\/v2\/pages"}],"about":[{"href":"https:\/\/pesquisa.ifg.edu.br\/geo\/wp-json\/wp\/v2\/types\/page"}],"author":[{"embeddable":true,"href":"https:\/\/pesquisa.ifg.edu.br\/geo\/wp-json\/wp\/v2\/users\/20"}],"replies":[{"embeddable":true,"href":"https:\/\/pesquisa.ifg.edu.br\/geo\/wp-json\/wp\/v2\/comments?post=14"}],"version-history":[{"count":1,"href":"https:\/\/pesquisa.ifg.edu.br\/geo\/wp-json\/wp\/v2\/pages\/14\/revisions"}],"predecessor-version":[{"id":15,"href":"https:\/\/pesquisa.ifg.edu.br\/geo\/wp-json\/wp\/v2\/pages\/14\/revisions\/15"}],"wp:attachment":[{"href":"https:\/\/pesquisa.ifg.edu.br\/geo\/wp-json\/wp\/v2\/media?parent=14"}],"curies":[{"name":"wp","href":"https:\/\/api.w.org\/{rel}","templated":true}]}}