{"id":36,"date":"2019-11-13T17:33:27","date_gmt":"2019-11-13T20:33:27","guid":{"rendered":"http:\/\/pesquisa.ifg.edu.br\/gelot\/?page_id=36"},"modified":"2019-11-13T17:46:55","modified_gmt":"2019-11-13T20:46:55","slug":"producao-e-estoques","status":"publish","type":"page","link":"https:\/\/pesquisa.ifg.edu.br\/gelot\/producao-e-estoques\/","title":{"rendered":"PRODU\u00c7\u00c3O E ESTOQUES"},"content":{"rendered":"<p>Linha de pesquisa dedicada ao estudo de temas voltados para planejamento e controle da produ\u00e7\u00e3o; gest\u00e3o da demanda; sistemas para controle de estoques; TI aplicada a log\u00edstica; dentre outros.<\/p>\n","protected":false},"excerpt":{"rendered":"<p>Linha de pesquisa dedicada ao estudo de temas voltados para planejamento e controle da produ\u00e7\u00e3o; gest\u00e3o da demanda; sistemas para controle de estoques; TI aplicada a log\u00edstica; dentre outros.<\/p>\n","protected":false},"author":40,"featured_media":0,"parent":0,"menu_order":0,"comment_status":"closed","ping_status":"closed","template":"","meta":{"_monsterinsights_skip_tracking":false,"_monsterinsights_sitenote_active":false,"_monsterinsights_sitenote_note":"","_monsterinsights_sitenote_category":0,"footnotes":""},"class_list":["post-36","page","type-page","status-publish"],"_links":{"self":[{"href":"https:\/\/pesquisa.ifg.edu.br\/gelot\/wp-json\/wp\/v2\/pages\/36"}],"collection":[{"href":"https:\/\/pesquisa.ifg.edu.br\/gelot\/wp-json\/wp\/v2\/pages"}],"about":[{"href":"https:\/\/pesquisa.ifg.edu.br\/gelot\/wp-json\/wp\/v2\/types\/page"}],"author":[{"embeddable":true,"href":"https:\/\/pesquisa.ifg.edu.br\/gelot\/wp-json\/wp\/v2\/users\/40"}],"replies":[{"embeddable":true,"href":"https:\/\/pesquisa.ifg.edu.br\/gelot\/wp-json\/wp\/v2\/comments?post=36"}],"version-history":[{"count":1,"href":"https:\/\/pesquisa.ifg.edu.br\/gelot\/wp-json\/wp\/v2\/pages\/36\/revisions"}],"predecessor-version":[{"id":38,"href":"https:\/\/pesquisa.ifg.edu.br\/gelot\/wp-json\/wp\/v2\/pages\/36\/revisions\/38"}],"wp:attachment":[{"href":"https:\/\/pesquisa.ifg.edu.br\/gelot\/wp-json\/wp\/v2\/media?parent=36"}],"curies":[{"name":"wp","href":"https:\/\/api.w.org\/{rel}","templated":true}]}}