{"id":55,"date":"2024-04-03T08:05:45","date_gmt":"2024-04-03T11:05:45","guid":{"rendered":"http:\/\/pesquisa.ifg.edu.br\/gcite\/?page_id=55"},"modified":"2024-04-05T20:44:08","modified_gmt":"2024-04-05T23:44:08","slug":"wanderson-rainer-hilario-de-araujo","status":"publish","type":"page","link":"https:\/\/pesquisa.ifg.edu.br\/gcite\/membros\/wanderson-rainer-hilario-de-araujo\/","title":{"rendered":"Wanderson Rainer Hil\u00e1rio de Ara\u00fajo"},"content":{"rendered":"<p><img fetchpriority=\"high\" decoding=\"async\" class=\"alignnone size-full wp-image-134\" src=\"http:\/\/pesquisa.ifg.edu.br\/gcite\/wp-content\/uploads\/sites\/28\/2024\/04\/Wanderson.png\" alt=\"Wanderson\" width=\"200\" height=\"250\" \/><\/p>\n<p>&nbsp;<\/p>\n<p><strong>Orienta\u00e7\u00f5es e supervis\u00f5es<\/strong><\/p>\n<p><strong>Projetos<\/strong><\/p>\n<p><strong>Publica\u00e7\u00f5es<\/strong><\/p>\n<p><strong>Materiais<\/strong><\/p>\n<p><strong>Aulas<\/strong><\/p>\n","protected":false},"excerpt":{"rendered":"<p>&nbsp; Orienta\u00e7\u00f5es e supervis\u00f5es Projetos Publica\u00e7\u00f5es Materiais Aulas<\/p>\n","protected":false},"author":43,"featured_media":0,"parent":8,"menu_order":0,"comment_status":"closed","ping_status":"closed","template":"template-fullwidth.php","meta":{"_monsterinsights_skip_tracking":false,"_monsterinsights_sitenote_active":false,"_monsterinsights_sitenote_note":"","_monsterinsights_sitenote_category":0,"footnotes":""},"class_list":["post-55","page","type-page","status-publish"],"_links":{"self":[{"href":"https:\/\/pesquisa.ifg.edu.br\/gcite\/wp-json\/wp\/v2\/pages\/55"}],"collection":[{"href":"https:\/\/pesquisa.ifg.edu.br\/gcite\/wp-json\/wp\/v2\/pages"}],"about":[{"href":"https:\/\/pesquisa.ifg.edu.br\/gcite\/wp-json\/wp\/v2\/types\/page"}],"author":[{"embeddable":true,"href":"https:\/\/pesquisa.ifg.edu.br\/gcite\/wp-json\/wp\/v2\/users\/43"}],"replies":[{"embeddable":true,"href":"https:\/\/pesquisa.ifg.edu.br\/gcite\/wp-json\/wp\/v2\/comments?post=55"}],"version-history":[{"count":4,"href":"https:\/\/pesquisa.ifg.edu.br\/gcite\/wp-json\/wp\/v2\/pages\/55\/revisions"}],"predecessor-version":[{"id":144,"href":"https:\/\/pesquisa.ifg.edu.br\/gcite\/wp-json\/wp\/v2\/pages\/55\/revisions\/144"}],"up":[{"embeddable":true,"href":"https:\/\/pesquisa.ifg.edu.br\/gcite\/wp-json\/wp\/v2\/pages\/8"}],"wp:attachment":[{"href":"https:\/\/pesquisa.ifg.edu.br\/gcite\/wp-json\/wp\/v2\/media?parent=55"}],"curies":[{"name":"wp","href":"https:\/\/api.w.org\/{rel}","templated":true}]}}