{"id":53,"date":"2024-04-03T08:04:58","date_gmt":"2024-04-03T11:04:58","guid":{"rendered":"http:\/\/pesquisa.ifg.edu.br\/gcite\/?page_id=53"},"modified":"2024-04-05T20:43:27","modified_gmt":"2024-04-05T23:43:27","slug":"marcio-rodrigues-da-cunha-reis","status":"publish","type":"page","link":"https:\/\/pesquisa.ifg.edu.br\/gcite\/membros\/marcio-rodrigues-da-cunha-reis\/","title":{"rendered":"M\u00e1rcio Rodrigues da Cunha Reis"},"content":{"rendered":"<p><img fetchpriority=\"high\" decoding=\"async\" class=\"alignnone size-full wp-image-130\" src=\"http:\/\/pesquisa.ifg.edu.br\/gcite\/wp-content\/uploads\/sites\/28\/2024\/04\/Marcio.png\" alt=\"Marcio\" width=\"200\" height=\"250\" \/><\/p>\n<p>&nbsp;<\/p>\n<p><strong>Orienta\u00e7\u00f5es e supervis\u00f5es<\/strong><\/p>\n<p><strong>Projetos<\/strong><\/p>\n<p><strong>Publica\u00e7\u00f5es<\/strong><\/p>\n<p><strong>Materiais<\/strong><\/p>\n<p><strong>Aulas<\/strong><\/p>\n","protected":false},"excerpt":{"rendered":"<p>&nbsp; Orienta\u00e7\u00f5es e supervis\u00f5es Projetos Publica\u00e7\u00f5es Materiais Aulas<\/p>\n","protected":false},"author":43,"featured_media":0,"parent":8,"menu_order":0,"comment_status":"closed","ping_status":"closed","template":"template-fullwidth.php","meta":{"_monsterinsights_skip_tracking":false,"_monsterinsights_sitenote_active":false,"_monsterinsights_sitenote_note":"","_monsterinsights_sitenote_category":0,"footnotes":""},"class_list":["post-53","page","type-page","status-publish"],"_links":{"self":[{"href":"https:\/\/pesquisa.ifg.edu.br\/gcite\/wp-json\/wp\/v2\/pages\/53"}],"collection":[{"href":"https:\/\/pesquisa.ifg.edu.br\/gcite\/wp-json\/wp\/v2\/pages"}],"about":[{"href":"https:\/\/pesquisa.ifg.edu.br\/gcite\/wp-json\/wp\/v2\/types\/page"}],"author":[{"embeddable":true,"href":"https:\/\/pesquisa.ifg.edu.br\/gcite\/wp-json\/wp\/v2\/users\/43"}],"replies":[{"embeddable":true,"href":"https:\/\/pesquisa.ifg.edu.br\/gcite\/wp-json\/wp\/v2\/comments?post=53"}],"version-history":[{"count":4,"href":"https:\/\/pesquisa.ifg.edu.br\/gcite\/wp-json\/wp\/v2\/pages\/53\/revisions"}],"predecessor-version":[{"id":142,"href":"https:\/\/pesquisa.ifg.edu.br\/gcite\/wp-json\/wp\/v2\/pages\/53\/revisions\/142"}],"up":[{"embeddable":true,"href":"https:\/\/pesquisa.ifg.edu.br\/gcite\/wp-json\/wp\/v2\/pages\/8"}],"wp:attachment":[{"href":"https:\/\/pesquisa.ifg.edu.br\/gcite\/wp-json\/wp\/v2\/media?parent=53"}],"curies":[{"name":"wp","href":"https:\/\/api.w.org\/{rel}","templated":true}]}}