{"id":51,"date":"2024-04-03T08:04:11","date_gmt":"2024-04-03T11:04:11","guid":{"rendered":"http:\/\/pesquisa.ifg.edu.br\/gcite\/?page_id=51"},"modified":"2024-04-05T20:43:16","modified_gmt":"2024-04-05T23:43:16","slug":"marcella-scoczynski-ribeiro-martins","status":"publish","type":"page","link":"https:\/\/pesquisa.ifg.edu.br\/gcite\/membros\/marcella-scoczynski-ribeiro-martins\/","title":{"rendered":"Marcella Scoczynski Ribeiro Martins"},"content":{"rendered":"<p>&nbsp;<\/p>\n<p><img fetchpriority=\"high\" decoding=\"async\" class=\"alignnone size-full wp-image-128\" src=\"http:\/\/pesquisa.ifg.edu.br\/gcite\/wp-content\/uploads\/sites\/28\/2024\/04\/Marcella.png\" alt=\"Marcella\" width=\"200\" height=\"250\" \/><\/p>\n<p>&nbsp;<\/p>\n<p><strong>Orienta\u00e7\u00f5es e supervis\u00f5es<\/strong><\/p>\n<p><strong>Projetos<\/strong><\/p>\n<p><strong>Publica\u00e7\u00f5es<\/strong><\/p>\n<p><strong>Materiais<\/strong><\/p>\n<p><strong>Aulas<\/strong><\/p>\n","protected":false},"excerpt":{"rendered":"<p>&nbsp; &nbsp; Orienta\u00e7\u00f5es e supervis\u00f5es Projetos Publica\u00e7\u00f5es Materiais Aulas<\/p>\n","protected":false},"author":43,"featured_media":0,"parent":8,"menu_order":0,"comment_status":"closed","ping_status":"closed","template":"template-fullwidth.php","meta":{"_monsterinsights_skip_tracking":false,"_monsterinsights_sitenote_active":false,"_monsterinsights_sitenote_note":"","_monsterinsights_sitenote_category":0,"footnotes":""},"class_list":["post-51","page","type-page","status-publish"],"_links":{"self":[{"href":"https:\/\/pesquisa.ifg.edu.br\/gcite\/wp-json\/wp\/v2\/pages\/51"}],"collection":[{"href":"https:\/\/pesquisa.ifg.edu.br\/gcite\/wp-json\/wp\/v2\/pages"}],"about":[{"href":"https:\/\/pesquisa.ifg.edu.br\/gcite\/wp-json\/wp\/v2\/types\/page"}],"author":[{"embeddable":true,"href":"https:\/\/pesquisa.ifg.edu.br\/gcite\/wp-json\/wp\/v2\/users\/43"}],"replies":[{"embeddable":true,"href":"https:\/\/pesquisa.ifg.edu.br\/gcite\/wp-json\/wp\/v2\/comments?post=51"}],"version-history":[{"count":4,"href":"https:\/\/pesquisa.ifg.edu.br\/gcite\/wp-json\/wp\/v2\/pages\/51\/revisions"}],"predecessor-version":[{"id":141,"href":"https:\/\/pesquisa.ifg.edu.br\/gcite\/wp-json\/wp\/v2\/pages\/51\/revisions\/141"}],"up":[{"embeddable":true,"href":"https:\/\/pesquisa.ifg.edu.br\/gcite\/wp-json\/wp\/v2\/pages\/8"}],"wp:attachment":[{"href":"https:\/\/pesquisa.ifg.edu.br\/gcite\/wp-json\/wp\/v2\/media?parent=51"}],"curies":[{"name":"wp","href":"https:\/\/api.w.org\/{rel}","templated":true}]}}