{"id":34,"date":"2024-04-03T07:42:07","date_gmt":"2024-04-03T10:42:07","guid":{"rendered":"http:\/\/pesquisa.ifg.edu.br\/gcite\/?page_id=34"},"modified":"2024-04-05T19:50:53","modified_gmt":"2024-04-05T22:50:53","slug":"wesley-pacheco-calixto","status":"publish","type":"page","link":"https:\/\/pesquisa.ifg.edu.br\/gcite\/membros\/wesley-pacheco-calixto\/","title":{"rendered":"Prof. Wesley Pacheco Calixto, Dr."},"content":{"rendered":"<p><img fetchpriority=\"high\" decoding=\"async\" class=\"alignnone size-full wp-image-67 alignleft\" src=\"http:\/\/pesquisa.ifg.edu.br\/gcite\/wp-content\/uploads\/sites\/28\/2024\/04\/Pacheco.jpeg\" alt=\"Pacheco\" width=\"200\" height=\"250\" \/><\/p>\n<p><strong>Nome em cita\u00e7\u00e3o<\/strong>: Calixto, W. P., Calixto, Wesley P., Calixto, W. Pacheco.<\/p>\n<p>Professor Assistente D4-1 &#8212; Instituto Federal de Goi\u00e1s<\/p>\n<p>Docente Permanente &#8212; Programa de P\u00f3s-Gradua\u00e7\u00e3o em Engenharia El\u00e9trica e de Computa\u00e7\u00e3o, Universidade Federal de Goi\u00e1s<\/p>\n<p><strong>Telefone<\/strong>: + 55 62 992 801 300<\/p>\n<p><strong>E-mail profissional<\/strong>: wpcalixto@ifg.edu.br ou wesley.pacheco@ufg.br<\/p>\n<p><strong>Link do Lattes<\/strong>: <a href=\"http:\/\/lattes.cnpq.br\/9073478192027867\">http:\/\/lattes.cnpq.br\/9073478192027867<\/a><\/p>\n<p><strong>Link para redes sociais<\/strong>: <a href=\"https:\/\/orcid.org\/0000-0002-1928-4432\">https:\/\/orcid.org\/0000-0002-1928-4432<\/a><\/p>\n<p>He has a background in Physics from the Pontifical Catholic University of Goi\u00e1s, a Master&#8217;s degree in Electrical and Computer Engineering from the Federal University of Goi\u00e1s, and a Doctorate in Electrical Engineering from the Federal University of Uberl\u00e2ndia, supplemented by a research period at the University of Coimbra, Portugal. He solidified his academic trajectory with a postdoctoral fellowship in electromagnetic systems modeling at the Visualization and Simulation Centre (VSIM) at Carleton University, Ottawa, Canada. Currently, he is a permanent faculty member of the graduate program in Electrical and Computer Engineering at the Federal University of Goi\u00e1s, a professor at the Federal Institute of Education, Science, and Technology of Goi\u00e1s, a researcher at the Institute of Systems and Robotics at the University of Coimbra, and coordinates the Technology Research and Development Center (GCITE) at the Federal Institute of Goi\u00e1s.<\/p>\n<p>His research focuses on the field of systems modeling, with an emphasis on intelligent systems, optimization processes, computational models, and artificial intelligence. He is committed to being a prominent figure in his field, both in teaching and in promoting scientific dissemination as a fundamental method of learning. He values exploring the frontiers of knowledge and innovation, in an effort to undertake the journey that transforms the future through research and technological development.<\/p>\n<p><strong>Orienta\u00e7\u00f5es e supervis\u00f5es<\/strong><\/p>\n<p><strong>Projetos<\/strong><\/p>\n<p><strong>Publica\u00e7\u00f5es<\/strong><\/p>\n<p><strong>Materiais<\/strong><\/p>\n<p><strong>Aulas<\/strong><\/p>\n","protected":false},"excerpt":{"rendered":"<p>Nome em cita\u00e7\u00e3o: Calixto, W. P., Calixto, Wesley P., Calixto, W. Pacheco. Professor Assistente D4-1 &#8212; Instituto Federal de Goi\u00e1s Docente Permanente &#8212; Programa de P\u00f3s-Gradua\u00e7\u00e3o em Engenharia El\u00e9trica e de Computa\u00e7\u00e3o, Universidade Federal de Goi\u00e1s Telefone: + 55 62 992 801 300 E-mail profissional: wpcalixto@ifg.edu.br ou wesley.pacheco@ufg.br Link do Lattes: http:\/\/lattes.cnpq.br\/9073478192027867 Link para redes &#8230; <a title=\"Prof. Wesley Pacheco Calixto, Dr.\" class=\"read-more\" href=\"https:\/\/pesquisa.ifg.edu.br\/gcite\/membros\/wesley-pacheco-calixto\/\" aria-label=\"Read more about Prof. Wesley Pacheco Calixto, Dr.\">Ler mais<\/a><\/p>\n","protected":false},"author":43,"featured_media":0,"parent":8,"menu_order":0,"comment_status":"closed","ping_status":"closed","template":"template-fullwidth.php","meta":{"_monsterinsights_skip_tracking":false,"_monsterinsights_sitenote_active":false,"_monsterinsights_sitenote_note":"","_monsterinsights_sitenote_category":0,"footnotes":""},"class_list":["post-34","page","type-page","status-publish"],"_links":{"self":[{"href":"https:\/\/pesquisa.ifg.edu.br\/gcite\/wp-json\/wp\/v2\/pages\/34"}],"collection":[{"href":"https:\/\/pesquisa.ifg.edu.br\/gcite\/wp-json\/wp\/v2\/pages"}],"about":[{"href":"https:\/\/pesquisa.ifg.edu.br\/gcite\/wp-json\/wp\/v2\/types\/page"}],"author":[{"embeddable":true,"href":"https:\/\/pesquisa.ifg.edu.br\/gcite\/wp-json\/wp\/v2\/users\/43"}],"replies":[{"embeddable":true,"href":"https:\/\/pesquisa.ifg.edu.br\/gcite\/wp-json\/wp\/v2\/comments?post=34"}],"version-history":[{"count":14,"href":"https:\/\/pesquisa.ifg.edu.br\/gcite\/wp-json\/wp\/v2\/pages\/34\/revisions"}],"predecessor-version":[{"id":90,"href":"https:\/\/pesquisa.ifg.edu.br\/gcite\/wp-json\/wp\/v2\/pages\/34\/revisions\/90"}],"up":[{"embeddable":true,"href":"https:\/\/pesquisa.ifg.edu.br\/gcite\/wp-json\/wp\/v2\/pages\/8"}],"wp:attachment":[{"href":"https:\/\/pesquisa.ifg.edu.br\/gcite\/wp-json\/wp\/v2\/media?parent=34"}],"curies":[{"name":"wp","href":"https:\/\/api.w.org\/{rel}","templated":true}]}}