{"id":23,"date":"2024-02-15T18:05:50","date_gmt":"2024-02-15T21:05:50","guid":{"rendered":"http:\/\/pesquisa.ifg.edu.br\/gcite\/?page_id=23"},"modified":"2024-09-27T17:58:09","modified_gmt":"2024-09-27T20:58:09","slug":"inicio","status":"publish","type":"page","link":"https:\/\/pesquisa.ifg.edu.br\/gcite\/","title":{"rendered":"Fazemos Ci\u00eancia e Tecnologia!"},"content":{"rendered":"<p>Somos um grupo de pesquisadores que\u00a0transforma a pesquisa interdisciplinar em produ\u00e7\u00f5es para\u00a0a comunidade e o setor industrial.<\/p>\n<p>Em n\u00fameros, produzimos:<\/p>\n<ul>\n<li><strong>6<\/strong> publica\u00e7\u00f5es internacionais<strong> por ano<\/strong> (em m\u00e9dia),<\/li>\n<li><strong>4<\/strong> patentes concedidas e <strong>5<\/strong> patentes em an\u00e1lise,<\/li>\n<li><strong>7<\/strong>\u00a0registros de software,<\/li>\n<li><strong>100+<\/strong>\u00a0artigos completos publicados em peri\u00f3dicos,<\/li>\n<li><strong>10+<\/strong> livros,<\/li>\n<li><strong>15+<\/strong> cap\u00edtulos de livro.<\/li>\n<\/ul>\n<p>&nbsp;<\/p>\n<p>&nbsp;<\/p>\n","protected":false},"excerpt":{"rendered":"<p>Somos um grupo de pesquisadores que\u00a0transforma a pesquisa interdisciplinar em produ\u00e7\u00f5es para\u00a0a comunidade e o setor industrial. Em n\u00fameros, produzimos: 6 publica\u00e7\u00f5es internacionais por ano (em m\u00e9dia), 4 patentes concedidas e 5 patentes em an\u00e1lise, 7\u00a0registros de software, 100+\u00a0artigos completos publicados em peri\u00f3dicos, 10+ livros, 15+ cap\u00edtulos de livro. &nbsp; &nbsp;<\/p>\n","protected":false},"author":43,"featured_media":0,"parent":0,"menu_order":0,"comment_status":"closed","ping_status":"closed","template":"","meta":{"_monsterinsights_skip_tracking":false,"_monsterinsights_sitenote_active":false,"_monsterinsights_sitenote_note":"","_monsterinsights_sitenote_category":0,"footnotes":""},"class_list":["post-23","page","type-page","status-publish"],"_links":{"self":[{"href":"https:\/\/pesquisa.ifg.edu.br\/gcite\/wp-json\/wp\/v2\/pages\/23"}],"collection":[{"href":"https:\/\/pesquisa.ifg.edu.br\/gcite\/wp-json\/wp\/v2\/pages"}],"about":[{"href":"https:\/\/pesquisa.ifg.edu.br\/gcite\/wp-json\/wp\/v2\/types\/page"}],"author":[{"embeddable":true,"href":"https:\/\/pesquisa.ifg.edu.br\/gcite\/wp-json\/wp\/v2\/users\/43"}],"replies":[{"embeddable":true,"href":"https:\/\/pesquisa.ifg.edu.br\/gcite\/wp-json\/wp\/v2\/comments?post=23"}],"version-history":[{"count":14,"href":"https:\/\/pesquisa.ifg.edu.br\/gcite\/wp-json\/wp\/v2\/pages\/23\/revisions"}],"predecessor-version":[{"id":196,"href":"https:\/\/pesquisa.ifg.edu.br\/gcite\/wp-json\/wp\/v2\/pages\/23\/revisions\/196"}],"wp:attachment":[{"href":"https:\/\/pesquisa.ifg.edu.br\/gcite\/wp-json\/wp\/v2\/media?parent=23"}],"curies":[{"name":"wp","href":"https:\/\/api.w.org\/{rel}","templated":true}]}}