{"id":15,"date":"2024-02-09T19:21:22","date_gmt":"2024-02-09T22:21:22","guid":{"rendered":"http:\/\/pesquisa.ifg.edu.br\/gcite\/?page_id=15"},"modified":"2024-09-27T16:33:41","modified_gmt":"2024-09-27T19:33:41","slug":"linhas-de-pesquisa","status":"publish","type":"page","link":"https:\/\/pesquisa.ifg.edu.br\/gcite\/linhas-de-pesquisa\/","title":{"rendered":"Linhas de Pesquisa"},"content":{"rendered":"<p><strong>Intelig\u00eancia Artificial<\/strong><\/p>\n<p><strong>Controle e Automa\u00e7\u00e3o de Processos<\/strong><\/p>\n<p><strong>Modelagem, Simula\u00e7\u00e3o e Otimiza\u00e7\u00e3o<\/strong><\/p>\n<p>&nbsp;<\/p>\n<p>&nbsp;<\/p>\n<p>&nbsp;<\/p>\n","protected":false},"excerpt":{"rendered":"<p>Intelig\u00eancia Artificial Controle e Automa\u00e7\u00e3o de Processos Modelagem, Simula\u00e7\u00e3o e Otimiza\u00e7\u00e3o &nbsp; &nbsp; &nbsp;<\/p>\n","protected":false},"author":43,"featured_media":0,"parent":0,"menu_order":0,"comment_status":"closed","ping_status":"closed","template":"","meta":{"_monsterinsights_skip_tracking":false,"_monsterinsights_sitenote_active":false,"_monsterinsights_sitenote_note":"","_monsterinsights_sitenote_category":0,"footnotes":""},"class_list":["post-15","page","type-page","status-publish"],"_links":{"self":[{"href":"https:\/\/pesquisa.ifg.edu.br\/gcite\/wp-json\/wp\/v2\/pages\/15"}],"collection":[{"href":"https:\/\/pesquisa.ifg.edu.br\/gcite\/wp-json\/wp\/v2\/pages"}],"about":[{"href":"https:\/\/pesquisa.ifg.edu.br\/gcite\/wp-json\/wp\/v2\/types\/page"}],"author":[{"embeddable":true,"href":"https:\/\/pesquisa.ifg.edu.br\/gcite\/wp-json\/wp\/v2\/users\/43"}],"replies":[{"embeddable":true,"href":"https:\/\/pesquisa.ifg.edu.br\/gcite\/wp-json\/wp\/v2\/comments?post=15"}],"version-history":[{"count":5,"href":"https:\/\/pesquisa.ifg.edu.br\/gcite\/wp-json\/wp\/v2\/pages\/15\/revisions"}],"predecessor-version":[{"id":194,"href":"https:\/\/pesquisa.ifg.edu.br\/gcite\/wp-json\/wp\/v2\/pages\/15\/revisions\/194"}],"wp:attachment":[{"href":"https:\/\/pesquisa.ifg.edu.br\/gcite\/wp-json\/wp\/v2\/media?parent=15"}],"curies":[{"name":"wp","href":"https:\/\/api.w.org\/{rel}","templated":true}]}}