{"id":65,"date":"2021-12-01T16:48:50","date_gmt":"2021-12-01T19:48:50","guid":{"rendered":"http:\/\/pesquisa.ifg.edu.br\/astrobiologiatemainterdisciplinar\/?page_id=65"},"modified":"2024-05-11T11:49:03","modified_gmt":"2024-05-11T14:49:03","slug":"disciplinas","status":"publish","type":"page","link":"https:\/\/pesquisa.ifg.edu.br\/astrobiologiatemainterdisciplinar\/disciplinas\/","title":{"rendered":"Disciplinas"},"content":{"rendered":"<ul id=\"menu-lista-das-disciplinas\" class=\"menu\">\n<li id=\"menu-item-267\" class=\"menu-item menu-item-type-post_type menu-item-object-page menu-item-267\"><a href=\"https:\/\/pesquisa.ifg.edu.br\/astrobiologiatemainterdisciplinar\/disciplinas\/biologia\/\">Biologia<\/a><\/li>\n<li id=\"menu-item-247\" class=\"menu-item menu-item-type-post_type menu-item-object-page menu-item-247\"><a href=\"https:\/\/pesquisa.ifg.edu.br\/astrobiologiatemainterdisciplinar\/disciplinas\/biologia-vegetal\/\">Biologia Vegetal<\/a><\/li>\n<li id=\"menu-item-263\" class=\"menu-item menu-item-type-post_type menu-item-object-page menu-item-263\"><a href=\"https:\/\/pesquisa.ifg.edu.br\/astrobiologiatemainterdisciplinar\/disciplinas\/bioquimica\/\">Bioqu\u00edmica<\/a><\/li>\n<li id=\"menu-item-138\" class=\"menu-item menu-item-type-post_type menu-item-object-page menu-item-138\"><a href=\"https:\/\/pesquisa.ifg.edu.br\/astrobiologiatemainterdisciplinar\/disciplinas\/biotecnologia-de-alimentos\/\">Biotecnologia de Alimentos<\/a><\/li>\n<li id=\"menu-item-266\" class=\"menu-item menu-item-type-post_type menu-item-object-page menu-item-266\"><a href=\"https:\/\/pesquisa.ifg.edu.br\/astrobiologiatemainterdisciplinar\/disciplinas\/controle-de-qualidade\/\">Controle de Qualidade<\/a><\/li>\n<li id=\"menu-item-125\" class=\"menu-item menu-item-type-post_type menu-item-object-page menu-item-125\"><a href=\"https:\/\/pesquisa.ifg.edu.br\/astrobiologiatemainterdisciplinar\/disciplinas\/fisiologia-e-biotecnologia-vegetal\/\">Fisiologia e Biotecnologia Vegetal<\/a><\/li>\n<li id=\"menu-item-136\" class=\"menu-item menu-item-type-post_type menu-item-object-page menu-item-136\"><a href=\"https:\/\/pesquisa.ifg.edu.br\/astrobiologiatemainterdisciplinar\/disciplinas\/fisica\/\">F\u00edsica<\/a><\/li>\n<li id=\"menu-item-204\" class=\"menu-item menu-item-type-post_type menu-item-object-page menu-item-204\"><a href=\"https:\/\/pesquisa.ifg.edu.br\/astrobiologiatemainterdisciplinar\/disciplinas\/genetica\/\">Gen\u00e9tica<\/a><\/li>\n<li id=\"menu-item-137\" class=\"menu-item menu-item-type-post_type menu-item-object-page menu-item-137\"><a href=\"https:\/\/pesquisa.ifg.edu.br\/astrobiologiatemainterdisciplinar\/disciplinas\/geografia\/\">Geografia<\/a><\/li>\n<li id=\"menu-item-232\" class=\"menu-item menu-item-type-post_type menu-item-object-page menu-item-232\"><a href=\"https:\/\/pesquisa.ifg.edu.br\/astrobiologiatemainterdisciplinar\/disciplinas\/historia\/\">Hist\u00f3ria<\/a><\/li>\n<li id=\"menu-item-123\" class=\"menu-item menu-item-type-post_type menu-item-object-page menu-item-123\"><a href=\"https:\/\/pesquisa.ifg.edu.br\/astrobiologiatemainterdisciplinar\/disciplinas\/introducao-aos-compostos-organicos\/\">Introdu\u00e7\u00e3o aos compostos org\u00e2nicos<\/a><\/li>\n<li id=\"menu-item-246\" class=\"menu-item menu-item-type-post_type menu-item-object-page menu-item-246\"><a href=\"https:\/\/pesquisa.ifg.edu.br\/astrobiologiatemainterdisciplinar\/disciplinas\/linguagens-e-arte\/\">Linguagens e Arte<\/a><\/li>\n<li id=\"menu-item-124\" class=\"menu-item menu-item-type-post_type menu-item-object-page menu-item-124\"><a href=\"https:\/\/pesquisa.ifg.edu.br\/astrobiologiatemainterdisciplinar\/disciplinas\/metodos-de-extracao-separacao-e-purificacao-de-bioprodutos\/\">M\u00e9todos de Extra\u00e7\u00e3o, Separa\u00e7\u00e3o e Purifica\u00e7\u00e3o de Bioprodutos<\/a><\/li>\n<li id=\"menu-item-264\" class=\"menu-item menu-item-type-post_type menu-item-object-page menu-item-264\"><a href=\"https:\/\/pesquisa.ifg.edu.br\/astrobiologiatemainterdisciplinar\/disciplinas\/microbiologia\/\">Microbiologia<\/a><\/li>\n<li id=\"menu-item-122\" class=\"menu-item menu-item-type-post_type menu-item-object-page menu-item-122\"><a href=\"https:\/\/pesquisa.ifg.edu.br\/astrobiologiatemainterdisciplinar\/disciplinas\/quimica\/\">Qu\u00edmica<\/a><\/li>\n<li id=\"menu-item-245\" class=\"menu-item menu-item-type-post_type menu-item-object-page menu-item-245\"><a href=\"https:\/\/pesquisa.ifg.edu.br\/astrobiologiatemainterdisciplinar\/disciplinas\/sociologia\/\">Sociologia<\/a><\/li>\n<li id=\"menu-item-265\" class=\"menu-item menu-item-type-post_type menu-item-object-page menu-item-265\"><a href=\"https:\/\/pesquisa.ifg.edu.br\/astrobiologiatemainterdisciplinar\/disciplinas\/tecnologia-de-fermentacoes\/\">Tecnologia de Fermenta\u00e7\u00f5es<\/a><\/li>\n<\/ul>\n<p><a href=\"http:\/\/pesquisa.ifg.edu.br\/astrobiologiatemainterdisciplinar\/disciplinas\/biotecnologia-de-alimentos\/\"><img decoding=\"async\" class=\"alignnone\" title=\"Biotecnologia de Alimentos\" src=\"http:\/\/pesquisa.ifg.edu.br\/astrobiologiatemainterdisciplinar\/wp-content\/uploads\/sites\/19\/2021\/12\/Biotecnologia-de-Alimentos.png\" alt=\"Biotecnologia de Alimentos\" width=\"250\" \/><\/a><\/p>\n<p><a href=\"http:\/\/pesquisa.ifg.edu.br\/astrobiologiatemainterdisciplinar\/disciplinas\/fisica\/\"><img decoding=\"async\" class=\"alignnone\" title=\"F\u00edsica\" src=\"http:\/\/pesquisa.ifg.edu.br\/astrobiologiatemainterdisciplinar\/wp-content\/uploads\/sites\/19\/2021\/12\/F\u00edsica.png\" alt=\"F\u00edsica\" width=\"250\" \/><\/a><\/p>\n<p><a href=\"http:\/\/pesquisa.ifg.edu.br\/astrobiologiatemainterdisciplinar\/fisiologia-e-biotecnologia-vegetal\/\"><img decoding=\"async\" class=\"alignnone\" title=\"Fisiologia e Biotecnologia Vegetal\" src=\"http:\/\/pesquisa.ifg.edu.br\/astrobiologiatemainterdisciplinar\/wp-content\/uploads\/sites\/19\/2021\/12\/Fisiologia-vegetal.png\" alt=\"Fisiologia vegetal\" width=\"250\" \/><\/a><\/p>\n<p><a href=\"http:\/\/pesquisa.ifg.edu.br\/astrobiologiatemainterdisciplinar\/disciplinas\/genetica\/\"><img decoding=\"async\" class=\"alignnone\" title=\"Gen\u00e9tica\" src=\"http:\/\/pesquisa.ifg.edu.br\/astrobiologiatemainterdisciplinar\/wp-content\/uploads\/sites\/19\/2021\/12\/genetica-1.png\" alt=\"Gen\u00e9tica\" width=\"250\" \/><\/a><\/p>\n<p><a href=\"http:\/\/pesquisa.ifg.edu.br\/astrobiologiatemainterdisciplinar\/disciplinas\/geografia\/\"><img decoding=\"async\" class=\"alignnone\" title=\"Geografia\" src=\"http:\/\/pesquisa.ifg.edu.br\/astrobiologiatemainterdisciplinar\/wp-content\/uploads\/sites\/19\/2021\/12\/Geografia.png\" alt=\"Geografia\" width=\"250\" \/><\/a><\/p>\n<p><a href=\"http:\/\/pesquisa.ifg.edu.br\/astrobiologiatemainterdisciplinar\/disciplinas\/introducao-aos-compostos-organicos\/\"><img decoding=\"async\" class=\"alignnone\" title=\"Introdu\u00e7\u00e3o ao Estudo dos Compostos Org\u00e2nicos\" src=\"http:\/\/pesquisa.ifg.edu.br\/astrobiologiatemainterdisciplinar\/wp-content\/uploads\/sites\/19\/2021\/12\/Compostos-org\u00e2nicos.png\" alt=\"Introdu\u00e7\u00e3o ao Estudo dos Compostos Org\u00e2nicos\" width=\"250\" \/><\/a><\/p>\n<p><a href=\"http:\/\/pesquisa.ifg.edu.br\/astrobiologiatemainterdisciplinar\/disciplinas\/metodos-de-extracao-separacao-e-purificacao-de-bioprodutos\/\"><img decoding=\"async\" class=\"alignnone\" title=\"M\u00e9todos de Extra\u00e7\u00e3o, Separa\u00e7\u00e3o e Purifica\u00e7\u00e3o de Bioprodutos\" src=\"http:\/\/pesquisa.ifg.edu.br\/astrobiologiatemainterdisciplinar\/wp-content\/uploads\/sites\/19\/2021\/12\/Separa\u00e7\u00e3o-de-bioprodutos.png\" alt=\"M\u00e9todos de Extra\u00e7\u00e3o, Separa\u00e7\u00e3o e Purifica\u00e7\u00e3o de Bioprodutos\" width=\"250\" \/><\/a><\/p>\n","protected":false},"excerpt":{"rendered":"<p>Biologia Biologia Vegetal Bioqu\u00edmica Biotecnologia de Alimentos Controle de Qualidade Fisiologia e Biotecnologia Vegetal F\u00edsica Gen\u00e9tica Geografia Hist\u00f3ria Introdu\u00e7\u00e3o aos compostos org\u00e2nicos Linguagens e Arte M\u00e9todos de Extra\u00e7\u00e3o, Separa\u00e7\u00e3o e Purifica\u00e7\u00e3o de Bioprodutos Microbiologia Qu\u00edmica Sociologia Tecnologia de Fermenta\u00e7\u00f5es<\/p>\n","protected":false},"author":56,"featured_media":0,"parent":0,"menu_order":0,"comment_status":"closed","ping_status":"closed","template":"","meta":{"_monsterinsights_skip_tracking":false,"_monsterinsights_sitenote_active":false,"_monsterinsights_sitenote_note":"","_monsterinsights_sitenote_category":0,"footnotes":""},"class_list":["post-65","page","type-page","status-publish","hentry"],"_links":{"self":[{"href":"https:\/\/pesquisa.ifg.edu.br\/astrobiologiatemainterdisciplinar\/wp-json\/wp\/v2\/pages\/65"}],"collection":[{"href":"https:\/\/pesquisa.ifg.edu.br\/astrobiologiatemainterdisciplinar\/wp-json\/wp\/v2\/pages"}],"about":[{"href":"https:\/\/pesquisa.ifg.edu.br\/astrobiologiatemainterdisciplinar\/wp-json\/wp\/v2\/types\/page"}],"author":[{"embeddable":true,"href":"https:\/\/pesquisa.ifg.edu.br\/astrobiologiatemainterdisciplinar\/wp-json\/wp\/v2\/users\/56"}],"replies":[{"embeddable":true,"href":"https:\/\/pesquisa.ifg.edu.br\/astrobiologiatemainterdisciplinar\/wp-json\/wp\/v2\/comments?post=65"}],"version-history":[{"count":31,"href":"https:\/\/pesquisa.ifg.edu.br\/astrobiologiatemainterdisciplinar\/wp-json\/wp\/v2\/pages\/65\/revisions"}],"predecessor-version":[{"id":338,"href":"https:\/\/pesquisa.ifg.edu.br\/astrobiologiatemainterdisciplinar\/wp-json\/wp\/v2\/pages\/65\/revisions\/338"}],"wp:attachment":[{"href":"https:\/\/pesquisa.ifg.edu.br\/astrobiologiatemainterdisciplinar\/wp-json\/wp\/v2\/media?parent=65"}],"curies":[{"name":"wp","href":"https:\/\/api.w.org\/{rel}","templated":true}]}}