{"id":62,"date":"2021-12-01T16:45:49","date_gmt":"2021-12-01T19:45:49","guid":{"rendered":"http:\/\/pesquisa.ifg.edu.br\/astrobiologiatemainterdisciplinar\/?page_id=62"},"modified":"2021-12-01T19:02:41","modified_gmt":"2021-12-01T22:02:41","slug":"producoes","status":"publish","type":"page","link":"https:\/\/pesquisa.ifg.edu.br\/astrobiologiatemainterdisciplinar\/producoes\/","title":{"rendered":"Produ\u00e7\u00f5es"},"content":{"rendered":"<p>Aqui voc\u00ea encontra os trabalhos publicados ao longo do projeto.<\/p>\n<hr \/>\n<p><a href=\"http:\/\/revistas.ifg.edu.br\/semlic\/article\/view\/1127\" target=\"_blank\" rel=\"noopener\">Astrobiologia como um tema motivador interdisciplinar &#8211; SEMLIC &#8211; Jata\u00ed 2020-2021<\/a><\/p>\n<p class=\"\">Citar como: LOPES, D.; SANT&#8217;ANA, G.; GANDARA, L. Astrobiologia como um tema motivador interdisciplinar. In: SEMANA DA LICENCIATURA, 1(1), 2021, Jata\u00ed. <strong>Anais eletr\u00f4nicos..<\/strong>. Jata\u00ed: IFG, 2021, p. 334-339. Dispon\u00edvel em: http:\/\/revistas.ifg.edu.br\/semlic\/article\/view\/1127.<\/p>\n<p>&nbsp;<\/p>\n","protected":false},"excerpt":{"rendered":"<p>Aqui voc\u00ea encontra os trabalhos publicados ao longo do projeto. Astrobiologia como um tema motivador interdisciplinar &#8211; SEMLIC &#8211; Jata\u00ed 2020-2021 Citar como: LOPES, D.; SANT&#8217;ANA, G.; GANDARA, L. Astrobiologia como um tema motivador interdisciplinar. In: SEMANA DA LICENCIATURA, 1(1), 2021, Jata\u00ed. Anais eletr\u00f4nicos&#8230; Jata\u00ed: IFG, 2021, p. 334-339. Dispon\u00edvel em: http:\/\/revistas.ifg.edu.br\/semlic\/article\/view\/1127. &nbsp;<\/p>\n","protected":false},"author":56,"featured_media":0,"parent":0,"menu_order":0,"comment_status":"closed","ping_status":"closed","template":"","meta":{"_monsterinsights_skip_tracking":false,"_monsterinsights_sitenote_active":false,"_monsterinsights_sitenote_note":"","_monsterinsights_sitenote_category":0,"footnotes":""},"class_list":["post-62","page","type-page","status-publish","hentry"],"_links":{"self":[{"href":"https:\/\/pesquisa.ifg.edu.br\/astrobiologiatemainterdisciplinar\/wp-json\/wp\/v2\/pages\/62"}],"collection":[{"href":"https:\/\/pesquisa.ifg.edu.br\/astrobiologiatemainterdisciplinar\/wp-json\/wp\/v2\/pages"}],"about":[{"href":"https:\/\/pesquisa.ifg.edu.br\/astrobiologiatemainterdisciplinar\/wp-json\/wp\/v2\/types\/page"}],"author":[{"embeddable":true,"href":"https:\/\/pesquisa.ifg.edu.br\/astrobiologiatemainterdisciplinar\/wp-json\/wp\/v2\/users\/56"}],"replies":[{"embeddable":true,"href":"https:\/\/pesquisa.ifg.edu.br\/astrobiologiatemainterdisciplinar\/wp-json\/wp\/v2\/comments?post=62"}],"version-history":[{"count":14,"href":"https:\/\/pesquisa.ifg.edu.br\/astrobiologiatemainterdisciplinar\/wp-json\/wp\/v2\/pages\/62\/revisions"}],"predecessor-version":[{"id":119,"href":"https:\/\/pesquisa.ifg.edu.br\/astrobiologiatemainterdisciplinar\/wp-json\/wp\/v2\/pages\/62\/revisions\/119"}],"wp:attachment":[{"href":"https:\/\/pesquisa.ifg.edu.br\/astrobiologiatemainterdisciplinar\/wp-json\/wp\/v2\/media?parent=62"}],"curies":[{"name":"wp","href":"https:\/\/api.w.org\/{rel}","templated":true}]}}